{"id":58504,"date":"2023-05-24T17:55:58","date_gmt":"2023-05-24T17:55:58","guid":{"rendered":"https:\/\/skinstudio.ee\/?post_type=product&#038;p=58504"},"modified":"2025-12-29T09:38:57","modified_gmt":"2025-12-29T09:38:57","slug":"lipid-balance-cleansing-oil","status":"publish","type":"product","link":"https:\/\/skinstudio.ee\/lv\/catalog\/medik8-lv\/lipid-balance-cleansing-oil\/","title":{"rendered":"Lipid-Balance Cleansing Oil\u2122"},"content":{"rendered":"<p data-start=\"128\" data-end=\"477\">Uzturo\u0161\u0101 formula <strong data-start=\"152\" data-end=\"193\">MEDIK8 &#8211; Lipid-Balance Cleansing Oil\u2122<\/strong> ir izstr\u0101d\u0101ta r\u016bp\u012bgai, bet maigai \u0101das att\u012br\u012b\u0161anai, nesaboj\u0101jot t\u0101s dabisko l\u012bdzsvaru. E\u013c\u013ca efekt\u012bvi \u0161\u0137\u012bdina ar\u012b \u016bdensnotur\u012bgu kosm\u0113tiku un net\u012brumus, atst\u0101jot \u0101du maigu, mitrin\u0101tu un gludu. Optim\u0101la b\u016btisko lip\u012bdu attiec\u012bba pal\u012bdz atjaunot aizsargbarjeru un nov\u0113r\u0161 sausuma saj\u016btu.<\/p>\n<p data-start=\"479\" data-end=\"770\">E\u013c\u013ca ar E vitam\u012bnu bag\u0101tina \u0101du ar antioksidantiem, aizsarg\u0101 no apk\u0101rt\u0113j\u0101s vides ietekmes un atjauno vesel\u012bgu mirdzumu. Piem\u0113rota visiem \u0101das tipiem, tostarp jut\u012bgai \u0101dai. Ide\u0101li sagatavo \u0101du turpm\u0101kai kop\u0161anai, nodro\u0161inot t\u012br\u012bbas, svaiguma un komforta saj\u016btu p\u0113c katras lieto\u0161anas reizes.<\/p>\n<p data-start=\"772\" data-end=\"793\"><strong data-start=\"772\" data-end=\"784\">Tilpums:<\/strong> 140 ml<\/p>\n","protected":false},"excerpt":{"rendered":"<p data-start=\"951\" data-end=\"998\">Att\u012bro\u0161a, mitrino\u0161a un atjaunojo\u0161a sejas e\u013c\u013ca<\/p>\n<h2 data-start=\"1000\" data-end=\"1239\"><strong data-start=\"1000\" data-end=\"1050\">\u012apa\u0161\u012bbas MEDIK8 &#8211; Lipid-Balance Cleansing Oil\u2122<\/strong><\/h2>\n<p data-start=\"1000\" data-end=\"1239\">\u2714\ufe0f Efekt\u012bvi no\u0146em kosm\u0113tiku un net\u012brumus<br data-start=\"1093\" data-end=\"1096\" \/>\u2714\ufe0f Uztur optim\u0101lu \u0101das mitruma l\u012bmeni<br data-start=\"1133\" data-end=\"1136\" \/>\u2714\ufe0f Atjauno lip\u012bdu barjeru<br data-start=\"1161\" data-end=\"1164\" \/>\u2714\ufe0f Padara \u0101du maigu un elast\u012bgu<br data-start=\"1195\" data-end=\"1198\" \/>\u2714\ufe0f Nodro\u0161ina t\u012br\u012bbas un svaiguma saj\u016btu<\/p>\n","protected":false},"featured_media":63090,"template":"","meta":[],"pwb-brand":[1205],"product_brand":[],"product_cat":[715,745,749,739],"product_tag":[],"giftcard-category":[],"class_list":{"0":"post-58504","1":"product","2":"type-product","3":"status-publish","4":"has-post-thumbnail","6":"pwb-brand-medik8-lv","7":"product_cat-attirisana","8":"product_cat-jutigai-adai","9":"product_cat-novecojosa-ada","10":"product_cat-sausai-adai","12":"first","13":"instock","14":"taxable","15":"shipping-taxable","16":"purchasable","17":"product-type-simple"},"acf":[],"brands":[{"id":1205,"name":"Medik8","slug":"medik8-lv"}],"_links":{"self":[{"href":"https:\/\/skinstudio.ee\/lv\/wp-json\/wp\/v2\/product\/58504","targetHints":{"allow":["GET"]}}],"collection":[{"href":"https:\/\/skinstudio.ee\/lv\/wp-json\/wp\/v2\/product"}],"about":[{"href":"https:\/\/skinstudio.ee\/lv\/wp-json\/wp\/v2\/types\/product"}],"version-history":[{"count":0,"href":"https:\/\/skinstudio.ee\/lv\/wp-json\/wp\/v2\/product\/58504\/revisions"}],"wp:featuredmedia":[{"embeddable":true,"href":"https:\/\/skinstudio.ee\/lv\/wp-json\/wp\/v2\/media\/63090"}],"wp:attachment":[{"href":"https:\/\/skinstudio.ee\/lv\/wp-json\/wp\/v2\/media?parent=58504"}],"wp:term":[{"taxonomy":"pwb-brand","embeddable":true,"href":"https:\/\/skinstudio.ee\/lv\/wp-json\/wp\/v2\/pwb-brand?post=58504"},{"taxonomy":"product_brand","embeddable":true,"href":"https:\/\/skinstudio.ee\/lv\/wp-json\/wp\/v2\/product_brand?post=58504"},{"taxonomy":"product_cat","embeddable":true,"href":"https:\/\/skinstudio.ee\/lv\/wp-json\/wp\/v2\/product_cat?post=58504"},{"taxonomy":"product_tag","embeddable":true,"href":"https:\/\/skinstudio.ee\/lv\/wp-json\/wp\/v2\/product_tag?post=58504"},{"taxonomy":"giftcard-category","embeddable":true,"href":"https:\/\/skinstudio.ee\/lv\/wp-json\/wp\/v2\/giftcard-category?post=58504"}],"curies":[{"name":"wp","href":"https:\/\/api.w.org\/{rel}","templated":true}]}}