{"id":58514,"date":"2023-05-24T17:55:58","date_gmt":"2023-05-24T17:55:58","guid":{"rendered":"https:\/\/skinstudio.ee\/?post_type=product&#038;p=58514"},"modified":"2026-02-19T13:38:46","modified_gmt":"2026-02-19T13:38:46","slug":"micellar-mousse","status":"publish","type":"product","link":"https:\/\/skinstudio.ee\/lv\/catalog\/medik8-lv\/micellar-mousse\/","title":{"rendered":"Micellar Mousse\u2122"},"content":{"rendered":"<p data-start=\"486\" data-end=\"802\">Att\u012bro\u0161\u0101s micellas <strong data-start=\"521\" data-end=\"541\">Micellar Mousse\u2122<\/strong> sast\u0101v\u0101, bag\u0101tin\u0101tas ar barojo\u0161u ol\u012bve\u013c\u013cu, saudz\u012bgi likvid\u0113 net\u012brumus un lieko sebumu, vienlaikus saglab\u0101jot \u0101das dabisko mitruma l\u012bdzsvaru. Anti-pies\u0101r\u0146ojuma tehnolo\u0123ija pal\u012bdz att\u012br\u012bt \u0101du no mikroda\u013ci\u0146\u0101m un pasarg\u0101 to no apk\u0101rt\u0113j\u0101s vides kait\u012bg\u0101s ietekmes.<\/p>\n<p data-start=\"804\" data-end=\"1070\">Bag\u0101t\u012bg\u0101, kr\u0113m\u012bg\u0101 tekst\u016bra, saskaroties ar \u016bdeni, p\u0101rv\u0113r\u0161as viegl\u0101, gais\u012bg\u0101 put\u0101s, padarot \u0101du t\u012bru, svaigu un komfortablu. Produkts nav j\u0101lieto ar vates diskiem, tas ir piem\u0113rots visiem \u0101das tipiem, tostarp jut\u012bgai \u0101dai, un ide\u0101li sagatavo \u0101du turpm\u0101kai kop\u0161anai.<\/p>\n<p data-start=\"1072\" data-end=\"1093\"><strong data-start=\"1072\" data-end=\"1084\">Tilpums:<\/strong> 40 ml \/ 150 ml<\/p>\n","protected":false},"excerpt":{"rendered":"<p data-start=\"132\" data-end=\"182\">\u012apa\u0161i maigs, mitrino\u0161s att\u012bro\u0161s l\u012bdzeklis<\/p>\n<h2 data-start=\"184\" data-end=\"434\"><strong data-start=\"184\" data-end=\"222\">\u012apa\u0161\u012bbas MEDIK8 &#8211; Micellar Mousse\u2122<\/strong><\/h2>\n<p data-start=\"184\" data-end=\"434\">\u2714\ufe0f Nekav\u0113joties no\u0146em kosm\u0113tiku un net\u012brumus<br data-start=\"269\" data-end=\"272\" \/>\u2714\ufe0f Padara \u0101du maigu, gludu un mitrin\u0101tu<br data-start=\"311\" data-end=\"314\" \/>\u2714\ufe0f Saglab\u0101 dabisko \u0101das barjeru un l\u012bdzsvaru<br data-start=\"358\" data-end=\"361\" \/>\u2714\ufe0f Nodro\u0161ina svaiguma un t\u012br\u012bbas saj\u016btu<br data-start=\"400\" data-end=\"403\" \/>\u2714\ufe0f Piem\u0113rots ar\u012b jut\u012bgai \u0101dai<\/p>\n","protected":false},"featured_media":63080,"template":"","meta":[],"pwb-brand":[1205],"product_brand":[],"product_cat":[715,741,745,739,747,753],"product_tag":[],"giftcard-category":[],"class_list":{"0":"post-58514","1":"product","2":"type-product","3":"status-publish","4":"has-post-thumbnail","6":"pwb-brand-medik8-lv","7":"product_cat-attirisana","8":"product_cat-izsitumi","9":"product_cat-jutigai-adai","10":"product_cat-sausai-adai","11":"product_cat-taukainai-adai","12":"product_cat-travel-size-lv","13":"pa_suurus-150ml-lv","14":"pa_suurus-40ml-lv","16":"first","17":"instock","18":"taxable","19":"shipping-taxable","20":"purchasable","21":"product-type-variable"},"acf":[],"brands":[{"id":1205,"name":"Medik8","slug":"medik8-lv"}],"_links":{"self":[{"href":"https:\/\/skinstudio.ee\/lv\/wp-json\/wp\/v2\/product\/58514","targetHints":{"allow":["GET"]}}],"collection":[{"href":"https:\/\/skinstudio.ee\/lv\/wp-json\/wp\/v2\/product"}],"about":[{"href":"https:\/\/skinstudio.ee\/lv\/wp-json\/wp\/v2\/types\/product"}],"version-history":[{"count":1,"href":"https:\/\/skinstudio.ee\/lv\/wp-json\/wp\/v2\/product\/58514\/revisions"}],"predecessor-version":[{"id":82597,"href":"https:\/\/skinstudio.ee\/lv\/wp-json\/wp\/v2\/product\/58514\/revisions\/82597"}],"wp:featuredmedia":[{"embeddable":true,"href":"https:\/\/skinstudio.ee\/lv\/wp-json\/wp\/v2\/media\/63080"}],"wp:attachment":[{"href":"https:\/\/skinstudio.ee\/lv\/wp-json\/wp\/v2\/media?parent=58514"}],"wp:term":[{"taxonomy":"pwb-brand","embeddable":true,"href":"https:\/\/skinstudio.ee\/lv\/wp-json\/wp\/v2\/pwb-brand?post=58514"},{"taxonomy":"product_brand","embeddable":true,"href":"https:\/\/skinstudio.ee\/lv\/wp-json\/wp\/v2\/product_brand?post=58514"},{"taxonomy":"product_cat","embeddable":true,"href":"https:\/\/skinstudio.ee\/lv\/wp-json\/wp\/v2\/product_cat?post=58514"},{"taxonomy":"product_tag","embeddable":true,"href":"https:\/\/skinstudio.ee\/lv\/wp-json\/wp\/v2\/product_tag?post=58514"},{"taxonomy":"giftcard-category","embeddable":true,"href":"https:\/\/skinstudio.ee\/lv\/wp-json\/wp\/v2\/giftcard-category?post=58514"}],"curies":[{"name":"wp","href":"https:\/\/api.w.org\/{rel}","templated":true}]}}