{"id":58524,"date":"2023-05-24T17:55:58","date_gmt":"2023-05-24T17:55:58","guid":{"rendered":"https:\/\/skinstudio.ee\/?post_type=product&#038;p=58524"},"modified":"2026-02-19T13:36:09","modified_gmt":"2026-02-19T13:36:09","slug":"gentle-cleanse","status":"publish","type":"product","link":"https:\/\/skinstudio.ee\/lv\/catalog\/medik8-lv\/gentle-cleanse\/","title":{"rendered":"Gentle Cleanse\u2122"},"content":{"rendered":"<p data-start=\"484\" data-end=\"750\"><strong data-start=\"500\" data-end=\"528\">MEDIK8 &#8211; Gentle Cleanse\u2122<\/strong> formula ar sabalans\u0113tu pH ir izstr\u0101d\u0101ta maigai, bet efekt\u012bvai \u0101das att\u012br\u012b\u0161anai, saglab\u0101jot t\u0101s dabisko l\u012bdzsvaru. Vieglas putas saudz\u012bgi no\u0146em kosm\u0113tiku, net\u012brumus un lieko sebumu, atst\u0101jot \u0101du t\u012bru, gludu un mitrin\u0101tu.<\/p>\n<p data-start=\"752\" data-end=\"994\">Rozmar\u012bna ekstrakts nodro\u0161ina antioksidantu aizsardz\u012bbu, atsvaidzina \u0101du un pal\u012bdz tai atjaunoties p\u0113c ikdienas vides ietekmes. Putas nesatur sulf\u0101tus un ziepes, t\u0101p\u0113c nerada kairin\u0101jumu vai sausumu un ir piem\u0113rotas pat visjut\u012bg\u0101kajai \u0101dai.<\/p>\n<p data-start=\"996\" data-end=\"1188\">Gais\u012bg\u0101 tekst\u016bra p\u0101rv\u0113r\u0161as maig\u0101s put\u0101s, kas atst\u0101j \u0101du svaigu un komfortablu p\u0113c katras lieto\u0161anas reizes. Ide\u0101li piem\u0113rots lieto\u0161anai no r\u012bta un vakar\u0101, sagatavojot \u0101du turpm\u0101kai kop\u0161anai.<\/p>\n<p data-start=\"1190\" data-end=\"1211\"><strong data-start=\"1190\" data-end=\"1202\">Tilpums:<\/strong> 40 ml \/ 150 ml<\/p>\n","protected":false},"excerpt":{"rendered":"<p data-start=\"142\" data-end=\"181\">Maiga rozmar\u012bna att\u012bro\u0161\u0101 putas<\/p>\n<h2 data-start=\"183\" data-end=\"433\"><strong data-start=\"183\" data-end=\"220\">\u012apa\u0161\u012bbas MEDIK8 &#8211; Gentle Cleanse\u2122<\/strong><\/h2>\n<p data-start=\"183\" data-end=\"433\">\u2714\ufe0f Maigi att\u012bra no net\u012brumiem un liek\u0101 sebuma<br data-start=\"268\" data-end=\"271\" \/>\u2714\ufe0f Nomierina un mitrina \u0101du<br data-start=\"298\" data-end=\"301\" \/>\u2714\ufe0f Samazina kairin\u0101jumu un sausuma saj\u016btu<br data-start=\"342\" data-end=\"345\" \/>\u2714\ufe0f Efekt\u012bvi att\u012bra, nesaboj\u0101jot mitruma l\u012bdzsvaru<br data-start=\"394\" data-end=\"397\" \/>\u2714\ufe0f Piem\u0113rots ar\u012b \u013coti jut\u012bgai \u0101dai<\/p>\n<p data-start=\"435\" data-end=\"482\">\n","protected":false},"featured_media":63075,"template":"","meta":[],"pwb-brand":[1205],"product_brand":[],"product_cat":[715,741,745,739,753],"product_tag":[],"giftcard-category":[],"class_list":{"0":"post-58524","1":"product","2":"type-product","3":"status-publish","4":"has-post-thumbnail","6":"pwb-brand-medik8-lv","7":"product_cat-attirisana","8":"product_cat-izsitumi","9":"product_cat-jutigai-adai","10":"product_cat-sausai-adai","11":"product_cat-travel-size-lv","12":"pa_suurus-150ml-lv","13":"pa_suurus-40ml-lv","15":"first","16":"instock","17":"sale","18":"taxable","19":"shipping-taxable","20":"purchasable","21":"product-type-variable"},"acf":[],"brands":[{"id":1205,"name":"Medik8","slug":"medik8-lv"}],"_links":{"self":[{"href":"https:\/\/skinstudio.ee\/lv\/wp-json\/wp\/v2\/product\/58524","targetHints":{"allow":["GET"]}}],"collection":[{"href":"https:\/\/skinstudio.ee\/lv\/wp-json\/wp\/v2\/product"}],"about":[{"href":"https:\/\/skinstudio.ee\/lv\/wp-json\/wp\/v2\/types\/product"}],"version-history":[{"count":1,"href":"https:\/\/skinstudio.ee\/lv\/wp-json\/wp\/v2\/product\/58524\/revisions"}],"predecessor-version":[{"id":82577,"href":"https:\/\/skinstudio.ee\/lv\/wp-json\/wp\/v2\/product\/58524\/revisions\/82577"}],"wp:featuredmedia":[{"embeddable":true,"href":"https:\/\/skinstudio.ee\/lv\/wp-json\/wp\/v2\/media\/63075"}],"wp:attachment":[{"href":"https:\/\/skinstudio.ee\/lv\/wp-json\/wp\/v2\/media?parent=58524"}],"wp:term":[{"taxonomy":"pwb-brand","embeddable":true,"href":"https:\/\/skinstudio.ee\/lv\/wp-json\/wp\/v2\/pwb-brand?post=58524"},{"taxonomy":"product_brand","embeddable":true,"href":"https:\/\/skinstudio.ee\/lv\/wp-json\/wp\/v2\/product_brand?post=58524"},{"taxonomy":"product_cat","embeddable":true,"href":"https:\/\/skinstudio.ee\/lv\/wp-json\/wp\/v2\/product_cat?post=58524"},{"taxonomy":"product_tag","embeddable":true,"href":"https:\/\/skinstudio.ee\/lv\/wp-json\/wp\/v2\/product_tag?post=58524"},{"taxonomy":"giftcard-category","embeddable":true,"href":"https:\/\/skinstudio.ee\/lv\/wp-json\/wp\/v2\/giftcard-category?post=58524"}],"curies":[{"name":"wp","href":"https:\/\/api.w.org\/{rel}","templated":true}]}}