{"id":58533,"date":"2023-05-24T17:55:58","date_gmt":"2023-05-24T17:55:58","guid":{"rendered":"https:\/\/skinstudio.ee\/?post_type=product&#038;p=58533"},"modified":"2026-02-19T13:32:23","modified_gmt":"2026-02-19T13:32:23","slug":"surface-radiance-cleanse","status":"publish","type":"product","link":"https:\/\/skinstudio.ee\/lv\/catalog\/medik8\/surface-radiance-cleanse\/","title":{"rendered":"Surface Radiance Cleanse"},"content":{"rendered":"<p data-start=\"537\" data-end=\"847\"><strong data-start=\"537\" data-end=\"565\">Surface Radiance Cleanse<\/strong> formula apvieno mande\u013csk\u0101bes, piensk\u0101bes un salicilsk\u0101bes eksfoli\u0113jo\u0161o kompleksu ar mitrino\u0161u glicer\u012bnu, nodro\u0161inot dzi\u013cu, bet saudz\u012bgu att\u012br\u012b\u0161anu bez sausuma vai kairin\u0101juma. T\u0101 efekt\u012bvi likvid\u0113 net\u012brumus, toks\u012bnus un lieko sebumu, saglab\u0101jot \u0101du t\u012bru, l\u012bdzsvarotu un starojo\u0161u.<\/p>\n<ul>\n<li data-start=\"849\" data-end=\"1352\">L-mande\u013csk\u0101be \u2013 maiga alfa-hidroksisk\u0101be ar beta-hidroksisk\u0101bes sp\u0113ku, darbojas gan uz \u0101das virsmas, gan por\u0101s, nodro\u0161inot saudz\u012bgu, bet dzi\u013cu eksfoli\u0101ciju.<\/li>\n<li data-start=\"849\" data-end=\"1352\">L-piensk\u0101be \u2013 viegli no\u0146em atmiru\u0161\u0101s \u0161\u016bnas un vienlaikus mitrina \u0101du.<\/li>\n<li data-start=\"849\" data-end=\"1352\">Salicilsk\u0101be \u2013 att\u012bra poras no iek\u0161puses un pal\u012bdz nov\u0113rst iekaisumus.<\/li>\n<li data-start=\"849\" data-end=\"1352\">Glicer\u012bns \u2013 dabisks mitrin\u0101t\u0101js, kas notur mitrumu un padara \u0101du maigu.<\/li>\n<li data-start=\"849\" data-end=\"1352\">Mangost\u0101na mizas ekstrakts \u2013 bag\u0101ts ar antioksidantiem, aizsarg\u0101 \u0101du no br\u012bvajiem radik\u0101\u013ciem un priek\u0161laic\u012bgas noveco\u0161an\u0101s.<\/li>\n<\/ul>\n<p data-start=\"1354\" data-end=\"1375\"><strong data-start=\"1354\" data-end=\"1366\">Tilpums:<\/strong> 40 ml \/ 150 ml<\/p>\n","protected":false},"excerpt":{"rendered":"<p data-start=\"141\" data-end=\"205\">Att\u012bro\u0161s gels ar hidroksisk\u0101b\u0113m un mangost\u0101na ekstraktu<\/p>\n<h2 data-start=\"207\" data-end=\"483\"><strong data-start=\"207\" data-end=\"253\">\u012apa\u0161\u012bbas MEDIK8 &#8211; Surface Radiance Cleanse<\/strong><\/h2>\n<p data-start=\"207\" data-end=\"483\">\u2714\ufe0f Dzi\u013ci att\u012bra \u0101du un poras no sebuma un net\u012brumiem<br data-start=\"308\" data-end=\"311\" \/>\u2714\ufe0f Maigi eksfoli\u0113, padarot \u0101du gludu un vienm\u0113r\u012bgu<br data-start=\"361\" data-end=\"364\" \/>\u2714\ufe0f Atsvaidzina un uzlabo \u0101das mirdzumu<br data-start=\"402\" data-end=\"405\" \/>\u2714\ufe0f Pal\u012bdz nov\u0113rst izsitumus un iekaisumus<br data-start=\"446\" data-end=\"449\" \/>\u2714\ufe0f Piem\u0113rots ikdienas lieto\u0161anai<\/p>\n","protected":false},"featured_media":63050,"template":"","meta":[],"pwb-brand":[1205],"product_brand":[],"product_cat":[715,741,749,743,751,747,753],"product_tag":[],"giftcard-category":[],"class_list":{"0":"post-58533","1":"product","2":"type-product","3":"status-publish","4":"has-post-thumbnail","6":"pwb-brand-medik8","7":"product_cat-attirisana","8":"product_cat-izsitumi","9":"product_cat-novecojosa-ada","10":"product_cat-paplasinatas-poras","11":"product_cat-pigmentacija-lv","12":"product_cat-taukainai-adai","13":"product_cat-travel-size-lv","14":"pa_suurus-150ml-lv","15":"pa_suurus-40ml-lv","17":"first","18":"instock","19":"sale","20":"taxable","21":"shipping-taxable","22":"purchasable","23":"product-type-variable"},"acf":[],"brands":[{"id":1205,"name":"Medik8","slug":"medik8"}],"_links":{"self":[{"href":"https:\/\/skinstudio.ee\/lv\/wp-json\/wp\/v2\/product\/58533","targetHints":{"allow":["GET"]}}],"collection":[{"href":"https:\/\/skinstudio.ee\/lv\/wp-json\/wp\/v2\/product"}],"about":[{"href":"https:\/\/skinstudio.ee\/lv\/wp-json\/wp\/v2\/types\/product"}],"version-history":[{"count":1,"href":"https:\/\/skinstudio.ee\/lv\/wp-json\/wp\/v2\/product\/58533\/revisions"}],"predecessor-version":[{"id":82556,"href":"https:\/\/skinstudio.ee\/lv\/wp-json\/wp\/v2\/product\/58533\/revisions\/82556"}],"wp:featuredmedia":[{"embeddable":true,"href":"https:\/\/skinstudio.ee\/lv\/wp-json\/wp\/v2\/media\/63050"}],"wp:attachment":[{"href":"https:\/\/skinstudio.ee\/lv\/wp-json\/wp\/v2\/media?parent=58533"}],"wp:term":[{"taxonomy":"pwb-brand","embeddable":true,"href":"https:\/\/skinstudio.ee\/lv\/wp-json\/wp\/v2\/pwb-brand?post=58533"},{"taxonomy":"product_brand","embeddable":true,"href":"https:\/\/skinstudio.ee\/lv\/wp-json\/wp\/v2\/product_brand?post=58533"},{"taxonomy":"product_cat","embeddable":true,"href":"https:\/\/skinstudio.ee\/lv\/wp-json\/wp\/v2\/product_cat?post=58533"},{"taxonomy":"product_tag","embeddable":true,"href":"https:\/\/skinstudio.ee\/lv\/wp-json\/wp\/v2\/product_tag?post=58533"},{"taxonomy":"giftcard-category","embeddable":true,"href":"https:\/\/skinstudio.ee\/lv\/wp-json\/wp\/v2\/giftcard-category?post=58533"}],"curies":[{"name":"wp","href":"https:\/\/api.w.org\/{rel}","templated":true}]}}