{"id":58543,"date":"2023-05-24T17:55:59","date_gmt":"2023-05-24T17:55:59","guid":{"rendered":"https:\/\/skinstudio.ee\/?post_type=product&#038;p=58543"},"modified":"2026-02-19T13:23:16","modified_gmt":"2026-02-19T13:23:16","slug":"c-tetra-luxe","status":"publish","type":"product","link":"https:\/\/skinstudio.ee\/lv\/catalog\/medik8-lv\/c-tetra-luxe\/","title":{"rendered":"C-Tetra\u00ae Luxe"},"content":{"rendered":"<p data-start=\"537\" data-end=\"933\"><strong data-start=\"553\" data-end=\"579\">Medik8 &#8211; C-Tetra\u00ae Luxe<\/strong> ir uzlabota ikonisk\u0101 C vitam\u012bna seruma versija, kas rad\u012bta t\u016bl\u012bt\u0113jai \u0101das atjauno\u0161anai un mirdzumam. Formula ar 14% tetraheksildecilaskorb\u0101tu &#8211; stabilu, lip\u012bdos \u0161\u0137\u012bsto\u0161u C vitam\u012bna formu &#8211; nodro\u0161ina divk\u0101r\u0161u antioksidantu aizsardz\u012bbu sal\u012bdzin\u0101jum\u0101 ar ori\u0123in\u0101lo C-Tetra. Jau p\u0113c pirm\u0101s lieto\u0161anas \u0101da k\u013c\u016bst glud\u0101ka, vienm\u0113r\u012bg\u0101ka un redzami starojo\u0161\u0101ka.<\/p>\n<p data-start=\"935\" data-end=\"1306\">Serums ar sarkan\u0101 \u017ee\u0146\u0161e\u0146a ekstraktu aktiviz\u0113 \u0101das atjauno\u0161an\u0101s procesus un pie\u0161\u0137ir tai jaunekl\u012bgu mirdzumu. C un E vitam\u012bnu komplekss pasarg\u0101 \u0161\u016bnas no oksidat\u012bv\u0101 stresa, bet skval\u0101ns un F vitam\u012bns dzi\u013ci baro un atjauno lip\u012bdu barjeru, nov\u0113r\u0161ot mitruma zudumu. Z\u012bdain\u0101, \u0101tri ies\u016bco\u0161\u0101 tekst\u016bra padara serumu ide\u0101li piem\u0113rotu ikdienas lieto\u0161anai no r\u012bta zem kr\u0113ma vai SPF.<\/p>\n<p data-start=\"1308\" data-end=\"1328\"><strong data-start=\"1308\" data-end=\"1320\">Tilpums:<\/strong> 8 ml \/ 30 ml<\/p>\n","protected":false},"excerpt":{"rendered":"<p data-start=\"147\" data-end=\"198\">Lip\u012bdu serums ar C vitam\u012bnu \u0101das mirdzumam<\/p>\n<h2 data-start=\"200\" data-end=\"489\"><strong data-start=\"200\" data-end=\"235\">\u012apa\u0161\u012bbas MEDIK8 &#8211; C-Tetra\u00ae Luxe<\/strong><\/h2>\n<p data-start=\"200\" data-end=\"489\">\u2714\ufe0f Stimul\u0113 kolag\u0113na un elast\u012bna sint\u0113zi<br data-start=\"277\" data-end=\"280\" \/>\u2714\ufe0f Uzlabo \u0101das tvirtumu un dabisko mirdzumu<br data-start=\"323\" data-end=\"326\" \/>\u2714\ufe0f Izl\u012bdzina \u0101das toni un samazina pigment\u0101ciju<br data-start=\"373\" data-end=\"376\" \/>\u2714\ufe0f Mitrina un stiprina \u0101das aizsargbarjeru<br data-start=\"418\" data-end=\"421\" \/>\u2714\ufe0f Aizsarg\u0101 pret br\u012bvajiem radik\u0101\u013ciem un priek\u0161laic\u012bgu noveco\u0161anos<\/p>\n","protected":false},"featured_media":63030,"template":"","meta":[],"pwb-brand":[1205],"product_brand":[],"product_cat":[729,737,749,751,739,723,753],"product_tag":[],"giftcard-category":[],"class_list":{"0":"post-58543","1":"product","2":"type-product","3":"status-publish","4":"has-post-thumbnail","6":"pwb-brand-medik8-lv","7":"product_cat-c-vitamins","8":"product_cat-mitrinasana","9":"product_cat-novecojosa-ada","10":"product_cat-pigmentacija-lv","11":"product_cat-sausai-adai","12":"product_cat-serumi","13":"product_cat-travel-size-lv","14":"pa_suurus-30ml-lv","15":"pa_suurus-8ml-lv","17":"first","18":"instock","19":"sale","20":"taxable","21":"shipping-taxable","22":"purchasable","23":"product-type-variable"},"acf":[],"brands":[{"id":1205,"name":"Medik8","slug":"medik8-lv"}],"_links":{"self":[{"href":"https:\/\/skinstudio.ee\/lv\/wp-json\/wp\/v2\/product\/58543","targetHints":{"allow":["GET"]}}],"collection":[{"href":"https:\/\/skinstudio.ee\/lv\/wp-json\/wp\/v2\/product"}],"about":[{"href":"https:\/\/skinstudio.ee\/lv\/wp-json\/wp\/v2\/types\/product"}],"version-history":[{"count":1,"href":"https:\/\/skinstudio.ee\/lv\/wp-json\/wp\/v2\/product\/58543\/revisions"}],"predecessor-version":[{"id":82512,"href":"https:\/\/skinstudio.ee\/lv\/wp-json\/wp\/v2\/product\/58543\/revisions\/82512"}],"wp:featuredmedia":[{"embeddable":true,"href":"https:\/\/skinstudio.ee\/lv\/wp-json\/wp\/v2\/media\/63030"}],"wp:attachment":[{"href":"https:\/\/skinstudio.ee\/lv\/wp-json\/wp\/v2\/media?parent=58543"}],"wp:term":[{"taxonomy":"pwb-brand","embeddable":true,"href":"https:\/\/skinstudio.ee\/lv\/wp-json\/wp\/v2\/pwb-brand?post=58543"},{"taxonomy":"product_brand","embeddable":true,"href":"https:\/\/skinstudio.ee\/lv\/wp-json\/wp\/v2\/product_brand?post=58543"},{"taxonomy":"product_cat","embeddable":true,"href":"https:\/\/skinstudio.ee\/lv\/wp-json\/wp\/v2\/product_cat?post=58543"},{"taxonomy":"product_tag","embeddable":true,"href":"https:\/\/skinstudio.ee\/lv\/wp-json\/wp\/v2\/product_tag?post=58543"},{"taxonomy":"giftcard-category","embeddable":true,"href":"https:\/\/skinstudio.ee\/lv\/wp-json\/wp\/v2\/giftcard-category?post=58543"}],"curies":[{"name":"wp","href":"https:\/\/api.w.org\/{rel}","templated":true}]}}