{"id":58566,"date":"2023-05-24T17:55:59","date_gmt":"2023-05-24T17:55:59","guid":{"rendered":"https:\/\/skinstudio.ee\/?post_type=product&#038;p=58566"},"modified":"2026-03-23T10:20:22","modified_gmt":"2026-03-23T10:20:22","slug":"crystal-retinal","status":"publish","type":"product","link":"https:\/\/skinstudio.ee\/lv\/catalog\/medik8-lv\/crystal-retinal\/","title":{"rendered":"Crystal Retinal"},"content":{"rendered":"<p data-start=\"138\" data-end=\"428\"><strong data-start=\"138\" data-end=\"167\">Crystal Retinal no Medik8<\/strong> &#8211; ikoniska A vitam\u012bna nakts serums, kas paredz\u0113ts grumbu, pigment\u0101cijas, nevienm\u0113r\u012bgas tekst\u016bras un \u0101das elast\u012bbas zuduma korekcijai. Formula ar retinaldeh\u012bdu pa\u0101trina \u0101das atjauno\u0161anos, uzlabo \u0101das bl\u012bvumu un redzami izl\u012bdzina toni bez izteikta kairin\u0101juma.<\/p>\n<p data-start=\"430\" data-end=\"711\">Crystal Retinal no Medik8 satur retinAL &#8211; n\u0101kam\u0101s paaudzes A vitam\u012bna formu, kas darbojas l\u012bdz 11 reiz\u0113m \u0101tr\u0101k nek\u0101 klasiskais retinols, nodro\u0161inot \u0101tr\u0101kus un izteikt\u0101kus rezult\u0101tus. Medik8 patent\u0113t\u0101 stabiliz\u0101cijas sist\u0113ma saglab\u0101 retinala efektivit\u0101ti l\u012bdz pat p\u0113d\u0113jam pilienam.<\/p>\n<p data-start=\"713\" data-end=\"872\">L\u012bnija ietver 6 progres\u012bvas retinaldeh\u012bda koncentr\u0101cijas (0.01% &#8211; 0.24%), \u013caujot pak\u0101peniski palielin\u0101t iedarb\u012bbu un piel\u0101got kop\u0161anu da\u017e\u0101diem \u0101das l\u012bme\u0146iem.<\/p>\n<p data-start=\"874\" data-end=\"912\"><strong data-start=\"874\" data-end=\"910\">Darb\u012bba akt\u012bvajiem komponentiem:<\/strong><\/p>\n<p data-start=\"914\" data-end=\"1074\">\u2022 <strong data-start=\"916\" data-end=\"944\">Retinaldeh\u012bds (Retinal):<\/strong> efekt\u012bva A vitam\u012bna forma, kas pa\u0101trina \u0161\u016bnu atjauno\u0161anos, samazina grumbas, izl\u012bdzina tekst\u016bru un uzlabo pigment\u0101cijas izskatu<\/p>\n<p data-start=\"1076\" data-end=\"1159\">\u2022 <strong data-start=\"1078\" data-end=\"1096\">Hialuronsk\u0101be:<\/strong> intens\u012bvi mitrina, uzlabo \u0101das elast\u012bbu un padara to glud\u0101ku<\/p>\n<p data-start=\"1161\" data-end=\"1263\">\u2022 <strong data-start=\"1163\" data-end=\"1178\">E vitam\u012bns:<\/strong> nodro\u0161ina antioksidantu aizsardz\u012bbu un stabiliz\u0113 retinalu maksim\u0101lai efektivit\u0101tei<\/p>\n<p data-start=\"1265\" data-end=\"1445\"><strong data-start=\"1265\" data-end=\"1298\">Kam piem\u0113rots Crystal Retinal: <\/strong>sausai, nobriedu\u0161ai vai nevienm\u0113r\u012bgai \u0101dai ar pigment\u0101ciju, tekst\u016bras izmai\u0146\u0101m un elast\u012bbas zudumu, k\u0101 ar\u012b pak\u0101peniskai A vitam\u012bna ievie\u0161anai.<\/p>\n<p data-start=\"1447\" data-end=\"1467\"><strong data-start=\"1447\" data-end=\"1465\">Tilpums: 30 ml<\/strong><\/p>\n","protected":false},"excerpt":{"rendered":"<p data-start=\"1960\" data-end=\"1988\">Nakts serums ar A vitam\u012bnu<\/p>\n<h2 data-start=\"1990\" data-end=\"2027\"><strong data-start=\"1990\" data-end=\"2027\">\u012apa\u0161\u012bbas Medik8 &#8211; Crystal Retinal<\/strong><\/h2>\n<p data-start=\"2029\" data-end=\"2243\">\u2714\ufe0f Pa\u0101trina \u0101das atjauno\u0161anos un samazina grumbas<br data-start=\"2078\" data-end=\"2081\" \/>\u2714\ufe0f Izl\u012bdzina \u0101das toni un samazina pigment\u0101ciju<br data-start=\"2128\" data-end=\"2131\" \/>\u2714\ufe0f Uzlabo \u0101das bl\u012bvumu un elast\u012bbu<br data-start=\"2165\" data-end=\"2168\" \/>\u2714\ufe0f Darbojas \u0101tr\u0101k nek\u0101 retinols<br data-start=\"2199\" data-end=\"2202\" \/>\u2714\ufe0f \u013bauj pak\u0101peniski palielin\u0101t stiprumu<\/p>\n","protected":false},"featured_media":63065,"template":"","meta":[],"pwb-brand":[1205],"product_brand":[],"product_cat":[727,741,745,749,743,751,739,723,747],"product_tag":[],"giftcard-category":[],"class_list":{"0":"post-58566","1":"product","2":"type-product","3":"status-publish","4":"has-post-thumbnail","6":"pwb-brand-medik8-lv","7":"product_cat-a-vitamins-retinols","8":"product_cat-izsitumi","9":"product_cat-jutigai-adai","10":"product_cat-novecojosa-ada","11":"product_cat-paplasinatas-poras","12":"product_cat-pigmentacija-lv","13":"product_cat-sausai-adai","14":"product_cat-serumi","15":"product_cat-taukainai-adai","17":"first","18":"instock","19":"taxable","20":"shipping-taxable","21":"purchasable","22":"product-type-variable"},"acf":[],"brands":[{"id":1205,"name":"Medik8","slug":"medik8-lv"}],"_links":{"self":[{"href":"https:\/\/skinstudio.ee\/lv\/wp-json\/wp\/v2\/product\/58566","targetHints":{"allow":["GET"]}}],"collection":[{"href":"https:\/\/skinstudio.ee\/lv\/wp-json\/wp\/v2\/product"}],"about":[{"href":"https:\/\/skinstudio.ee\/lv\/wp-json\/wp\/v2\/types\/product"}],"version-history":[{"count":2,"href":"https:\/\/skinstudio.ee\/lv\/wp-json\/wp\/v2\/product\/58566\/revisions"}],"predecessor-version":[{"id":87701,"href":"https:\/\/skinstudio.ee\/lv\/wp-json\/wp\/v2\/product\/58566\/revisions\/87701"}],"wp:featuredmedia":[{"embeddable":true,"href":"https:\/\/skinstudio.ee\/lv\/wp-json\/wp\/v2\/media\/63065"}],"wp:attachment":[{"href":"https:\/\/skinstudio.ee\/lv\/wp-json\/wp\/v2\/media?parent=58566"}],"wp:term":[{"taxonomy":"pwb-brand","embeddable":true,"href":"https:\/\/skinstudio.ee\/lv\/wp-json\/wp\/v2\/pwb-brand?post=58566"},{"taxonomy":"product_brand","embeddable":true,"href":"https:\/\/skinstudio.ee\/lv\/wp-json\/wp\/v2\/product_brand?post=58566"},{"taxonomy":"product_cat","embeddable":true,"href":"https:\/\/skinstudio.ee\/lv\/wp-json\/wp\/v2\/product_cat?post=58566"},{"taxonomy":"product_tag","embeddable":true,"href":"https:\/\/skinstudio.ee\/lv\/wp-json\/wp\/v2\/product_tag?post=58566"},{"taxonomy":"giftcard-category","embeddable":true,"href":"https:\/\/skinstudio.ee\/lv\/wp-json\/wp\/v2\/giftcard-category?post=58566"}],"curies":[{"name":"wp","href":"https:\/\/api.w.org\/{rel}","templated":true}]}}