{"id":58577,"date":"2023-05-24T17:55:59","date_gmt":"2023-05-24T17:55:59","guid":{"rendered":"https:\/\/skinstudio.ee\/?post_type=product&#038;p=58577"},"modified":"2026-02-19T13:19:34","modified_gmt":"2026-02-19T13:19:34","slug":"daily-radiance-vitamin-c","status":"publish","type":"product","link":"https:\/\/skinstudio.ee\/lv\/catalog\/medik8-lv\/daily-radiance-vitamin-c\/","title":{"rendered":"Daily Radiance Vitamin C\u2122"},"content":{"rendered":"<p data-start=\"663\" data-end=\"1125\">Daudzfunkcion\u0101lais kr\u0113ms <strong data-start=\"704\" data-end=\"733\">Daily Radiance Vitamin C\u2122<\/strong>, kas bag\u0101tin\u0101ts ar C vitam\u012bnu, atjauno \u0101das dabisko starojumu un dzi\u013ci mitrina, padarot to gludu, gai\u0161u un redzami jaunekl\u012bg\u0101ku. Uzkl\u0101jot, t\u0101 z\u012bdain\u0101 tekst\u016bra k\u016bst uz \u0101das un \u0101tri ies\u016bcas, nodro\u0161inot neredzamu SPF 30 aizsardz\u012bbu ar pla\u0161u darb\u012bbas spektru, neatst\u0101jot taukainu vai lip\u012bgu saj\u016btu. Viegl\u0101, bet barojo\u0161\u0101 formula aizsarg\u0101 \u0101du no oksidat\u012bv\u0101 stresa un uzlabo t\u0101s toni un tekst\u016bru.<\/p>\n<p data-start=\"1127\" data-end=\"1635\">\u2013 <strong data-start=\"1129\" data-end=\"1142\">UV filtri<\/strong> \u2013 saules aizsargfiltru komplekss, kas r\u016bp\u012bgi izv\u0113l\u0113ts dro\u0161\u012bbas, efektivit\u0101tes un ilgsto\u0161as iedarb\u012bbas d\u0113\u013c, lai aizsarg\u0101tu \u0101du no UVA un UVB stariem.<br data-start=\"1291\" data-end=\"1294\" \/>\u2013 <strong data-start=\"1296\" data-end=\"1313\">Hialuronsk\u0101be<\/strong> nodro\u0161ina \u0101das mitrin\u0101\u0161anu un baro\u0161anu.<br data-start=\"1353\" data-end=\"1356\" \/>\u2013 <strong data-start=\"1358\" data-end=\"1387\">Tetraheksildecilaskorb\u0101ts<\/strong> \u2013 taukos \u0161\u0137\u012bsto\u0161a C vitam\u012bna forma, kas nodro\u0161ina antioksidantu aizsardz\u012bbu pret br\u012bvajiem radik\u0101\u013ciem un stimul\u0113 kolag\u0113na ra\u017eo\u0161anu, vizu\u0101li atjaunojot \u0101du.<br data-start=\"1543\" data-end=\"1546\" \/>\u2013 <strong data-start=\"1548\" data-end=\"1562\">E vitam\u012bns<\/strong> aizsarg\u0101 \u0101du no br\u012bvajiem radik\u0101\u013ciem un atjauno C vitam\u012bna aktivit\u0101ti.<\/p>\n<p data-start=\"1637\" data-end=\"1954\">\u0160\u012b barojo\u0161\u0101 formula ir piem\u0113rota visiem \u0101das tipiem, pal\u012bdz samazin\u0101t s\u012bkas grumbi\u0146as un uzlabo \u0101das tvirtumu. Hialuronsk\u0101be un glicer\u012bns piesaista un notur mitrumu \u0101d\u0101, nodro\u0161inot ilgsto\u0161u hidrat\u0101ciju visas dienas garum\u0101. Rezult\u0101t\u0101 \u0101da k\u013c\u016bst vienm\u0113r\u012bga, starojo\u0161a un aizsarg\u0101ta no noveco\u0161an\u0101s un saules boj\u0101jumiem.<\/p>\n<p data-start=\"1956\" data-end=\"1976\"><strong data-start=\"1956\" data-end=\"1968\">Tilpums:<\/strong> 12,5 ml \/ 50 ml<\/p>\n","protected":false},"excerpt":{"rendered":"<p data-start=\"214\" data-end=\"280\">Dienas mitrino\u0161s antioksidantu kr\u0113ms ar C vitam\u012bnu un SPF<\/p>\n<h2 data-start=\"282\" data-end=\"600\"><strong data-start=\"282\" data-end=\"329\">\u012apa\u0161\u012bbas MEDIK8 &#8211; Daily Radiance Vitamin C\u2122<\/strong><\/h2>\n<p data-start=\"282\" data-end=\"600\">\u2714\ufe0f Uzlabo \u0101das dabisko mirdzumu no iek\u0161puses<br data-start=\"376\" data-end=\"379\" \/>\u2714\ufe0f Aizsarg\u0101 pret apk\u0101rt\u0113j\u0101s vides stresu un priek\u0161laic\u012bgu noveco\u0161anos<br data-start=\"448\" data-end=\"451\" \/>\u2714\ufe0f \u0100tri ies\u016bcas, nodro\u0161inot sp\u0113c\u012bgu antioksidantu aizsardz\u012bbu<br data-start=\"512\" data-end=\"515\" \/>\u2714\ufe0f Atjauno \u0101das gludumu un elast\u012bbu<br data-start=\"550\" data-end=\"553\" \/>\u2714\ufe0f Dzi\u013ci mitrina, padarot \u0101du maigu un svaigu<\/p>\n","protected":false},"featured_media":58578,"template":"","meta":[],"pwb-brand":[1205],"product_brand":[],"product_cat":[729,737,749,751,739,731,753],"product_tag":[],"giftcard-category":[],"class_list":{"0":"post-58577","1":"product","2":"type-product","3":"status-publish","4":"has-post-thumbnail","6":"pwb-brand-medik8-lv","7":"product_cat-c-vitamins","8":"product_cat-mitrinasana","9":"product_cat-novecojosa-ada","10":"product_cat-pigmentacija-lv","11":"product_cat-sausai-adai","12":"product_cat-spf-aizsardziba","13":"product_cat-travel-size-lv","14":"pa_suurus-12-5ml-lv","15":"pa_suurus-50ml-lv","17":"first","18":"instock","19":"taxable","20":"shipping-taxable","21":"purchasable","22":"product-type-variable"},"acf":[],"brands":[{"id":1205,"name":"Medik8","slug":"medik8-lv"}],"_links":{"self":[{"href":"https:\/\/skinstudio.ee\/lv\/wp-json\/wp\/v2\/product\/58577","targetHints":{"allow":["GET"]}}],"collection":[{"href":"https:\/\/skinstudio.ee\/lv\/wp-json\/wp\/v2\/product"}],"about":[{"href":"https:\/\/skinstudio.ee\/lv\/wp-json\/wp\/v2\/types\/product"}],"version-history":[{"count":1,"href":"https:\/\/skinstudio.ee\/lv\/wp-json\/wp\/v2\/product\/58577\/revisions"}],"predecessor-version":[{"id":82492,"href":"https:\/\/skinstudio.ee\/lv\/wp-json\/wp\/v2\/product\/58577\/revisions\/82492"}],"wp:featuredmedia":[{"embeddable":true,"href":"https:\/\/skinstudio.ee\/lv\/wp-json\/wp\/v2\/media\/58578"}],"wp:attachment":[{"href":"https:\/\/skinstudio.ee\/lv\/wp-json\/wp\/v2\/media?parent=58577"}],"wp:term":[{"taxonomy":"pwb-brand","embeddable":true,"href":"https:\/\/skinstudio.ee\/lv\/wp-json\/wp\/v2\/pwb-brand?post=58577"},{"taxonomy":"product_brand","embeddable":true,"href":"https:\/\/skinstudio.ee\/lv\/wp-json\/wp\/v2\/product_brand?post=58577"},{"taxonomy":"product_cat","embeddable":true,"href":"https:\/\/skinstudio.ee\/lv\/wp-json\/wp\/v2\/product_cat?post=58577"},{"taxonomy":"product_tag","embeddable":true,"href":"https:\/\/skinstudio.ee\/lv\/wp-json\/wp\/v2\/product_tag?post=58577"},{"taxonomy":"giftcard-category","embeddable":true,"href":"https:\/\/skinstudio.ee\/lv\/wp-json\/wp\/v2\/giftcard-category?post=58577"}],"curies":[{"name":"wp","href":"https:\/\/api.w.org\/{rel}","templated":true}]}}