{"id":58603,"date":"2023-05-24T17:55:59","date_gmt":"2023-05-24T17:55:59","guid":{"rendered":"https:\/\/skinstudio.ee\/?post_type=product&#038;p=58603"},"modified":"2025-12-29T09:38:58","modified_gmt":"2025-12-29T09:38:58","slug":"pure-c15","status":"publish","type":"product","link":"https:\/\/skinstudio.ee\/lv\/catalog\/medik8-lv\/pure-c15\/","title":{"rendered":"Pure C15\u2122"},"content":{"rendered":"<p data-start=\"485\" data-end=\"868\"><strong data-start=\"501\" data-end=\"511\">Medik8<\/strong> ir veiksm\u012bgi stabiliz\u0113jis t\u012bru askorb\u012bnsk\u0101bi serum\u0101 <strong data-start=\"564\" data-end=\"577\">Pure C15\u2122<\/strong>, pateicoties <strong data-start=\"591\" data-end=\"621\">E vitam\u012bnam un glutationam<\/strong> \u2013 diviem sp\u0113c\u012bgiem antioksidantiem, kas darbojas k\u0101 \u201cuzl\u0101d\u0113jams\u201d aizsargt\u012bkls. \u0160\u012b sist\u0113ma imit\u0113 dabisko \u0101das meh\u0101nismu, kas uztur C vitam\u012bna stabilit\u0101ti, saglab\u0101jot t\u0101 efektivit\u0101ti un nodro\u0161inot ilgsto\u0161us rezult\u0101tus \u0101das mirdzumam un tvirtumam.<\/p>\n<p data-start=\"870\" data-end=\"1020\">Vieglas tekst\u016bras serums \u0101tri ies\u016bcas, uzl\u0101d\u0113 \u0101du ar ener\u0123iju, baro un mitrina to. Regul\u0101ri lietojot, \u0101da k\u013c\u016bst glud\u0101ka, gai\u0161\u0101ka un redzami jaun\u0101ka.<\/p>\n<p data-start=\"1022\" data-end=\"1418\">\u2013 <strong data-start=\"1024\" data-end=\"1047\">15% L-askorb\u012bnsk\u0101be<\/strong> nodro\u0161ina antioksidantu aizsardz\u012bbu pret br\u012bvajiem radik\u0101\u013ciem un stimul\u0113 kolag\u0113na ra\u017eo\u0161anu.<br data-start=\"1139\" data-end=\"1142\" \/>\u2013 <strong data-start=\"1144\" data-end=\"1158\">E vitam\u012bns<\/strong> aizsarg\u0101 \u0101du no br\u012bvajiem radik\u0101\u013ciem un vienlaikus atjauno C vitam\u012bna aktivit\u0101ti, pastiprinot t\u0101 iedarb\u012bbu.<br data-start=\"1266\" data-end=\"1269\" \/>\u2013 <strong data-start=\"1271\" data-end=\"1285\">Glutations<\/strong> \u2013 dabisks antioksidants, kas dabiski sastopams \u0101d\u0101 \u2013 atjauno C vitam\u012bnu un nodro\u0161ina intens\u012bvu aizsardz\u012bbu pret oksidat\u012bvo stresu.<\/p>\n<p data-start=\"1420\" data-end=\"1603\">Pateicoties tr\u012bsk\u0101r\u0161\u0101 antioksidantu kompleksa siner\u0123ijai, <strong data-start=\"1478\" data-end=\"1491\">Pure C15\u2122<\/strong> aizsarg\u0101 \u0101du no apk\u0101rt\u0113j\u0101s vides kait\u012bg\u0101s ietekmes, izl\u012bdzina toni un atjauno dabisko mirdzumu un vitalit\u0101ti.<\/p>\n<p data-start=\"1605\" data-end=\"1629\"><strong data-start=\"1605\" data-end=\"1617\">Tilpums:<\/strong> 2 \u00d7 15 ml<\/p>\n","protected":false},"excerpt":{"rendered":"<p data-start=\"191\" data-end=\"239\">Antioksidantu serums ar t\u012bru C vitam\u012bnu<\/p>\n<h2 data-start=\"241\" data-end=\"483\"><strong data-start=\"241\" data-end=\"272\">\u012apa\u0161\u012bbas MEDIK8 &#8211; Pure C15\u2122<\/strong><\/h2>\n<p data-start=\"241\" data-end=\"483\">\u2714\ufe0f Uzlabo un izgaismo \u0101das toni<br data-start=\"306\" data-end=\"309\" \/>\u2714\ufe0f Samazina smalk\u0101s l\u012bnijas un grumbas<br data-start=\"347\" data-end=\"350\" \/>\u2714\ufe0f Uzlabo \u0101das tekst\u016bru un elast\u012bbu<br data-start=\"385\" data-end=\"388\" \/>\u2714\ufe0f Nodro\u0161ina sp\u0113c\u012bgu antioksidantu aizsardz\u012bbu<br data-start=\"434\" data-end=\"437\" \/>\u2714\ufe0f Nov\u0113r\u0161 priek\u0161laic\u012bgas noveco\u0161an\u0101s paz\u012bmes<\/p>\n","protected":false},"featured_media":58605,"template":"","meta":[],"pwb-brand":[1205],"product_brand":[],"product_cat":[729,741,745,737,749,743,751,739,723,747],"product_tag":[],"giftcard-category":[],"class_list":{"0":"post-58603","1":"product","2":"type-product","3":"status-publish","4":"has-post-thumbnail","6":"pwb-brand-medik8-lv","7":"product_cat-c-vitamins","8":"product_cat-izsitumi","9":"product_cat-jutigai-adai","10":"product_cat-mitrinasana","11":"product_cat-novecojosa-ada","12":"product_cat-paplasinatas-poras","13":"product_cat-pigmentacija-lv","14":"product_cat-sausai-adai","15":"product_cat-serumi","16":"product_cat-taukainai-adai","18":"first","19":"instock","20":"taxable","21":"shipping-taxable","22":"purchasable","23":"product-type-simple"},"acf":[],"brands":[{"id":1205,"name":"Medik8","slug":"medik8-lv"}],"_links":{"self":[{"href":"https:\/\/skinstudio.ee\/lv\/wp-json\/wp\/v2\/product\/58603","targetHints":{"allow":["GET"]}}],"collection":[{"href":"https:\/\/skinstudio.ee\/lv\/wp-json\/wp\/v2\/product"}],"about":[{"href":"https:\/\/skinstudio.ee\/lv\/wp-json\/wp\/v2\/types\/product"}],"version-history":[{"count":0,"href":"https:\/\/skinstudio.ee\/lv\/wp-json\/wp\/v2\/product\/58603\/revisions"}],"wp:featuredmedia":[{"embeddable":true,"href":"https:\/\/skinstudio.ee\/lv\/wp-json\/wp\/v2\/media\/58605"}],"wp:attachment":[{"href":"https:\/\/skinstudio.ee\/lv\/wp-json\/wp\/v2\/media?parent=58603"}],"wp:term":[{"taxonomy":"pwb-brand","embeddable":true,"href":"https:\/\/skinstudio.ee\/lv\/wp-json\/wp\/v2\/pwb-brand?post=58603"},{"taxonomy":"product_brand","embeddable":true,"href":"https:\/\/skinstudio.ee\/lv\/wp-json\/wp\/v2\/product_brand?post=58603"},{"taxonomy":"product_cat","embeddable":true,"href":"https:\/\/skinstudio.ee\/lv\/wp-json\/wp\/v2\/product_cat?post=58603"},{"taxonomy":"product_tag","embeddable":true,"href":"https:\/\/skinstudio.ee\/lv\/wp-json\/wp\/v2\/product_tag?post=58603"},{"taxonomy":"giftcard-category","embeddable":true,"href":"https:\/\/skinstudio.ee\/lv\/wp-json\/wp\/v2\/giftcard-category?post=58603"}],"curies":[{"name":"wp","href":"https:\/\/api.w.org\/{rel}","templated":true}]}}