{"id":58619,"date":"2023-05-24T17:55:59","date_gmt":"2023-05-24T17:55:59","guid":{"rendered":"https:\/\/skinstudio.ee\/?post_type=product&#038;p=58619"},"modified":"2026-02-19T13:15:25","modified_gmt":"2026-02-19T13:15:25","slug":"c-tetra","status":"publish","type":"product","link":"https:\/\/skinstudio.ee\/lv\/catalog\/medik8-lv\/c-tetra\/","title":{"rendered":"C-Tetra\u00ae"},"content":{"rendered":"<p data-start=\"656\" data-end=\"948\">Izmantojot <strong data-start=\"683\" data-end=\"702\">C un E vitam\u012bna<\/strong> antioksidantu sp\u0113ku, serums <strong data-start=\"731\" data-end=\"743\">C-Tetra\u00ae<\/strong> efekt\u012bvi izgaismo un izl\u012bdzina \u0101das toni, neitraliz\u0113 br\u012bvos radik\u0101\u013cus un pal\u012bdz nov\u0113rst priek\u0161laic\u012bgas noveco\u0161an\u0101s paz\u012bmes. T\u0101 \u012bpa\u0161i viegl\u0101 un \u0101tri ies\u016bco\u0161\u0101 formula atst\u0101j \u0101du maigu, gludu un starojo\u0161u.<\/p>\n<p data-start=\"950\" data-end=\"1271\">Unik\u0101l\u0101 <strong data-start=\"958\" data-end=\"978\">bez\u016bdens formula<\/strong> nodro\u0161ina 100% C vitam\u012bna stabilit\u0101ti vis\u0101 uzglab\u0101\u0161anas laik\u0101, garant\u0113jot maksim\u0101lu efektivit\u0101ti katr\u0101 lieto\u0161anas reiz\u0113. Ide\u0101li piem\u0113rots tiem, kas tikai s\u0101k lietot C vitam\u012bnu, k\u0101 ar\u012b tiem, kas v\u0113las p\u0101riet uz n\u0101kamo l\u012bmeni p\u0113c <strong data-start=\"1207\" data-end=\"1224\">C-Tetra Cream<\/strong> vai <strong data-start=\"1229\" data-end=\"1257\">Daily Radiance Vitamin C<\/strong> lieto\u0161anas.<\/p>\n<p data-start=\"1273\" data-end=\"1662\"><strong data-start=\"1273\" data-end=\"1297\">Akt\u012bv\u0101s sast\u0101vda\u013cas:<\/strong><br data-start=\"1297\" data-end=\"1300\" \/>\u2013 <strong data-start=\"1302\" data-end=\"1331\">Tetraheksildecilaskorb\u0101ts<\/strong> \u2013 taukos \u0161\u0137\u012bsto\u0161a C vitam\u012bna forma, kas nodro\u0161ina izcilu antioksidantu aizsardz\u012bbu un stimul\u0113 kolag\u0113na ra\u017eo\u0161anu vienm\u0113r\u012bgam un jaunekl\u012bgam \u0101das tonim.<br data-start=\"1482\" data-end=\"1485\" \/>\u2013 <strong data-start=\"1487\" data-end=\"1501\">E vitam\u012bns<\/strong> \u2013 taukos \u0161\u0137\u012bsto\u0161s antioksidants, kas dabiski atrodas \u0101d\u0101, aizsarg\u0101 no br\u012bvajiem radik\u0101\u013ciem un tiek atjaunots ar C vitam\u012bna pal\u012bdz\u012bbu maksim\u0101lai efektivit\u0101tei.<\/p>\n<p data-start=\"1664\" data-end=\"1684\"><strong data-start=\"1664\" data-end=\"1676\">Tilpums:<\/strong> 8 ml \/ 30 ml<\/p>\n","protected":false},"excerpt":{"rendered":"<p data-start=\"276\" data-end=\"324\">\u012apa\u0161i viegls ikdienas C vitam\u012bna serums<\/p>\n<h2 data-start=\"326\" data-end=\"618\"><strong data-start=\"326\" data-end=\"356\">\u012apa\u0161\u012bbas MEDIK8 &#8211; C-Tetra\u00ae<\/strong><\/h2>\n<p data-start=\"326\" data-end=\"618\">\u2714\ufe0f Aizsarg\u0101 \u0101du no br\u012bvajiem radik\u0101\u013ciem, saules un pies\u0101r\u0146ojuma<br data-start=\"422\" data-end=\"425\" \/>\u2714\ufe0f Stimul\u0113 kolag\u0113na un elast\u012bna sint\u0113zi<br data-start=\"464\" data-end=\"467\" \/>\u2714\ufe0f Izgaismo un izl\u012bdzina \u0101das toni<br data-start=\"501\" data-end=\"504\" \/>\u2714\ufe0f Atjauno \u0101das gludumu un dabisko mirdzumu<br data-start=\"547\" data-end=\"550\" \/>\u2714\ufe0f Nodro\u0161ina sp\u0113c\u012bgu antioksidantu aizsardz\u012bbu visas dienas garum\u0101<\/p>\n","protected":false},"featured_media":63020,"template":"","meta":[],"pwb-brand":[1205],"product_brand":[],"product_cat":[729,749,751,739,723,753],"product_tag":[],"giftcard-category":[],"class_list":{"0":"post-58619","1":"product","2":"type-product","3":"status-publish","4":"has-post-thumbnail","6":"pwb-brand-medik8-lv","7":"product_cat-c-vitamins","8":"product_cat-novecojosa-ada","9":"product_cat-pigmentacija-lv","10":"product_cat-sausai-adai","11":"product_cat-serumi","12":"product_cat-travel-size-lv","13":"pa_suurus-30ml-lv","14":"pa_suurus-8ml-lv","16":"first","17":"instock","18":"sale","19":"taxable","20":"shipping-taxable","21":"purchasable","22":"product-type-variable"},"acf":[],"brands":[{"id":1205,"name":"Medik8","slug":"medik8-lv"}],"_links":{"self":[{"href":"https:\/\/skinstudio.ee\/lv\/wp-json\/wp\/v2\/product\/58619","targetHints":{"allow":["GET"]}}],"collection":[{"href":"https:\/\/skinstudio.ee\/lv\/wp-json\/wp\/v2\/product"}],"about":[{"href":"https:\/\/skinstudio.ee\/lv\/wp-json\/wp\/v2\/types\/product"}],"version-history":[{"count":1,"href":"https:\/\/skinstudio.ee\/lv\/wp-json\/wp\/v2\/product\/58619\/revisions"}],"predecessor-version":[{"id":82471,"href":"https:\/\/skinstudio.ee\/lv\/wp-json\/wp\/v2\/product\/58619\/revisions\/82471"}],"wp:featuredmedia":[{"embeddable":true,"href":"https:\/\/skinstudio.ee\/lv\/wp-json\/wp\/v2\/media\/63020"}],"wp:attachment":[{"href":"https:\/\/skinstudio.ee\/lv\/wp-json\/wp\/v2\/media?parent=58619"}],"wp:term":[{"taxonomy":"pwb-brand","embeddable":true,"href":"https:\/\/skinstudio.ee\/lv\/wp-json\/wp\/v2\/pwb-brand?post=58619"},{"taxonomy":"product_brand","embeddable":true,"href":"https:\/\/skinstudio.ee\/lv\/wp-json\/wp\/v2\/product_brand?post=58619"},{"taxonomy":"product_cat","embeddable":true,"href":"https:\/\/skinstudio.ee\/lv\/wp-json\/wp\/v2\/product_cat?post=58619"},{"taxonomy":"product_tag","embeddable":true,"href":"https:\/\/skinstudio.ee\/lv\/wp-json\/wp\/v2\/product_tag?post=58619"},{"taxonomy":"giftcard-category","embeddable":true,"href":"https:\/\/skinstudio.ee\/lv\/wp-json\/wp\/v2\/giftcard-category?post=58619"}],"curies":[{"name":"wp","href":"https:\/\/api.w.org\/{rel}","templated":true}]}}