{"id":58630,"date":"2023-05-24T17:55:59","date_gmt":"2023-05-24T17:55:59","guid":{"rendered":"https:\/\/skinstudio.ee\/?post_type=product&#038;p=58630"},"modified":"2025-12-29T09:38:58","modified_gmt":"2025-12-29T09:38:58","slug":"super-c-ferulic","status":"publish","type":"product","link":"https:\/\/skinstudio.ee\/lv\/catalog\/medik8-lv\/super-c-ferulic\/","title":{"rendered":"Super C Ferulic"},"content":{"rendered":"<p data-start=\"604\" data-end=\"813\">Intens\u012bvais <strong data-start=\"632\" data-end=\"651\">Super C Ferulic<\/strong> serums izmanto ferul\u012bnsk\u0101bes maksim\u0101lo antioksidantu potenci\u0101lu, kas siner\u0123iski darbojas ar C vitam\u012bnu, nodro\u0161inot \u0101dai izcilu aizsardz\u012bbu un redzamu mirdzumu.<\/p>\n<p data-start=\"815\" data-end=\"1224\">\u0160\u012b augstas efektivit\u0101tes formula ir ide\u0101li piem\u0113rota tiem, kas v\u0113las samazin\u0101t pigment\u0101ciju, stiprin\u0101t \u0101das tvirtumu un nov\u0113rst priek\u0161laic\u012bgas noveco\u0161an\u0101s paz\u012bmes. Bag\u0101tin\u0101ts ar kurkumas saknes ekstraktu, serums izgaismo un atdz\u012bvina \u0101du, uzlabojot t\u0101s aizsardz\u012bbu pret oksidat\u012bvo stresu. Dabisko antioksidantu un vitam\u012bnu kombin\u0101cija izl\u012bdzina \u0101das tekst\u016bru, uzlabo elast\u012bbu un pie\u0161\u0137ir jaunekl\u012bgu mirdzumu.<\/p>\n<p data-start=\"1226\" data-end=\"1981\"><strong data-start=\"1226\" data-end=\"1250\">Akt\u012bv\u0101s sast\u0101vda\u013cas:<\/strong><br data-start=\"1250\" data-end=\"1253\" \/>\u2013 <strong data-start=\"1255\" data-end=\"1286\">30% etil\u0113t\u0101 L-askorb\u012bnsk\u0101be<\/strong> \u2013 sp\u0113c\u012bga un stabila C vitam\u012bna forma, kas nodro\u0161ina antioksidantu aizsardz\u012bbu un stimul\u0113 kolag\u0113na ra\u017eo\u0161anu.<br data-start=\"1395\" data-end=\"1398\" \/>\u2013 <strong data-start=\"1400\" data-end=\"1429\">Kurkumas saknes ekstrakts<\/strong> \u2013 dabisks komponents, kas pal\u012bdz blo\u0137\u0113t pigmenta veido\u0161anos un nodro\u0161ina sp\u0113c\u012bgu antioksidantu aizsardz\u012bbu.<br data-start=\"1537\" data-end=\"1540\" \/>\u2013 <strong data-start=\"1542\" data-end=\"1556\">E vitam\u012bns<\/strong> \u2013 taukos \u0161\u0137\u012bsto\u0161s antioksidants, kas stiprina \u0101das aizsargbarjeru un pasarg\u0101 no oksidat\u012bv\u0101 stresa.<br data-start=\"1655\" data-end=\"1658\" \/>\u2013 <strong data-start=\"1660\" data-end=\"1684\">Greipfr\u016bta ekstrakts<\/strong> \u2013 dabisks antioksidants ar atsvaidzino\u0161u arom\u0101tu, toniz\u0113 un atjauno \u0101du.<br data-start=\"1757\" data-end=\"1760\" \/>\u2013 <strong data-start=\"1762\" data-end=\"1785\">Ger\u0101nijas ekstrakts<\/strong> \u2013 pie\u0161\u0137ir vieglu, uzmundrino\u0161u arom\u0101tu un toniz\u0113jo\u0161u efektu.<br data-start=\"1846\" data-end=\"1849\" \/>\u2013 <strong data-start=\"1851\" data-end=\"1867\">Ferul\u012bnsk\u0101be<\/strong> \u2013 sp\u0113c\u012bgs augu izcelsmes antioksidants, kas nov\u0113r\u0161 br\u012bvo radik\u0101\u013cu boj\u0101jumus un pastiprina C vitam\u012bna iedarb\u012bbu.<\/p>\n<p data-start=\"1983\" data-end=\"2003\"><strong data-start=\"1983\" data-end=\"1995\">Tilpums:<\/strong> 30 ml<\/p>\n","protected":false},"excerpt":{"rendered":"<p data-start=\"237\" data-end=\"298\">Sp\u0113c\u012bgs antioksidantu izgaismojo\u0161s C vitam\u012bna serums<\/p>\n<h2 data-start=\"300\" data-end=\"602\"><strong data-start=\"300\" data-end=\"337\">\u012apa\u0161\u012bbas MEDIK8 &#8211; Super C Ferulic<\/strong><\/h2>\n<p data-start=\"300\" data-end=\"602\">\u2714\ufe0f Nodro\u0161ina pret-noveco\u0161an\u0101s un \u0101du nostiprino\u0161u iedarb\u012bbu<br data-start=\"399\" data-end=\"402\" \/>\u2714\ufe0f Baro, izl\u012bdzina un pie\u0161\u0137ir mirdzumu<br data-start=\"440\" data-end=\"443\" \/>\u2714\ufe0f Izgaismo un izl\u012bdzina \u0101das toni<br data-start=\"477\" data-end=\"480\" \/>\u2714\ufe0f Aizsarg\u0101 pret br\u012bvajiem radik\u0101\u013ciem un apk\u0101rt\u0113j\u0101s vides kait\u012bgo ietekmi<br data-start=\"553\" data-end=\"556\" \/>\u2714\ufe0f Samazina pigment\u0101cijas un bl\u0101vuma paz\u012bmes<\/p>\n","protected":false},"featured_media":63025,"template":"","meta":[],"pwb-brand":[1205],"product_brand":[],"product_cat":[729,741,745,737,749,743,751,739,723],"product_tag":[],"giftcard-category":[],"class_list":{"0":"post-58630","1":"product","2":"type-product","3":"status-publish","4":"has-post-thumbnail","6":"pwb-brand-medik8-lv","7":"product_cat-c-vitamins","8":"product_cat-izsitumi","9":"product_cat-jutigai-adai","10":"product_cat-mitrinasana","11":"product_cat-novecojosa-ada","12":"product_cat-paplasinatas-poras","13":"product_cat-pigmentacija-lv","14":"product_cat-sausai-adai","15":"product_cat-serumi","17":"first","18":"instock","19":"taxable","20":"shipping-taxable","21":"purchasable","22":"product-type-simple"},"acf":[],"brands":[{"id":1205,"name":"Medik8","slug":"medik8-lv"}],"_links":{"self":[{"href":"https:\/\/skinstudio.ee\/lv\/wp-json\/wp\/v2\/product\/58630","targetHints":{"allow":["GET"]}}],"collection":[{"href":"https:\/\/skinstudio.ee\/lv\/wp-json\/wp\/v2\/product"}],"about":[{"href":"https:\/\/skinstudio.ee\/lv\/wp-json\/wp\/v2\/types\/product"}],"version-history":[{"count":0,"href":"https:\/\/skinstudio.ee\/lv\/wp-json\/wp\/v2\/product\/58630\/revisions"}],"wp:featuredmedia":[{"embeddable":true,"href":"https:\/\/skinstudio.ee\/lv\/wp-json\/wp\/v2\/media\/63025"}],"wp:attachment":[{"href":"https:\/\/skinstudio.ee\/lv\/wp-json\/wp\/v2\/media?parent=58630"}],"wp:term":[{"taxonomy":"pwb-brand","embeddable":true,"href":"https:\/\/skinstudio.ee\/lv\/wp-json\/wp\/v2\/pwb-brand?post=58630"},{"taxonomy":"product_brand","embeddable":true,"href":"https:\/\/skinstudio.ee\/lv\/wp-json\/wp\/v2\/product_brand?post=58630"},{"taxonomy":"product_cat","embeddable":true,"href":"https:\/\/skinstudio.ee\/lv\/wp-json\/wp\/v2\/product_cat?post=58630"},{"taxonomy":"product_tag","embeddable":true,"href":"https:\/\/skinstudio.ee\/lv\/wp-json\/wp\/v2\/product_tag?post=58630"},{"taxonomy":"giftcard-category","embeddable":true,"href":"https:\/\/skinstudio.ee\/lv\/wp-json\/wp\/v2\/giftcard-category?post=58630"}],"curies":[{"name":"wp","href":"https:\/\/api.w.org\/{rel}","templated":true}]}}