{"id":58640,"date":"2023-05-24T17:55:59","date_gmt":"2023-05-24T17:55:59","guid":{"rendered":"https:\/\/skinstudio.ee\/?post_type=product&#038;p=58640"},"modified":"2026-02-19T13:09:55","modified_gmt":"2026-02-19T13:09:55","slug":"press-glow","status":"publish","type":"product","link":"https:\/\/skinstudio.ee\/lv\/catalog\/medik8-lv\/press-glow\/","title":{"rendered":"Press &amp; Glow"},"content":{"rendered":"<p data-start=\"307\" data-end=\"683\">Press &amp; Glow ir mitrino\u0161s sk\u0101bes toniks, kas maigi eksfoli\u0113 \u0101das virsmu, padarot to ar katru dienu glud\u0101ku, starojo\u0161\u0101ku un vienm\u0113r\u012bg\u0101ku. Formula ar polihidroksisk\u0101bi glikonolaktonu darbojas k\u0101 mitruma magn\u0113ts, nodro\u0161inot maigu atjauno\u0161anos bez kairin\u0101juma. Toniks nesausina, nesavelk un neatst\u0101j lip\u012bgu saj\u016btu, radot svaiguma un komforta efektu p\u0113c katras lieto\u0161anas reizes.<\/p>\n<p data-start=\"685\" data-end=\"994\">Press &amp; Glow apvieno kl\u012bniskus rezult\u0101tus ar maigumu, pal\u012bdzot izl\u012bdzin\u0101t \u0101das toni, uzlabot tekst\u016bru un atjaunot dabisko mirdzumu. Opuncijas ziedu ekstrakts aktiviz\u0113 \u0161\u016bnu atjauno\u0161anos un pastiprina tonika efektivit\u0101ti. Formula ide\u0101li darbojas kop\u0101 ar A vitam\u012bnu, uzlabojot \u0101das mirdzumu bez jut\u012bguma riska.<\/p>\n<p data-start=\"996\" data-end=\"1063\">Ce\u013c\u0161 uz gludu un starojo\u0161u \u0101du v\u0113l nekad nav bijis tik vienk\u0101r\u0161s.<\/p>\n<p data-start=\"1065\" data-end=\"1549\"><strong data-start=\"1065\" data-end=\"1089\">Akt\u012bv\u0101s sast\u0101vda\u013cas:<\/strong><br data-start=\"1089\" data-end=\"1092\" \/><strong data-start=\"1092\" data-end=\"1116\">Glikonolaktons (PHA)<\/strong> \u2013 dzi\u013ci mitrina \u0101du un maigi no\u0101rda atmiru\u0161o \u0161\u016bnu saites, uzlabojot tekst\u016bru, toni un dabisko mirdzumu.<br data-start=\"1220\" data-end=\"1223\" \/><strong data-start=\"1223\" data-end=\"1252\">Opuncijas ziedu ekstrakts<\/strong> \u2013 aktiviz\u0113 \u0101das dabiskos enz\u012bmus, pa\u0101trinot \u0161\u016bnu atjauno\u0161an\u0101s procesu un atjaunojot svaigumu.<br data-start=\"1346\" data-end=\"1349\" \/><strong data-start=\"1349\" data-end=\"1363\">A vitam\u012bns<\/strong> \u2013 veicina \u0101das atjauno\u0161anos un uzlabo kop\u0113jo \u0101das st\u0101vokli.<br data-start=\"1423\" data-end=\"1426\" \/><strong data-start=\"1426\" data-end=\"1461\">Aloe vera un acai ogu ekstrakts<\/strong> \u2013 nomierina, mazina iekaisumu un intens\u012bvi mitrina \u0101du, nodro\u0161inot ilgsto\u0161u komfortu.<\/p>\n<p data-start=\"1551\" data-end=\"1572\"><strong data-start=\"1551\" data-end=\"1563\">Tilpums:<\/strong> 30 ml \/ 200 ml<\/p>\n","protected":false},"excerpt":{"rendered":"<p data-start=\"2081\" data-end=\"2136\">Ikdienas PHA eksfoli\u0113jo\u0161s toniks ar enz\u012bmu aktivatoru<\/p>\n<h2 data-start=\"2138\" data-end=\"2361\"><strong data-start=\"2138\" data-end=\"2172\">\u012apa\u0161\u012bbas MEDIK8 &#8211; Press &amp; Glow<\/strong><\/h2>\n<p data-start=\"2138\" data-end=\"2361\">\u2714\ufe0f Maigi atjauno \u0101du, padarot to gludu un svaigu<br data-start=\"2223\" data-end=\"2226\" \/>\u2714\ufe0f Uzlabo dabisko mirdzumu un toni<br data-start=\"2260\" data-end=\"2263\" \/>\u2714\ufe0f Izl\u012bdzina tekst\u016bru un \u0101das virsmu<br data-start=\"2299\" data-end=\"2302\" \/>\u2714\ufe0f Eksfoli\u0113 bez kairin\u0101juma<br data-start=\"2329\" data-end=\"2332\" \/>\u2714\ufe0f Mitrina un nomierina \u0101du<\/p>\n<p data-start=\"2363\" data-end=\"2426\"><span style=\"text-decoration: underline; color: #0000ff;\"><a style=\"color: #0000ff; text-decoration: underline;\" href=\"https:\/\/skinstudio.ee\/lv\/toode\/medik8-lv\/press-glow-refill\/\">Pieejams ar\u012b <span>Press &amp; Glow<\/span>\u00a0<span>Refill<\/span><\/a><\/span><\/p>\n","protected":false},"featured_media":63015,"template":"","meta":[],"pwb-brand":[1205],"product_brand":[],"product_cat":[741,751,747,721,753],"product_tag":[],"giftcard-category":[],"class_list":{"0":"post-58640","1":"product","2":"type-product","3":"status-publish","4":"has-post-thumbnail","6":"pwb-brand-medik8-lv","7":"product_cat-izsitumi","8":"product_cat-pigmentacija-lv","9":"product_cat-taukainai-adai","10":"product_cat-toniki-lv","11":"product_cat-travel-size-lv","12":"pa_suurus-200ml-lv","13":"pa_suurus-30ml-lv","15":"first","16":"instock","17":"sale","18":"taxable","19":"shipping-taxable","20":"purchasable","21":"product-type-variable"},"acf":[],"brands":[{"id":1205,"name":"Medik8","slug":"medik8-lv"}],"_links":{"self":[{"href":"https:\/\/skinstudio.ee\/lv\/wp-json\/wp\/v2\/product\/58640","targetHints":{"allow":["GET"]}}],"collection":[{"href":"https:\/\/skinstudio.ee\/lv\/wp-json\/wp\/v2\/product"}],"about":[{"href":"https:\/\/skinstudio.ee\/lv\/wp-json\/wp\/v2\/types\/product"}],"version-history":[{"count":1,"href":"https:\/\/skinstudio.ee\/lv\/wp-json\/wp\/v2\/product\/58640\/revisions"}],"predecessor-version":[{"id":82450,"href":"https:\/\/skinstudio.ee\/lv\/wp-json\/wp\/v2\/product\/58640\/revisions\/82450"}],"wp:featuredmedia":[{"embeddable":true,"href":"https:\/\/skinstudio.ee\/lv\/wp-json\/wp\/v2\/media\/63015"}],"wp:attachment":[{"href":"https:\/\/skinstudio.ee\/lv\/wp-json\/wp\/v2\/media?parent=58640"}],"wp:term":[{"taxonomy":"pwb-brand","embeddable":true,"href":"https:\/\/skinstudio.ee\/lv\/wp-json\/wp\/v2\/pwb-brand?post=58640"},{"taxonomy":"product_brand","embeddable":true,"href":"https:\/\/skinstudio.ee\/lv\/wp-json\/wp\/v2\/product_brand?post=58640"},{"taxonomy":"product_cat","embeddable":true,"href":"https:\/\/skinstudio.ee\/lv\/wp-json\/wp\/v2\/product_cat?post=58640"},{"taxonomy":"product_tag","embeddable":true,"href":"https:\/\/skinstudio.ee\/lv\/wp-json\/wp\/v2\/product_tag?post=58640"},{"taxonomy":"giftcard-category","embeddable":true,"href":"https:\/\/skinstudio.ee\/lv\/wp-json\/wp\/v2\/giftcard-category?post=58640"}],"curies":[{"name":"wp","href":"https:\/\/api.w.org\/{rel}","templated":true}]}}