{"id":58649,"date":"2023-05-24T17:55:59","date_gmt":"2023-05-24T17:55:59","guid":{"rendered":"https:\/\/skinstudio.ee\/?post_type=product&#038;p=58649"},"modified":"2025-12-29T09:38:54","modified_gmt":"2025-12-29T09:38:54","slug":"c-tetra-eye","status":"publish","type":"product","link":"https:\/\/skinstudio.ee\/lv\/catalog\/medik8-lv\/c-tetra-eye\/","title":{"rendered":"C-Tetra\u00ae Eye"},"content":{"rendered":"<p data-start=\"506\" data-end=\"863\">Viegls, bet sp\u0113c\u012bgs <strong data-start=\"542\" data-end=\"558\">C-Tetra\u00ae Eye<\/strong> serums \u0101tri ies\u016bcas \u0101d\u0101, izl\u012bdzinot smalk\u0101s l\u012bnijas un grumbi\u0146as ap ac\u012bm, pie\u0161\u0137irot skatienam svaigumu un jaunekl\u012bgu izskatu. \u0160\u012b izgaismojo\u0161\u0101 formula ar <strong data-start=\"712\" data-end=\"733\">C un E vitam\u012bniem<\/strong> nodro\u0161ina dubultu antioksidantu aizsardz\u012bbu, pasarg\u0101jot jut\u012bgo \u0101das zonu ap ac\u012bm no oksidat\u012bv\u0101 stresa un samazinot kairin\u0101jumu.<\/p>\n<p data-start=\"865\" data-end=\"1213\">Abi antioksidanti darbojas siner\u0123iski, pastiprinot viens otra efektivit\u0101ti un nodro\u0161inot maksim\u0101lu rezult\u0101tu jau no pirm\u0101s lieto\u0161anas reizes. Formula ir 100% stabila, maigi mitrina, pie\u0161\u0137ir ener\u0123iju un atdz\u012bvina \u0101du, padarot acu zonu gludu, stingru un mirdzo\u0161u. Ide\u0101li piem\u0113rots r\u012bta lieto\u0161anai, lai aizsarg\u0101tu \u0101du no agr\u012bn\u0101m noveco\u0161an\u0101s paz\u012bm\u0113m.<\/p>\n<p data-start=\"1215\" data-end=\"1506\"><strong data-start=\"1215\" data-end=\"1239\">Akt\u012bv\u0101s sast\u0101vda\u013cas:<\/strong><br data-start=\"1239\" data-end=\"1242\" \/>\u2013 <strong data-start=\"1244\" data-end=\"1273\">Tetraheksildecilaskorb\u0101ts<\/strong> \u2013 stabila, taukos \u0161\u0137\u012bsto\u0161a C vitam\u012bna forma, kas stimul\u0113 kolag\u0113na veido\u0161anos un uzlabo \u0101das tvirtumu.<br data-start=\"1375\" data-end=\"1378\" \/>\u2013 <strong data-start=\"1380\" data-end=\"1394\">E vitam\u012bns<\/strong> \u2013 sp\u0113c\u012bgs taukos \u0161\u0137\u012bsto\u0161s antioksidants, kas pasarg\u0101 \u0101du no oksidat\u012bviem boj\u0101jumiem un stiprina \u0101das barjeru.<\/p>\n<p data-start=\"1508\" data-end=\"1527\"><strong data-start=\"1508\" data-end=\"1520\">Tilpums:<\/strong> 7 ml<\/p>\n","protected":false},"excerpt":{"rendered":"<p data-start=\"195\" data-end=\"245\">Antioksidantu serums ar lip\u012bdo C vitam\u012bnu<\/p>\n<h2 data-start=\"247\" data-end=\"504\"><strong data-start=\"247\" data-end=\"281\">\u012apa\u0161\u012bbas MEDIK8 &#8211; C-Tetra\u00ae Eye<\/strong><\/h2>\n<p data-start=\"247\" data-end=\"504\">\u2714\ufe0f Aizsarg\u0101 \u0101du no br\u012bvo radik\u0101\u013cu boj\u0101jumiem<br data-start=\"328\" data-end=\"331\" \/>\u2714\ufe0f Stimul\u0113 kolag\u0113na sint\u0113zi un stiprina \u0101du<br data-start=\"374\" data-end=\"377\" \/>\u2714\ufe0f Uzlabo mitrin\u0101\u0161anu un elast\u012bbu<br data-start=\"410\" data-end=\"413\" \/>\u2714\ufe0f Samazina smalk\u0101s l\u012bnijas un grumbi\u0146as<br data-start=\"453\" data-end=\"456\" \/>\u2714\ufe0f Nov\u0113r\u0161 priek\u0161laic\u012bgu noveco\u0161anos un bl\u0101vumu<\/p>\n","protected":false},"featured_media":63045,"template":"","meta":[],"pwb-brand":[1205],"product_brand":[],"product_cat":[733,729,745,737,749,751,739,723,747],"product_tag":[],"giftcard-category":[],"class_list":{"0":"post-58649","1":"product","2":"type-product","3":"status-publish","4":"has-post-thumbnail","6":"pwb-brand-medik8-lv","7":"product_cat-ada-ap-acim","8":"product_cat-c-vitamins","9":"product_cat-jutigai-adai","10":"product_cat-mitrinasana","11":"product_cat-novecojosa-ada","12":"product_cat-pigmentacija-lv","13":"product_cat-sausai-adai","14":"product_cat-serumi","15":"product_cat-taukainai-adai","17":"first","18":"instock","19":"taxable","20":"shipping-taxable","21":"purchasable","22":"product-type-simple"},"acf":[],"brands":[{"id":1205,"name":"Medik8","slug":"medik8-lv"}],"_links":{"self":[{"href":"https:\/\/skinstudio.ee\/lv\/wp-json\/wp\/v2\/product\/58649","targetHints":{"allow":["GET"]}}],"collection":[{"href":"https:\/\/skinstudio.ee\/lv\/wp-json\/wp\/v2\/product"}],"about":[{"href":"https:\/\/skinstudio.ee\/lv\/wp-json\/wp\/v2\/types\/product"}],"version-history":[{"count":0,"href":"https:\/\/skinstudio.ee\/lv\/wp-json\/wp\/v2\/product\/58649\/revisions"}],"wp:featuredmedia":[{"embeddable":true,"href":"https:\/\/skinstudio.ee\/lv\/wp-json\/wp\/v2\/media\/63045"}],"wp:attachment":[{"href":"https:\/\/skinstudio.ee\/lv\/wp-json\/wp\/v2\/media?parent=58649"}],"wp:term":[{"taxonomy":"pwb-brand","embeddable":true,"href":"https:\/\/skinstudio.ee\/lv\/wp-json\/wp\/v2\/pwb-brand?post=58649"},{"taxonomy":"product_brand","embeddable":true,"href":"https:\/\/skinstudio.ee\/lv\/wp-json\/wp\/v2\/product_brand?post=58649"},{"taxonomy":"product_cat","embeddable":true,"href":"https:\/\/skinstudio.ee\/lv\/wp-json\/wp\/v2\/product_cat?post=58649"},{"taxonomy":"product_tag","embeddable":true,"href":"https:\/\/skinstudio.ee\/lv\/wp-json\/wp\/v2\/product_tag?post=58649"},{"taxonomy":"giftcard-category","embeddable":true,"href":"https:\/\/skinstudio.ee\/lv\/wp-json\/wp\/v2\/giftcard-category?post=58649"}],"curies":[{"name":"wp","href":"https:\/\/api.w.org\/{rel}","templated":true}]}}