{"id":58659,"date":"2023-05-24T17:55:59","date_gmt":"2023-05-24T17:55:59","guid":{"rendered":"https:\/\/skinstudio.ee\/?post_type=product&#038;p=58659"},"modified":"2025-12-29T09:38:56","modified_gmt":"2025-12-29T09:38:56","slug":"daily-refresh-balancing-toner","status":"publish","type":"product","link":"https:\/\/skinstudio.ee\/lv\/catalog\/medik8-lv\/daily-refresh-balancing-toner\/","title":{"rendered":"Daily Refresh Balancing Toner\u2122"},"content":{"rendered":"<p data-start=\"551\" data-end=\"833\">Maigais <strong data-start=\"575\" data-end=\"609\">Daily Refresh Balancing Toner\u2122<\/strong> ir bezspirta toniks-kondicionieris, kas pal\u012bdz l\u012bdzsvarot, att\u012br\u012bt un atsvaidzin\u0101t \u0101du p\u0113c att\u012br\u012b\u0161anas. Formula ar <strong data-start=\"725\" data-end=\"740\">prebiotik\u0101m<\/strong> atbalsta \u0101das dabisko mikrobiomu, pal\u012bdzot saglab\u0101t vesel\u012bgu l\u012bdzsvaru un aizsargfunkciju.<\/p>\n<p data-start=\"835\" data-end=\"1204\">Toniks iedarbojas piecos l\u012bme\u0146os \u2013 l\u012bdzsvaro pH, att\u012bra poras, mitrina, nomierina un nodro\u0161ina antibakteri\u0101lu aizsardz\u012bbu. <strong data-start=\"958\" data-end=\"968\">Alveja<\/strong> un <strong data-start=\"972\" data-end=\"987\">niacinam\u012bds<\/strong> mazina iekaisumu un kairin\u0101jumu, <strong data-start=\"1021\" data-end=\"1035\">allanto\u012bns<\/strong> dzi\u013ci mitrina un baro \u0101du, bet <strong data-start=\"1067\" data-end=\"1092\">burvjlazdas ekstrakts<\/strong> nostiprina un toniz\u0113 \u0101du, padarot to gludu un svaigu. Rezult\u0101t\u0101 \u0101da k\u013c\u016bst l\u012bdzena, t\u012bra un vesel\u012bgi mirdzo\u0161a.<\/p>\n<p data-start=\"1206\" data-end=\"1668\"><strong data-start=\"1206\" data-end=\"1230\">Akt\u012bv\u0101s sast\u0101vda\u013cas:<\/strong><br data-start=\"1230\" data-end=\"1233\" \/>\u2013 <strong data-start=\"1235\" data-end=\"1249\">Allanto\u012bns<\/strong> \u2013 nomierina un mitrina \u0101du.<br data-start=\"1277\" data-end=\"1280\" \/>\u2013 <strong data-start=\"1282\" data-end=\"1307\">Burvjlazdas ekstrakts<\/strong> \u2013 maigi nostiprina un toniz\u0113 \u0101du, pie\u0161\u0137irot tai gludumu.<br data-start=\"1364\" data-end=\"1367\" \/>\u2013 <strong data-start=\"1369\" data-end=\"1384\">Niacinam\u012bds<\/strong> \u2013 pretiekaisuma komponents, kas stiprina \u0101das aizsargbarjeru.<br data-start=\"1446\" data-end=\"1449\" \/>\u2013 <strong data-start=\"1451\" data-end=\"1472\">Alvejas ekstrakts<\/strong> \u2013 dab\u012bgs pretiekaisuma un nomierino\u0161s l\u012bdzeklis.<br data-start=\"1521\" data-end=\"1524\" \/>\u2013 <strong data-start=\"1526\" data-end=\"1541\">Prebiotikas<\/strong> \u2013 veicina labv\u0113l\u012bgo bakt\u0113riju aug\u0161anu un ierobe\u017eo kait\u012bgo bakt\u0113riju att\u012bst\u012bbu, nodro\u0161inot vesel\u012bgu un l\u012bdzsvarotu \u0101das toni.<\/p>\n<p data-start=\"1670\" data-end=\"1691\"><strong data-start=\"1670\" data-end=\"1682\">Tilpums:<\/strong> 150 ml<\/p>\n","protected":false},"excerpt":{"rendered":"<p data-start=\"195\" data-end=\"246\">Mitrino\u0161s toniks-kondicionieris bez spirta<\/p>\n<h2 data-start=\"248\" data-end=\"549\"><strong data-start=\"248\" data-end=\"300\">\u012apa\u0161\u012bbas MEDIK8 &#8211; Daily Refresh Balancing Toner\u2122<\/strong><\/h2>\n<p data-start=\"248\" data-end=\"549\">\u2714\ufe0f Atjauno \u0101das dabisko pH l\u012bdzsvaru un att\u012bra poras<br data-start=\"355\" data-end=\"358\" \/>\u2714\ufe0f Nomierina, mitrina un atsvaidzina \u0101du<br data-start=\"398\" data-end=\"401\" \/>\u2714\ufe0f Atbalsta vesel\u012bgu mikrobiomu ar prebiotik\u0101m<br data-start=\"447\" data-end=\"450\" \/>\u2714\ufe0f Nostiprina un toniz\u0113 bez savilkuma saj\u016btas<br data-start=\"495\" data-end=\"498\" \/>\u2714\ufe0f Piem\u0113rots visiem \u0101das tipiem, ar\u012b jut\u012bgai \u0101dai<\/p>\n","protected":false},"featured_media":63010,"template":"","meta":[],"pwb-brand":[1205],"product_brand":[],"product_cat":[741,745,749,743,739,747,721],"product_tag":[],"giftcard-category":[],"class_list":{"0":"post-58659","1":"product","2":"type-product","3":"status-publish","4":"has-post-thumbnail","6":"pwb-brand-medik8-lv","7":"product_cat-izsitumi","8":"product_cat-jutigai-adai","9":"product_cat-novecojosa-ada","10":"product_cat-paplasinatas-poras","11":"product_cat-sausai-adai","12":"product_cat-taukainai-adai","13":"product_cat-toniki-lv","15":"first","16":"instock","17":"taxable","18":"shipping-taxable","19":"purchasable","20":"product-type-simple"},"acf":[],"brands":[{"id":1205,"name":"Medik8","slug":"medik8-lv"}],"_links":{"self":[{"href":"https:\/\/skinstudio.ee\/lv\/wp-json\/wp\/v2\/product\/58659","targetHints":{"allow":["GET"]}}],"collection":[{"href":"https:\/\/skinstudio.ee\/lv\/wp-json\/wp\/v2\/product"}],"about":[{"href":"https:\/\/skinstudio.ee\/lv\/wp-json\/wp\/v2\/types\/product"}],"version-history":[{"count":0,"href":"https:\/\/skinstudio.ee\/lv\/wp-json\/wp\/v2\/product\/58659\/revisions"}],"wp:featuredmedia":[{"embeddable":true,"href":"https:\/\/skinstudio.ee\/lv\/wp-json\/wp\/v2\/media\/63010"}],"wp:attachment":[{"href":"https:\/\/skinstudio.ee\/lv\/wp-json\/wp\/v2\/media?parent=58659"}],"wp:term":[{"taxonomy":"pwb-brand","embeddable":true,"href":"https:\/\/skinstudio.ee\/lv\/wp-json\/wp\/v2\/pwb-brand?post=58659"},{"taxonomy":"product_brand","embeddable":true,"href":"https:\/\/skinstudio.ee\/lv\/wp-json\/wp\/v2\/product_brand?post=58659"},{"taxonomy":"product_cat","embeddable":true,"href":"https:\/\/skinstudio.ee\/lv\/wp-json\/wp\/v2\/product_cat?post=58659"},{"taxonomy":"product_tag","embeddable":true,"href":"https:\/\/skinstudio.ee\/lv\/wp-json\/wp\/v2\/product_tag?post=58659"},{"taxonomy":"giftcard-category","embeddable":true,"href":"https:\/\/skinstudio.ee\/lv\/wp-json\/wp\/v2\/giftcard-category?post=58659"}],"curies":[{"name":"wp","href":"https:\/\/api.w.org\/{rel}","templated":true}]}}