{"id":58677,"date":"2023-05-24T17:55:59","date_gmt":"2023-05-24T17:55:59","guid":{"rendered":"https:\/\/skinstudio.ee\/?post_type=product&#038;p=58677"},"modified":"2025-12-29T09:38:58","modified_gmt":"2025-12-29T09:38:58","slug":"sleep-glycolic","status":"publish","type":"product","link":"https:\/\/skinstudio.ee\/lv\/catalog\/medik8-lv\/sleep-glycolic\/","title":{"rendered":"Sleep Glycolic\u2122"},"content":{"rendered":"<p data-start=\"615\" data-end=\"974\"><strong data-start=\"631\" data-end=\"650\">Sleep Glycolic\u2122<\/strong> ir inovat\u012bvs nakts serums ar 10% br\u012bv\u0101s glikolsk\u0101bes saturu, kas nodro\u0161ina profesion\u0101la l\u012bme\u0146a p\u012blinga rezult\u0101tus m\u0101jas apst\u0101k\u013cos \u2013 bez \u0101das kairin\u0101juma. Pateicoties <strong data-start=\"817\" data-end=\"858\">pak\u0101peniskas izdal\u012b\u0161an\u0101s tehnolo\u0123ijai<\/strong>, akt\u012bv\u0101 sk\u0101be tiek atbr\u012bvota pak\u0101peniski visas nakts laik\u0101, nodro\u0161inot maksim\u0101lu efektivit\u0101ti un maigu iedarb\u012bbu.<\/p>\n<p data-start=\"976\" data-end=\"1188\"><strong data-start=\"976\" data-end=\"991\">Glikolsk\u0101be<\/strong>, kurai ir vismaz\u0101k\u0101 molekul\u0101r\u0101 strukt\u016bra no vis\u0101m alfa-hidroksisk\u0101b\u0113m, viegli iek\u013c\u016bst \u0101d\u0101, no\u0146em atmiru\u0161\u0101s \u0161\u016bnas un stimul\u0113 \u0161\u016bnu atjauno\u0161anos. No r\u012bta \u0101da k\u013c\u016bst glud\u0101ka, svaig\u0101ka un starojo\u0161\u0101ka.<\/p>\n<p data-start=\"1190\" data-end=\"1495\">Formula ir bag\u0101tin\u0101ta ar <strong data-start=\"1215\" data-end=\"1228\">glicer\u012bnu<\/strong> un <strong data-start=\"1232\" data-end=\"1264\">Lespedeza Capitata ekstraktu<\/strong>, kas pal\u012bdz atjaunot \u0101das mitruma l\u012bmeni, stiprina aizsargbarjeru un veicina vesel\u012bgu mirdzumu. <strong data-start=\"1361\" data-end=\"1380\">Sleep Glycolic\u2122<\/strong> ir ide\u0101la izv\u0113le k\u0101 sagatavo\u0161an\u0101s solis profesion\u0101lajam p\u012blingam vai ar\u012b rezult\u0101tu uztur\u0113\u0161anai starp proced\u016br\u0101m.<\/p>\n<p data-start=\"1497\" data-end=\"1818\"><strong data-start=\"1497\" data-end=\"1521\">Akt\u012bv\u0101s sast\u0101vda\u013cas:<\/strong><br data-start=\"1521\" data-end=\"1524\" \/>\u2013 <strong data-start=\"1526\" data-end=\"1561\">Glikolsk\u0101be ar l\u0113nu izdal\u012b\u0161anos<\/strong> \u2013 maigi noloba \u0101du un stimul\u0113 t\u0101s dabisko atjauno\u0161anos nakts laik\u0101.<br data-start=\"1629\" data-end=\"1632\" \/>\u2013 <strong data-start=\"1634\" data-end=\"1647\">Glicer\u012bns<\/strong> \u2013 dzi\u013ci mitrina un uzlabo \u0101das komfortu.<br data-start=\"1688\" data-end=\"1691\" \/>\u2013 <strong data-start=\"1693\" data-end=\"1725\">Lespedeza Capitata ekstrakts<\/strong> \u2013 veicina \u0101das atjauno\u0161anos un mitrin\u0101\u0161anu, aizsarg\u0101 barjeru un pie\u0161\u0137ir vesel\u012bgu mirdzumu.<\/p>\n<p data-start=\"1820\" data-end=\"1840\"><strong data-start=\"1820\" data-end=\"1832\">Tilpums:<\/strong> 30 ml<\/p>\n","protected":false},"excerpt":{"rendered":"<p data-start=\"244\" data-end=\"301\">Nakts serums ar glikolsk\u0101bi (AHA) m\u0101jas p\u012blingam<\/p>\n<h2 data-start=\"303\" data-end=\"613\"><strong data-start=\"303\" data-end=\"340\">\u012apa\u0161\u012bbas MEDIK8 &#8211; Sleep Glycolic\u2122<\/strong><\/h2>\n<p data-start=\"303\" data-end=\"613\">\u2714\ufe0f Maigi noloba un atjauno \u0101du, uzlabojot t\u0101s tekst\u016bru<br data-start=\"397\" data-end=\"400\" \/>\u2714\ufe0f Izl\u012bdzina s\u012bkas krunci\u0146as un \u0101das toni<br data-start=\"441\" data-end=\"444\" \/>\u2714\ufe0f Padara \u0101du gai\u0161\u0101ku un pie\u0161\u0137ir dabisku mirdzumu<br data-start=\"493\" data-end=\"496\" \/>\u2714\ufe0f Saglab\u0101 \u0101das aizsargbarjeras l\u012bdzsvaru un mitrumu<br data-start=\"548\" data-end=\"551\" \/>\u2714\ufe0f Nodro\u0161ina redzamus rezult\u0101tus bez sausuma vai kairin\u0101juma<\/p>\n","protected":false},"featured_media":63040,"template":"","meta":[],"pwb-brand":[1205],"product_brand":[],"product_cat":[741,745,737,749,743,751,739,723,719,747],"product_tag":[],"giftcard-category":[],"class_list":{"0":"post-58677","1":"product","2":"type-product","3":"status-publish","4":"has-post-thumbnail","6":"pwb-brand-medik8-lv","7":"product_cat-izsitumi","8":"product_cat-jutigai-adai","9":"product_cat-mitrinasana","10":"product_cat-novecojosa-ada","11":"product_cat-paplasinatas-poras","12":"product_cat-pigmentacija-lv","13":"product_cat-sausai-adai","14":"product_cat-serumi","15":"product_cat-skrubji-un-pilingi","16":"product_cat-taukainai-adai","18":"first","19":"instock","20":"taxable","21":"shipping-taxable","22":"purchasable","23":"product-type-simple"},"acf":[],"brands":[{"id":1205,"name":"Medik8","slug":"medik8-lv"}],"_links":{"self":[{"href":"https:\/\/skinstudio.ee\/lv\/wp-json\/wp\/v2\/product\/58677","targetHints":{"allow":["GET"]}}],"collection":[{"href":"https:\/\/skinstudio.ee\/lv\/wp-json\/wp\/v2\/product"}],"about":[{"href":"https:\/\/skinstudio.ee\/lv\/wp-json\/wp\/v2\/types\/product"}],"version-history":[{"count":0,"href":"https:\/\/skinstudio.ee\/lv\/wp-json\/wp\/v2\/product\/58677\/revisions"}],"wp:featuredmedia":[{"embeddable":true,"href":"https:\/\/skinstudio.ee\/lv\/wp-json\/wp\/v2\/media\/63040"}],"wp:attachment":[{"href":"https:\/\/skinstudio.ee\/lv\/wp-json\/wp\/v2\/media?parent=58677"}],"wp:term":[{"taxonomy":"pwb-brand","embeddable":true,"href":"https:\/\/skinstudio.ee\/lv\/wp-json\/wp\/v2\/pwb-brand?post=58677"},{"taxonomy":"product_brand","embeddable":true,"href":"https:\/\/skinstudio.ee\/lv\/wp-json\/wp\/v2\/product_brand?post=58677"},{"taxonomy":"product_cat","embeddable":true,"href":"https:\/\/skinstudio.ee\/lv\/wp-json\/wp\/v2\/product_cat?post=58677"},{"taxonomy":"product_tag","embeddable":true,"href":"https:\/\/skinstudio.ee\/lv\/wp-json\/wp\/v2\/product_tag?post=58677"},{"taxonomy":"giftcard-category","embeddable":true,"href":"https:\/\/skinstudio.ee\/lv\/wp-json\/wp\/v2\/giftcard-category?post=58677"}],"curies":[{"name":"wp","href":"https:\/\/api.w.org\/{rel}","templated":true}]}}