{"id":58707,"date":"2023-05-24T17:56:04","date_gmt":"2023-05-24T17:56:04","guid":{"rendered":"https:\/\/skinstudio.ee\/?post_type=product&#038;p=58707"},"modified":"2026-03-23T11:24:50","modified_gmt":"2026-03-23T11:24:50","slug":"intelligent-retinol","status":"publish","type":"product","link":"https:\/\/skinstudio.ee\/lv\/catalog\/medik8-lv\/intelligent-retinol\/","title":{"rendered":"Intelligent Retinol"},"content":{"rendered":"<p data-start=\"98\" data-end=\"353\"><strong data-start=\"98\" data-end=\"131\">Intelligent Retinol no Medik8<\/strong> &#8211; nakts serums ar t\u012bru retinolu, kas paredz\u0113ts grumbu samazin\u0101\u0161anai, \u0101das tekst\u016bras uzlabo\u0161anai un elast\u012bbas palielin\u0101\u0161anai. Formula veicina \u0101das atjauno\u0161anos, izl\u012bdzina toni un padara \u0101du redzami glud\u0101ku un jaunekl\u012bg\u0101ku.<\/p>\n<p data-start=\"355\" data-end=\"673\">Intelligent Retinol izmanto <strong>Time Release<\/strong> tehnolo\u0123iju, kas nodro\u0161ina pak\u0101penisku retinola izdal\u012b\u0161anos nakts laik\u0101, samazinot kairin\u0101juma risku un nodro\u0161inot vienm\u0113r\u012bgu iedarb\u012bbu. Formula ir pastiprin\u0101ta ar climbazole, kas uzlabo A vitam\u012bna efektivit\u0101ti un \u013cauj sasniegt izteikt\u0101kus rezult\u0101tus bez diskomforta.<\/p>\n<p data-start=\"675\" data-end=\"936\">L\u012bnija ir pieejama vair\u0101k\u0101s progres\u012bv\u0101s stipr\u012bb\u0101s, tostarp Intense versij\u0101s, \u013caujot pak\u0101peniski palielin\u0101t iedarb\u012bbu un piel\u0101got kop\u0161anu \u0101das vajadz\u012bb\u0101m. Skval\u0101ns un E vitam\u012bns pal\u012bdz uztur\u0113t \u0101das aizsargbarjeru un nodro\u0161ina komfortu retino\u012bdu lieto\u0161anas laik\u0101.<\/p>\n<p data-start=\"938\" data-end=\"976\"><strong data-start=\"938\" data-end=\"974\">Darb\u012bba akt\u012bvajiem komponentiem:<\/strong><\/p>\n<p data-start=\"978\" data-end=\"1068\">\u2022 <strong data-start=\"980\" data-end=\"993\">Retinols:<\/strong> stimul\u0113 kolag\u0113na sint\u0113zi, pa\u0101trina \u0161\u016bnu atjauno\u0161anos un samazina grumbas<\/p>\n<p data-start=\"1070\" data-end=\"1145\">\u2022 <strong data-start=\"1072\" data-end=\"1087\">Climbazole:<\/strong> pastiprina retinola iedarb\u012bbu, nepalielinot kairin\u0101jumu<\/p>\n<p data-start=\"1147\" data-end=\"1223\">\u2022 <strong data-start=\"1149\" data-end=\"1162\">Skval\u0101ns:<\/strong> atjauno \u0101das lip\u012bdu barjeru un nodro\u0161ina dzi\u013cu mitrin\u0101\u0161anu<\/p>\n<p data-start=\"1225\" data-end=\"1418\"><strong data-start=\"1225\" data-end=\"1263\">Kam piem\u0113rots Intelligent Retinol:<\/strong> sausai, nobriedu\u0161ai vai nevienm\u0113r\u012bgai \u0101dai ar pirmaj\u0101m noveco\u0161an\u0101s paz\u012bm\u0113m, k\u0101 ar\u012b pak\u0101peniskai A vitam\u012bna ievie\u0161anai ar iesp\u0113ju palielin\u0101t koncentr\u0101ciju.<\/p>\n<p data-start=\"1420\" data-end=\"1440\"><strong data-start=\"1420\" data-end=\"1438\">Tilpums: 15 ml<\/strong><\/p>\n","protected":false},"excerpt":{"rendered":"<p data-start=\"1898\" data-end=\"1924\">Nakts serums ar retinolu<\/p>\n<h2 data-start=\"1926\" data-end=\"1967\"><strong data-start=\"1926\" data-end=\"1967\">\u012apa\u0161\u012bbas Medik8 &#8211; Intelligent Retinol<\/strong><\/h2>\n<p data-start=\"1969\" data-end=\"2201\">\u2714\ufe0f Samazina grumbas un uzlabo \u0101das tekst\u016bru<br data-start=\"2012\" data-end=\"2015\" \/>\u2714\ufe0f Palielina \u0101das elast\u012bbu un bl\u012bvumu<br data-start=\"2052\" data-end=\"2055\" \/>\u2714\ufe0f Izl\u012bdzina \u0101das toni un pie\u0161\u0137ir mirdzumu<br data-start=\"2097\" data-end=\"2100\" \/>\u2714\ufe0f Darbojas saudz\u012bgi ar Time Release tehnolo\u0123iju<br data-start=\"2148\" data-end=\"2151\" \/>\u2714\ufe0f \u013bauj pak\u0101peniski palielin\u0101t retinola stiprumu<\/p>\n","protected":false},"featured_media":87883,"template":"","meta":[],"pwb-brand":[1205],"product_brand":[],"product_cat":[727,745,737,749,743,751,739,723],"product_tag":[],"giftcard-category":[],"class_list":{"0":"post-58707","1":"product","2":"type-product","3":"status-publish","4":"has-post-thumbnail","6":"pwb-brand-medik8-lv","7":"product_cat-a-vitamins-retinols","8":"product_cat-jutigai-adai","9":"product_cat-mitrinasana","10":"product_cat-novecojosa-ada","11":"product_cat-paplasinatas-poras","12":"product_cat-pigmentacija-lv","13":"product_cat-sausai-adai","14":"product_cat-serumi","16":"first","17":"instock","18":"taxable","19":"shipping-taxable","20":"purchasable","21":"product-type-variable"},"acf":[],"brands":[{"id":1205,"name":"Medik8","slug":"medik8-lv"}],"_links":{"self":[{"href":"https:\/\/skinstudio.ee\/lv\/wp-json\/wp\/v2\/product\/58707","targetHints":{"allow":["GET"]}}],"collection":[{"href":"https:\/\/skinstudio.ee\/lv\/wp-json\/wp\/v2\/product"}],"about":[{"href":"https:\/\/skinstudio.ee\/lv\/wp-json\/wp\/v2\/types\/product"}],"version-history":[{"count":2,"href":"https:\/\/skinstudio.ee\/lv\/wp-json\/wp\/v2\/product\/58707\/revisions"}],"predecessor-version":[{"id":87926,"href":"https:\/\/skinstudio.ee\/lv\/wp-json\/wp\/v2\/product\/58707\/revisions\/87926"}],"wp:featuredmedia":[{"embeddable":true,"href":"https:\/\/skinstudio.ee\/lv\/wp-json\/wp\/v2\/media\/87883"}],"wp:attachment":[{"href":"https:\/\/skinstudio.ee\/lv\/wp-json\/wp\/v2\/media?parent=58707"}],"wp:term":[{"taxonomy":"pwb-brand","embeddable":true,"href":"https:\/\/skinstudio.ee\/lv\/wp-json\/wp\/v2\/pwb-brand?post=58707"},{"taxonomy":"product_brand","embeddable":true,"href":"https:\/\/skinstudio.ee\/lv\/wp-json\/wp\/v2\/product_brand?post=58707"},{"taxonomy":"product_cat","embeddable":true,"href":"https:\/\/skinstudio.ee\/lv\/wp-json\/wp\/v2\/product_cat?post=58707"},{"taxonomy":"product_tag","embeddable":true,"href":"https:\/\/skinstudio.ee\/lv\/wp-json\/wp\/v2\/product_tag?post=58707"},{"taxonomy":"giftcard-category","embeddable":true,"href":"https:\/\/skinstudio.ee\/lv\/wp-json\/wp\/v2\/giftcard-category?post=58707"}],"curies":[{"name":"wp","href":"https:\/\/api.w.org\/{rel}","templated":true}]}}