{"id":58716,"date":"2023-05-24T17:56:05","date_gmt":"2023-05-24T17:56:05","guid":{"rendered":"https:\/\/skinstudio.ee\/?post_type=product&#038;p=58716"},"modified":"2025-12-29T09:38:54","modified_gmt":"2025-12-29T09:38:54","slug":"advanced-night-eye","status":"publish","type":"product","link":"https:\/\/skinstudio.ee\/lv\/catalog\/medik8-lv\/advanced-night-eye\/","title":{"rendered":"Advanced Night Eye\u2122"},"content":{"rendered":"<p data-start=\"529\" data-end=\"832\">Bag\u0101t\u012bg\u0101 <strong data-start=\"554\" data-end=\"577\">Advanced Night Eye\u2122<\/strong> formula intens\u012bvi baro un atjauno jut\u012bgo \u0101du ap ac\u012bm nakts laik\u0101, lai no r\u012bta t\u0101 izskat\u012btos atp\u016btusies un starojo\u0161a. Viegl\u0101, \u0101tri uzs\u016bco\u0161\u0101 tekst\u016bra nodro\u0161ina ilgsto\u0161u mitrin\u0101\u0161anu un pal\u012bdz \u0101dai atg\u016bties p\u0113c dienas laik\u0101 g\u016btajiem vides stresa faktoriem.<\/p>\n<p data-start=\"834\" data-end=\"1168\">Sp\u0113c\u012bgais <strong data-start=\"844\" data-end=\"872\">Midnight Repair Complex\u2122<\/strong>, kas ietver saskat\u016bnas ogu un pitajas ekstraktus kop\u0101 ar \u0161\u016bnas atjaunojo\u0161iem pept\u012bdiem, neitraliz\u0113 br\u012bvos radik\u0101\u013cus, kas uzkr\u0101jas dienas laik\u0101 UV starojuma un pies\u0101r\u0146ojuma ietekm\u0113. \u0160is komplekss pal\u012bdz nov\u0113rst priek\u0161laic\u012bgas noveco\u0161an\u0101s paz\u012bmes un saglab\u0101 \u0101du jaunekl\u012bgu un vesel\u012bgi starojo\u0161u.<\/p>\n<p data-start=\"1170\" data-end=\"1536\">Pept\u012bdu komplekss <strong data-start=\"1188\" data-end=\"1206\">Matrixyl 3000\u00ae<\/strong> stiprina \u0101das kont\u016bras un samazina grumbi\u0146as, savuk\u0101rt <strong data-start=\"1262\" data-end=\"1277\">hesperid\u012bns<\/strong> un <strong data-start=\"1281\" data-end=\"1292\">kofe\u012bns<\/strong>uzlabo mikrocirkul\u0101ciju, samazinot piet\u016bkumu un izgaismojot tum\u0161os lokus. Papildus tam <strong data-start=\"1380\" data-end=\"1403\">N-acetilglikozam\u012bns<\/strong> stimul\u0113 hialuronsk\u0101bes ra\u017eo\u0161anu \u0101d\u0101, nodro\u0161inot t\u0101s elast\u012bbu un mitrumu. Rezult\u0101ts \u2013 gluda, stingra un svaiga \u0101da ap ac\u012bm ik r\u012btu.<\/p>\n<p data-start=\"1538\" data-end=\"2062\"><strong data-start=\"1538\" data-end=\"1562\">Akt\u012bv\u0101s sast\u0101vda\u013cas:<\/strong><br data-start=\"1562\" data-end=\"1565\" \/>\u2013 <strong data-start=\"1567\" data-end=\"1595\">Midnight Repair Complex\u2122<\/strong> (saskat\u016bnas ogu ekstrakts, pept\u012bdi, pitajas ekstrakts) \u2013 c\u012bn\u0101s ar oksidat\u012bviem boj\u0101jumiem un veicina \u0101das atjauno\u0161anos nakt\u012b.<br data-start=\"1721\" data-end=\"1724\" \/>\u2013 <strong data-start=\"1726\" data-end=\"1749\">N-acetilglikozam\u012bns<\/strong> \u2013 stimul\u0113 hialuronsk\u0101bes ra\u017eo\u0161anu, nodro\u0161inot mitrumu un elast\u012bbu.<br data-start=\"1816\" data-end=\"1819\" \/>\u2013 <strong data-start=\"1821\" data-end=\"1836\">Hesperid\u012bns<\/strong> \u2013 stiprina kapil\u0101rus un uzlabo asinsriti, samazinot tum\u0161os lokus.<br data-start=\"1902\" data-end=\"1905\" \/>\u2013 <strong data-start=\"1907\" data-end=\"1925\">Matrixyl 3000\u00ae<\/strong> \u2013 pept\u012bdu komplekss, kas izl\u012bdzina grumbi\u0146as un padara \u0101du stingr\u0101ku.<br data-start=\"1995\" data-end=\"1998\" \/>\u2013 <strong data-start=\"2000\" data-end=\"2011\">Kofe\u012bns<\/strong> \u2013 samazina piet\u016bkumu un atsvaidzina \u0101du ap ac\u012bm.<\/p>\n<p data-start=\"2064\" data-end=\"2084\"><strong data-start=\"2064\" data-end=\"2076\">Tilpums:<\/strong> 15 ml<\/p>\n","protected":false},"excerpt":{"rendered":"<p data-start=\"231\" data-end=\"276\">Atjaunojo\u0161s nakts kr\u0113ms \u0101dai ap ac\u012bm<\/p>\n<h2 data-start=\"278\" data-end=\"527\"><strong data-start=\"278\" data-end=\"319\">\u012apa\u0161\u012bbas MEDIK8 &#8211; Advanced Night Eye\u2122<\/strong><\/h2>\n<p data-start=\"278\" data-end=\"527\">\u2714\ufe0f Nostiprina un toniz\u0113 \u0101du ap ac\u012bm<br data-start=\"357\" data-end=\"360\" \/>\u2714\ufe0f Samazina tum\u0161os lokus un piet\u016bkumu<br data-start=\"397\" data-end=\"400\" \/>\u2714\ufe0f Izl\u012bdzina grumbi\u0146as un uzlabo \u0101das mirdzumu<br data-start=\"446\" data-end=\"449\" \/>\u2714\ufe0f Atjauno \u0101du p\u0113c dienas stresa<br data-start=\"481\" data-end=\"484\" \/>\u2714\ufe0f Padara \u0101du maigu, svaigu un jaunekl\u012bgu<\/p>\n","protected":false},"featured_media":62965,"template":"","meta":[],"pwb-brand":[1205],"product_brand":[],"product_cat":[733,745,737,749,739],"product_tag":[],"giftcard-category":[],"class_list":{"0":"post-58716","1":"product","2":"type-product","3":"status-publish","4":"has-post-thumbnail","6":"pwb-brand-medik8-lv","7":"product_cat-ada-ap-acim","8":"product_cat-jutigai-adai","9":"product_cat-mitrinasana","10":"product_cat-novecojosa-ada","11":"product_cat-sausai-adai","13":"first","14":"instock","15":"taxable","16":"shipping-taxable","17":"purchasable","18":"product-type-simple"},"acf":[],"brands":[{"id":1205,"name":"Medik8","slug":"medik8-lv"}],"_links":{"self":[{"href":"https:\/\/skinstudio.ee\/lv\/wp-json\/wp\/v2\/product\/58716","targetHints":{"allow":["GET"]}}],"collection":[{"href":"https:\/\/skinstudio.ee\/lv\/wp-json\/wp\/v2\/product"}],"about":[{"href":"https:\/\/skinstudio.ee\/lv\/wp-json\/wp\/v2\/types\/product"}],"version-history":[{"count":0,"href":"https:\/\/skinstudio.ee\/lv\/wp-json\/wp\/v2\/product\/58716\/revisions"}],"wp:featuredmedia":[{"embeddable":true,"href":"https:\/\/skinstudio.ee\/lv\/wp-json\/wp\/v2\/media\/62965"}],"wp:attachment":[{"href":"https:\/\/skinstudio.ee\/lv\/wp-json\/wp\/v2\/media?parent=58716"}],"wp:term":[{"taxonomy":"pwb-brand","embeddable":true,"href":"https:\/\/skinstudio.ee\/lv\/wp-json\/wp\/v2\/pwb-brand?post=58716"},{"taxonomy":"product_brand","embeddable":true,"href":"https:\/\/skinstudio.ee\/lv\/wp-json\/wp\/v2\/product_brand?post=58716"},{"taxonomy":"product_cat","embeddable":true,"href":"https:\/\/skinstudio.ee\/lv\/wp-json\/wp\/v2\/product_cat?post=58716"},{"taxonomy":"product_tag","embeddable":true,"href":"https:\/\/skinstudio.ee\/lv\/wp-json\/wp\/v2\/product_tag?post=58716"},{"taxonomy":"giftcard-category","embeddable":true,"href":"https:\/\/skinstudio.ee\/lv\/wp-json\/wp\/v2\/giftcard-category?post=58716"}],"curies":[{"name":"wp","href":"https:\/\/api.w.org\/{rel}","templated":true}]}}