{"id":58840,"date":"2025-11-10T11:01:28","date_gmt":"2025-11-10T11:01:28","guid":{"rendered":"https:\/\/skinstudio.ee\/?post_type=product&#038;p=58840"},"modified":"2025-12-29T10:01:30","modified_gmt":"2025-12-29T10:01:30","slug":"reactivate-rx-moisturizer","status":"publish","type":"product","link":"https:\/\/skinstudio.ee\/lv\/catalog\/hydropeptide-lv\/reactivate-rx-moisturizer\/","title":{"rendered":"ReActivate Rx Moisturizer"},"content":{"rendered":"<p data-start=\"125\" data-end=\"448\">ReActivate Rx Moisturizer ir intens\u012bvs prokolag\u0113na nakts kr\u0113ms, kas darbojas, kam\u0113r tu guli, atkl\u0101jot glud\u0101ku, stingr\u0101ku un mirdzo\u0161\u0101ku \u0101du l\u012bdz r\u012btam. Izstr\u0101d\u0101ts, lai perfekti papildin\u0101tu s\u0113rijas serumu, tas uzlabo \u0101das dabisko atjauno\u0161an\u0101s procesu nakt\u012b, veicinot kolag\u0113na atjauno\u0161anos un atjaunojot jaunekl\u012bgu elast\u012bbu.<\/p>\n<p data-start=\"450\" data-end=\"851\">Uzlabot\u0101 formula apvieno NIMNI\u2122 tehnolo\u0123iju (2X aminosk\u0101bes), 0,25% ilgsto\u0161as iedarb\u012bbas retinolu, biomim\u0113tiskos pept\u012bdus un sp\u0113c\u012bgus antioksidantus, piem\u0113ram, C vitam\u012bnu un NMN, kas siner\u0123iski stimul\u0113 \u0161\u016bnu re\u0123ener\u0101ciju, uzlabo tekst\u016bru un palielina stingr\u012bbu. Micellular CellRenew-16 komplekss uzlabo akt\u012bvo sast\u0101vda\u013cu uzs\u016bk\u0161anos un saglab\u0101 mitrumu visu nakti, atst\u0101jot \u0101du barotu un atsvaidzin\u0101tu.<\/p>\n<p data-start=\"853\" data-end=\"1022\">Kl\u012bniski pier\u0101d\u012bti rezult\u0101ti:<\/p>\n<ul>\n<li data-start=\"853\" data-end=\"1022\">+200% kolag\u0113na sint\u0113zes pieaugums 90 stundu laik\u0101<\/li>\n<li data-start=\"853\" data-end=\"1022\">+350% elast\u012bna \u0161\u0137iedru veido\u0161an\u0101s palielin\u0101jums<\/li>\n<li data-start=\"853\" data-end=\"1022\">+300% uzlabojums dermas strukt\u016br\u0101<\/li>\n<\/ul>\n<p data-start=\"1024\" data-end=\"1170\">Regul\u0101ri lietojot, ReActivate Rx Moisturizer samazina smalk\u0101s krunci\u0146as, uzlabo \u0101das tekst\u016bru un toni, padarot to redzami jaun\u0101ku un mirdzo\u0161\u0101ku.<\/p>\n<p data-start=\"1172\" data-end=\"1192\"><strong data-start=\"1172\" data-end=\"1184\">Tilpums:<\/strong> 50 ml<\/p>\n","protected":false},"excerpt":{"rendered":"<p data-start=\"1348\" data-end=\"1400\">Prokolag\u0113na nakts kr\u0113ms atjauno\u0161anai un stingr\u012bbai<\/p>\n<h2 data-start=\"1402\" data-end=\"1661\"><strong data-start=\"1402\" data-end=\"1455\">\u012apa\u0161\u012bbas HydroPeptide &#8211; ReActivate Rx Moisturizer<\/strong><\/h2>\n<p data-start=\"1402\" data-end=\"1661\">\u2714\ufe0f Pa\u0101trina nakts \u0161\u016bnu re\u0123ener\u0101ciju<br data-start=\"1493\" data-end=\"1496\" \/>\u2714\ufe0f Samazina krunci\u0146as un uzlabo \u0101das tekst\u016bru<br data-start=\"1541\" data-end=\"1544\" \/>\u2714\ufe0f Palielina elast\u012bbu un stingr\u012bbu<br data-start=\"1578\" data-end=\"1581\" \/>\u2714\ufe0f Izgaismo un izl\u012bdzina \u0101das toni<br data-start=\"1615\" data-end=\"1618\" \/>\u2714\ufe0f Dzi\u013ci mitrina un stiprina \u0101das barjeru<\/p>\n","protected":false},"featured_media":61628,"template":"","meta":[],"pwb-brand":[1211],"product_brand":[],"product_cat":[737,749,653],"product_tag":[],"giftcard-category":[],"class_list":{"0":"post-58840","1":"product","2":"type-product","3":"status-publish","4":"has-post-thumbnail","6":"pwb-brand-hydropeptide-lv","7":"product_cat-mitrinasana","8":"product_cat-novecojosa-ada","9":"product_cat-ph-formula-lv","11":"first","12":"instock","13":"taxable","14":"shipping-taxable","15":"purchasable","16":"product-type-simple"},"acf":[],"brands":[{"id":1211,"name":"HydroPeptide","slug":"hydropeptide-lv"}],"_links":{"self":[{"href":"https:\/\/skinstudio.ee\/lv\/wp-json\/wp\/v2\/product\/58840","targetHints":{"allow":["GET"]}}],"collection":[{"href":"https:\/\/skinstudio.ee\/lv\/wp-json\/wp\/v2\/product"}],"about":[{"href":"https:\/\/skinstudio.ee\/lv\/wp-json\/wp\/v2\/types\/product"}],"version-history":[{"count":0,"href":"https:\/\/skinstudio.ee\/lv\/wp-json\/wp\/v2\/product\/58840\/revisions"}],"wp:featuredmedia":[{"embeddable":true,"href":"https:\/\/skinstudio.ee\/lv\/wp-json\/wp\/v2\/media\/61628"}],"wp:attachment":[{"href":"https:\/\/skinstudio.ee\/lv\/wp-json\/wp\/v2\/media?parent=58840"}],"wp:term":[{"taxonomy":"pwb-brand","embeddable":true,"href":"https:\/\/skinstudio.ee\/lv\/wp-json\/wp\/v2\/pwb-brand?post=58840"},{"taxonomy":"product_brand","embeddable":true,"href":"https:\/\/skinstudio.ee\/lv\/wp-json\/wp\/v2\/product_brand?post=58840"},{"taxonomy":"product_cat","embeddable":true,"href":"https:\/\/skinstudio.ee\/lv\/wp-json\/wp\/v2\/product_cat?post=58840"},{"taxonomy":"product_tag","embeddable":true,"href":"https:\/\/skinstudio.ee\/lv\/wp-json\/wp\/v2\/product_tag?post=58840"},{"taxonomy":"giftcard-category","embeddable":true,"href":"https:\/\/skinstudio.ee\/lv\/wp-json\/wp\/v2\/giftcard-category?post=58840"}],"curies":[{"name":"wp","href":"https:\/\/api.w.org\/{rel}","templated":true}]}}