{"id":58865,"date":"2025-11-10T11:17:53","date_gmt":"2025-11-10T11:17:53","guid":{"rendered":"https:\/\/skinstudio.ee\/?post_type=product&#038;p=58865"},"modified":"2025-12-29T10:01:30","modified_gmt":"2025-12-29T10:01:30","slug":"reactivate-rx-serum","status":"publish","type":"product","link":"https:\/\/skinstudio.ee\/lv\/catalog\/hydropeptide-lv\/reactivate-rx-serum\/","title":{"rendered":"ReActivate RX Serum"},"content":{"rendered":"<p data-start=\"97\" data-end=\"422\">ReActivate Rx Serum ir inovat\u012bvs pretnoveco\u0161an\u0101s serums, kas izstr\u0101d\u0101ts, lai visaptvero\u0161i atjaunotu \u0101du un samazin\u0101tu visas noveco\u0161an\u0101s paz\u012bmes. Formula ar n\u0101kam\u0101s paaudzes pept\u012bdiem iedarbojas dzi\u013c\u0101 \u0161\u016bnu l\u012bmen\u012b, redzami uzlabojot \u0101das toni, elast\u012bbu un tekst\u016bru, vienlaikus samazinot iekaisumu un stiprinot aizsargbarjeru.<\/p>\n<p data-start=\"424\" data-end=\"834\">Kop\u0101 ar ReActivate Rx Moisturizer \u0161\u012b sist\u0113ma darbojas k\u0101 jaud\u012bgs nakts komplekss, kas stimul\u0113 kolag\u0113na veido\u0161anos, stiprina audu strukt\u016bru un atjauno \u0101das vitalit\u0101ti. Serums satur dubultu aminosk\u0101bju koncentr\u0101ciju, ilgsto\u0161as iedarb\u012bbas retinolu, biomim\u0113tiskos pept\u012bdus un sp\u0113c\u012bgus antioksidantus \u2013 stabilu C vitam\u012bna formu un NMN \u2013, kas siner\u0123iski veicina intens\u012bvu \u0161\u016bnu atjauno\u0161anos un uzlabo \u0101das tvirtumu.<\/p>\n<p data-start=\"836\" data-end=\"1105\">ReActivate Rx ir vair\u0101k nek\u0101 divdesmit gadu p\u0113t\u012bjumu par pept\u012bdu tehnolo\u0123ij\u0101m un re\u0123enerat\u012bvo est\u0113tiku rezult\u0101ts. Tas ir ne tikai kop\u0161anas l\u012bdzeklis, bet gan pilnv\u0113rt\u012bga strat\u0113\u0123ija \u0101das strukt\u016bras stiprin\u0101\u0161anai \u0161\u016bnu l\u012bmen\u012b, veicinot t\u0101s ilgm\u016b\u017e\u012bbu un dabisko mirdzumu.<\/p>\n<p data-start=\"1107\" data-end=\"1319\">Kl\u012bniski pier\u0101d\u012bts:<br data-start=\"1126\" data-end=\"1129\" \/>+200% kolag\u0113na sint\u0113zes pieaugums 90 stundu laik\u0101<br data-start=\"1178\" data-end=\"1181\" \/>+350% elast\u012bna \u0161\u0137iedru veido\u0161an\u0101s pieaugums, uzlabojot \u0101das elast\u012bbu<br data-start=\"1249\" data-end=\"1252\" \/>+300% dermas strukt\u016bras uzlabojums glud\u0101kai un bl\u012bv\u0101kai tekst\u016brai<\/p>\n<p data-start=\"1321\" data-end=\"1341\"><strong data-start=\"1321\" data-end=\"1333\">Tilpums:<\/strong> 30 ml<\/p>\n","protected":false},"excerpt":{"rendered":"<p data-start=\"1495\" data-end=\"1544\">Atjaunojo\u0161s serums \u0101das stingr\u012bbai un mirdzumam<\/p>\n<h2 data-start=\"1546\" data-end=\"1767\"><strong data-start=\"1546\" data-end=\"1593\">\u012apa\u0161\u012bbas HydroPeptide &#8211; ReActivate Rx Serum<\/strong><\/h2>\n<p data-start=\"1546\" data-end=\"1767\">\u2714\ufe0f Aktiviz\u0113 kolag\u0113na un elast\u012bna sint\u0113zi<br data-start=\"1636\" data-end=\"1639\" \/>\u2714\ufe0f Uzlabo \u0101das bl\u012bvumu un tvirtumu<br data-start=\"1673\" data-end=\"1676\" \/>\u2714\ufe0f Vienm\u0113rina toni un tekst\u016bru<br data-start=\"1706\" data-end=\"1709\" \/>\u2714\ufe0f Stiprina aizsargbarjeru<br data-start=\"1735\" data-end=\"1738\" \/>\u2714\ufe0f Atjauno dabisko mirdzumu<\/p>\n","protected":false},"featured_media":61623,"template":"","meta":[],"pwb-brand":[1211],"product_brand":[],"product_cat":[749,653,751,723],"product_tag":[],"giftcard-category":[],"class_list":{"0":"post-58865","1":"product","2":"type-product","3":"status-publish","4":"has-post-thumbnail","6":"pwb-brand-hydropeptide-lv","7":"product_cat-novecojosa-ada","8":"product_cat-ph-formula-lv","9":"product_cat-pigmentacija-lv","10":"product_cat-serumi","12":"first","13":"instock","14":"taxable","15":"shipping-taxable","16":"purchasable","17":"product-type-simple"},"acf":[],"brands":[{"id":1211,"name":"HydroPeptide","slug":"hydropeptide-lv"}],"_links":{"self":[{"href":"https:\/\/skinstudio.ee\/lv\/wp-json\/wp\/v2\/product\/58865","targetHints":{"allow":["GET"]}}],"collection":[{"href":"https:\/\/skinstudio.ee\/lv\/wp-json\/wp\/v2\/product"}],"about":[{"href":"https:\/\/skinstudio.ee\/lv\/wp-json\/wp\/v2\/types\/product"}],"version-history":[{"count":0,"href":"https:\/\/skinstudio.ee\/lv\/wp-json\/wp\/v2\/product\/58865\/revisions"}],"wp:featuredmedia":[{"embeddable":true,"href":"https:\/\/skinstudio.ee\/lv\/wp-json\/wp\/v2\/media\/61623"}],"wp:attachment":[{"href":"https:\/\/skinstudio.ee\/lv\/wp-json\/wp\/v2\/media?parent=58865"}],"wp:term":[{"taxonomy":"pwb-brand","embeddable":true,"href":"https:\/\/skinstudio.ee\/lv\/wp-json\/wp\/v2\/pwb-brand?post=58865"},{"taxonomy":"product_brand","embeddable":true,"href":"https:\/\/skinstudio.ee\/lv\/wp-json\/wp\/v2\/product_brand?post=58865"},{"taxonomy":"product_cat","embeddable":true,"href":"https:\/\/skinstudio.ee\/lv\/wp-json\/wp\/v2\/product_cat?post=58865"},{"taxonomy":"product_tag","embeddable":true,"href":"https:\/\/skinstudio.ee\/lv\/wp-json\/wp\/v2\/product_tag?post=58865"},{"taxonomy":"giftcard-category","embeddable":true,"href":"https:\/\/skinstudio.ee\/lv\/wp-json\/wp\/v2\/giftcard-category?post=58865"}],"curies":[{"name":"wp","href":"https:\/\/api.w.org\/{rel}","templated":true}]}}