{"id":58892,"date":"2023-05-24T17:56:05","date_gmt":"2023-05-24T17:56:05","guid":{"rendered":"https:\/\/skinstudio.ee\/?post_type=product&#038;p=58892"},"modified":"2025-12-29T09:38:54","modified_gmt":"2025-12-29T09:38:54","slug":"advanced-day-eye-protect","status":"publish","type":"product","link":"https:\/\/skinstudio.ee\/lv\/catalog\/medik8-lv\/advanced-day-eye-protect\/","title":{"rendered":"Advanced Day Eye Protect\u2122"},"content":{"rendered":"<p data-start=\"646\" data-end=\"962\">Aizsarg\u0101jiet jut\u012bgo \u0101du ap ac\u012bm ar <strong data-start=\"697\" data-end=\"726\">Advanced Day Eye Protect\u2122<\/strong> \u2013 vieglu, bet efekt\u012bvu barojo\u0161u dienas kr\u0113mu, kas sniedz piln\u012bgu aizsardz\u012bbu pret vides stresu un redzam\u0101m noveco\u0161an\u0101s paz\u012bm\u0113m. Smar\u017eas nesaturo\u0161\u0101 formula \u0101tri ies\u016bcas, nodro\u0161inot ilgsto\u0161u mitrin\u0101\u0161anu un komfortu visas dienas garum\u0101.<\/p>\n<p data-start=\"964\" data-end=\"1273\">Uzlabot\u0101 formula pied\u0101v\u0101 <strong data-start=\"989\" data-end=\"1022\">pla\u0161a spektra SPF 30 \/ 5\u2605 UVA<\/strong> aizsardz\u012bbu, k\u0101 ar\u012b aizsardz\u012bbu pret pies\u0101r\u0146ojumu, infrasarkano un zilo gaismu. <strong data-start=\"1103\" data-end=\"1114\">Kofe\u012bns<\/strong> un <strong data-start=\"1118\" data-end=\"1133\">hesperid\u012bns<\/strong> darbojas kop\u0101, lai samazin\u0101tu piet\u016bkumu, uzlabotu mikrocirkul\u0101ciju un mazin\u0101tu noguruma paz\u012bmes, padarot \u0101du ap ac\u012bm gai\u0161\u0101ku un svaig\u0101ku.<\/p>\n<p data-start=\"1275\" data-end=\"1608\">Sp\u0113c\u012bgs antioksidantu komplekss &#8211; <strong data-start=\"1309\" data-end=\"1331\">moringas ekstrakts<\/strong>, <strong data-start=\"1333\" data-end=\"1346\">karnos\u012bns<\/strong> un <strong data-start=\"1350\" data-end=\"1369\">kakao ekstrakts<\/strong> &#8211; veido neredzamu aizsargbarjeru, kas c\u012bn\u0101s ar br\u012bvajiem radik\u0101\u013ciem un aizsarg\u0101 \u0101du no UV starojuma un pies\u0101r\u0146ojuma iedarb\u012bbas. Neskatoties uz augstu SPF, kr\u0113ma tekst\u016bra ir \u013coti viegla, t\u0101p\u0113c tas ir ide\u0101li piem\u0113rots ikdienas lieto\u0161anai.<\/p>\n<p data-start=\"1610\" data-end=\"2037\"><strong data-start=\"1610\" data-end=\"1634\">Akt\u012bv\u0101s sast\u0101vda\u013cas:<\/strong><br data-start=\"1634\" data-end=\"1637\" \/>\u2013 <strong data-start=\"1639\" data-end=\"1661\">Moringas ekstrakts<\/strong> \u2013 veido aizsargk\u0101rtu pret pies\u0101r\u0146ojumu un toks\u012bniem.<br data-start=\"1714\" data-end=\"1717\" \/>\u2013 <strong data-start=\"1719\" data-end=\"1732\">Karnos\u012bns<\/strong> \u2013 aizsargpept\u012bds, kas nov\u0113r\u0161 kolag\u0113na glik\u0101ciju un pasarg\u0101 no infrasarkan\u0101 starojuma.<br data-start=\"1818\" data-end=\"1821\" \/>\u2013 <strong data-start=\"1823\" data-end=\"1842\">Kakao ekstrakts<\/strong> \u2013 pasarg\u0101 no zil\u0101s gaismas un veicina kolag\u0113na veido\u0161anos.<br data-start=\"1901\" data-end=\"1904\" \/>\u2013 <strong data-start=\"1906\" data-end=\"1917\">Kofe\u012bns<\/strong> \u2013 samazina piet\u016bkumu un atsvaidzina \u0101du ap ac\u012bm.<br data-start=\"1966\" data-end=\"1969\" \/>\u2013 <strong data-start=\"1971\" data-end=\"1986\">Hesperid\u012bns<\/strong> \u2013 stiprina kapil\u0101rus un uzlabo mikrocirkul\u0101ciju.<\/p>\n<p data-start=\"2039\" data-end=\"2059\"><strong data-start=\"2039\" data-end=\"2051\">Tilpums:<\/strong> 15 ml<\/p>\n","protected":false},"excerpt":{"rendered":"<p data-start=\"291\" data-end=\"338\">Daudzfunkcion\u0101ls atjaunojo\u0161s acu kr\u0113ms<\/p>\n<h2 data-start=\"340\" data-end=\"644\"><strong data-start=\"340\" data-end=\"387\">\u012apa\u0161\u012bbas MEDIK8 &#8211; Advanced Day Eye Protect\u2122<\/strong><\/h2>\n<p data-start=\"340\" data-end=\"644\">\u2714\ufe0f Dzi\u013ci baro un mitrina jut\u012bgo \u0101du ap ac\u012bm<br data-start=\"433\" data-end=\"436\" \/>\u2714\ufe0f Samazina piet\u016bkumu un izgaismo tum\u0161os lokus<br data-start=\"482\" data-end=\"485\" \/>\u2714\ufe0f Aizsarg\u0101 no UV stariem, pies\u0101r\u0146ojuma un zil\u0101s gaismas<br data-start=\"541\" data-end=\"544\" \/>\u2714\ufe0f Samazina grumbi\u0146as un nov\u0113r\u0161 priek\u0161laic\u012bgu noveco\u0161anos<br data-start=\"601\" data-end=\"604\" \/>\u2714\ufe0f Padara \u0101du gludu, stingru un svaigu<\/p>\n","protected":false},"featured_media":62980,"template":"","meta":[],"pwb-brand":[1205],"product_brand":[],"product_cat":[733,745,737,749,751,739,731],"product_tag":[],"giftcard-category":[],"class_list":{"0":"post-58892","1":"product","2":"type-product","3":"status-publish","4":"has-post-thumbnail","6":"pwb-brand-medik8-lv","7":"product_cat-ada-ap-acim","8":"product_cat-jutigai-adai","9":"product_cat-mitrinasana","10":"product_cat-novecojosa-ada","11":"product_cat-pigmentacija-lv","12":"product_cat-sausai-adai","13":"product_cat-spf-aizsardziba","15":"first","16":"instock","17":"taxable","18":"shipping-taxable","19":"purchasable","20":"product-type-simple"},"acf":[],"brands":[{"id":1205,"name":"Medik8","slug":"medik8-lv"}],"_links":{"self":[{"href":"https:\/\/skinstudio.ee\/lv\/wp-json\/wp\/v2\/product\/58892","targetHints":{"allow":["GET"]}}],"collection":[{"href":"https:\/\/skinstudio.ee\/lv\/wp-json\/wp\/v2\/product"}],"about":[{"href":"https:\/\/skinstudio.ee\/lv\/wp-json\/wp\/v2\/types\/product"}],"version-history":[{"count":0,"href":"https:\/\/skinstudio.ee\/lv\/wp-json\/wp\/v2\/product\/58892\/revisions"}],"wp:featuredmedia":[{"embeddable":true,"href":"https:\/\/skinstudio.ee\/lv\/wp-json\/wp\/v2\/media\/62980"}],"wp:attachment":[{"href":"https:\/\/skinstudio.ee\/lv\/wp-json\/wp\/v2\/media?parent=58892"}],"wp:term":[{"taxonomy":"pwb-brand","embeddable":true,"href":"https:\/\/skinstudio.ee\/lv\/wp-json\/wp\/v2\/pwb-brand?post=58892"},{"taxonomy":"product_brand","embeddable":true,"href":"https:\/\/skinstudio.ee\/lv\/wp-json\/wp\/v2\/product_brand?post=58892"},{"taxonomy":"product_cat","embeddable":true,"href":"https:\/\/skinstudio.ee\/lv\/wp-json\/wp\/v2\/product_cat?post=58892"},{"taxonomy":"product_tag","embeddable":true,"href":"https:\/\/skinstudio.ee\/lv\/wp-json\/wp\/v2\/product_tag?post=58892"},{"taxonomy":"giftcard-category","embeddable":true,"href":"https:\/\/skinstudio.ee\/lv\/wp-json\/wp\/v2\/giftcard-category?post=58892"}],"curies":[{"name":"wp","href":"https:\/\/api.w.org\/{rel}","templated":true}]}}