{"id":58922,"date":"2023-05-24T17:56:05","date_gmt":"2023-05-24T17:56:05","guid":{"rendered":"https:\/\/skinstudio.ee\/?post_type=product&#038;p=58922"},"modified":"2025-12-29T09:38:54","modified_gmt":"2025-12-29T09:38:54","slug":"advanced-day-total-protect","status":"publish","type":"product","link":"https:\/\/skinstudio.ee\/lv\/catalog\/medik8-lv\/advanced-day-total-protect\/","title":{"rendered":"Advanced Day Total Protect\u2122"},"content":{"rendered":"<p data-start=\"616\" data-end=\"967\"><strong data-start=\"632\" data-end=\"663\">Advanced Day Total Protect\u2122<\/strong> apvieno aizsardz\u012bbu pret pies\u0101r\u0146ojumu, infrasarkano un zilo gaismu ar pretnoveco\u0161an\u0101s iedarb\u012bbu, nodro\u0161inot SPF 30 un 5* UVA aizsardz\u012bbu. \u0160is vieglais dienas kr\u0113ms efekt\u012bvi aizsarg\u0101 \u0101du no apk\u0101rt\u0113j\u0101s vides kait\u012bg\u0101s ietekmes un br\u012bvajiem radik\u0101\u013ciem, pal\u012bdzot nov\u0113rst priek\u0161laic\u012bgas noveco\u0161an\u0101s paz\u012bmes.<\/p>\n<p data-start=\"969\" data-end=\"1227\">Neskatoties uz augsto SPF, kr\u0113mam ir \u012bpa\u0161i viegla tekst\u016bra, kas \u0101tri uzs\u016bcas un neatst\u0101j baltus nospiedumus. Tas ir ide\u0101li piem\u0113rots ikdienas lieto\u0161anai un darbojas k\u0101 lieliska meikapa b\u0101ze, saglab\u0101jot \u0101du mitrin\u0101tu, gludu un starojo\u0161u visas dienas garum\u0101.<\/p>\n<p data-start=\"1229\" data-end=\"1684\"><strong data-start=\"1229\" data-end=\"1253\">Akt\u012bv\u0101s sast\u0101vda\u013cas:<\/strong><br data-start=\"1253\" data-end=\"1256\" \/>\u2013 <strong data-start=\"1258\" data-end=\"1277\">Moringa extract<\/strong> \u2013 jaun\u0101s paaudzes antioksidants, kas izveido aizsargsl\u0101ni uz \u0101das virsmas un nov\u0113r\u0161 pies\u0101r\u0146ojuma rad\u012btos boj\u0101jumus.<br data-start=\"1393\" data-end=\"1396\" \/>\u2013 <strong data-start=\"1398\" data-end=\"1411\">Carnosine<\/strong> \u2013 aizsargpept\u012bds, kas nov\u0113r\u0161 kolag\u0113na glik\u0101cijas procesu, samazinot grumbu veido\u0161anos un pasarg\u0101jot \u0101du no infrasarkan\u0101s gaismas boj\u0101jumiem.<br data-start=\"1552\" data-end=\"1555\" \/>\u2013 <strong data-start=\"1557\" data-end=\"1574\">Cocoa extract<\/strong> \u2013 sp\u0113c\u012bgs antioksidants no kakao pupi\u0146\u0101m, kas aizsarg\u0101 \u0101du no zil\u0101s gaismas un palielina kolag\u0113na daudzumu.<\/p>\n<p data-start=\"1686\" data-end=\"1706\"><strong data-start=\"1686\" data-end=\"1698\">Tilpums:<\/strong> 50 ml<\/p>\n","protected":false},"excerpt":{"rendered":"<p data-start=\"220\" data-end=\"288\">Pretnoveco\u0161an\u0101s mitrino\u0161s kr\u0113ms ar SPF 30 un UV aizsardz\u012bbu<\/p>\n<h2 data-start=\"290\" data-end=\"614\"><strong data-start=\"290\" data-end=\"339\">Medik8 &#8211; Advanced Day Total Protect\u2122 \u012bpa\u0161\u012bbas<\/strong><\/h2>\n<p data-start=\"290\" data-end=\"614\">\u2714\ufe0f Pal\u012bdz nov\u0113rst priek\u0161laic\u012bgu \u0101das noveco\u0161anos<br data-start=\"390\" data-end=\"393\" \/>\u2714\ufe0f Dzi\u013ci mitrina un stiprina aizsargbarjeru<br data-start=\"436\" data-end=\"439\" \/>\u2714\ufe0f Aizsarg\u0101 pret pies\u0101r\u0146ojumu, zilo un infrasarkano gaismu<br data-start=\"497\" data-end=\"500\" \/>\u2714\ufe0f Samazina smalk\u0101s l\u012bnijas un uzlabo \u0101das elast\u012bbu<br data-start=\"551\" data-end=\"554\" \/>\u2714\ufe0f Ide\u0101li piem\u0113rots ikdienas lieto\u0161anai un k\u0101 meikapa b\u0101ze<\/p>\n","protected":false},"featured_media":62975,"template":"","meta":[],"pwb-brand":[1205],"product_brand":[],"product_cat":[745,737,749,751,739,731],"product_tag":[],"giftcard-category":[],"class_list":{"0":"post-58922","1":"product","2":"type-product","3":"status-publish","4":"has-post-thumbnail","6":"pwb-brand-medik8-lv","7":"product_cat-jutigai-adai","8":"product_cat-mitrinasana","9":"product_cat-novecojosa-ada","10":"product_cat-pigmentacija-lv","11":"product_cat-sausai-adai","12":"product_cat-spf-aizsardziba","13":"pa_suurus-15ml-lv","14":"pa_suurus-50ml-lv","16":"first","17":"instock","18":"taxable","19":"shipping-taxable","20":"purchasable","21":"product-type-simple"},"acf":[],"brands":[{"id":1205,"name":"Medik8","slug":"medik8-lv"}],"_links":{"self":[{"href":"https:\/\/skinstudio.ee\/lv\/wp-json\/wp\/v2\/product\/58922","targetHints":{"allow":["GET"]}}],"collection":[{"href":"https:\/\/skinstudio.ee\/lv\/wp-json\/wp\/v2\/product"}],"about":[{"href":"https:\/\/skinstudio.ee\/lv\/wp-json\/wp\/v2\/types\/product"}],"version-history":[{"count":0,"href":"https:\/\/skinstudio.ee\/lv\/wp-json\/wp\/v2\/product\/58922\/revisions"}],"wp:featuredmedia":[{"embeddable":true,"href":"https:\/\/skinstudio.ee\/lv\/wp-json\/wp\/v2\/media\/62975"}],"wp:attachment":[{"href":"https:\/\/skinstudio.ee\/lv\/wp-json\/wp\/v2\/media?parent=58922"}],"wp:term":[{"taxonomy":"pwb-brand","embeddable":true,"href":"https:\/\/skinstudio.ee\/lv\/wp-json\/wp\/v2\/pwb-brand?post=58922"},{"taxonomy":"product_brand","embeddable":true,"href":"https:\/\/skinstudio.ee\/lv\/wp-json\/wp\/v2\/product_brand?post=58922"},{"taxonomy":"product_cat","embeddable":true,"href":"https:\/\/skinstudio.ee\/lv\/wp-json\/wp\/v2\/product_cat?post=58922"},{"taxonomy":"product_tag","embeddable":true,"href":"https:\/\/skinstudio.ee\/lv\/wp-json\/wp\/v2\/product_tag?post=58922"},{"taxonomy":"giftcard-category","embeddable":true,"href":"https:\/\/skinstudio.ee\/lv\/wp-json\/wp\/v2\/giftcard-category?post=58922"}],"curies":[{"name":"wp","href":"https:\/\/api.w.org\/{rel}","templated":true}]}}