{"id":59017,"date":"2023-05-24T17:56:05","date_gmt":"2023-05-24T17:56:05","guid":{"rendered":"https:\/\/skinstudio.ee\/?post_type=product&#038;p=59017"},"modified":"2026-02-19T12:58:21","modified_gmt":"2026-02-19T12:58:21","slug":"advanced-night-restore-2","status":"publish","type":"product","link":"https:\/\/skinstudio.ee\/lv\/catalog\/medik8\/advanced-night-restore-2\/","title":{"rendered":"Advanced Night Restore\u2122"},"content":{"rendered":"<p data-start=\"2423\" data-end=\"2765\">Izsmalcin\u0101ts antioksidantu nakts kr\u0113ms <strong data-start=\"2496\" data-end=\"2523\">Advanced Night Restore\u2122<\/strong> darbojas, kam\u0113r j\u016bs gu\u013cat, akt\u012bvi atjaunojot un mitrinot \u0101du. T\u0101 pamat\u0101 ir <strong data-start=\"2599\" data-end=\"2627\">Midnight Repair Complex\u2122<\/strong>, kas apvieno sp\u0113c\u012bgus antioksidantus un pept\u012bdus, stimul\u0113jot \u0161\u016bnu atjauno\u0161anos un neitraliz\u0113jot dienas laik\u0101 uzkr\u0101tos br\u012bvos radik\u0101\u013cus.<\/p>\n<p data-start=\"2767\" data-end=\"3236\">Ceram\u012bdu, fitosterolu un tauksk\u0101bju komplekss stiprina un atjauno dabisko \u0101das lip\u012bdu barjeru, uzturot optim\u0101lu mitruma l\u012bmeni un nov\u0113r\u0161ot sausumu. Pitajas un saskat\u016bnas ogu ekstrakti pies\u0101tina \u0101du ar antioksidantiem, uzlabo t\u0101s elast\u012bbu un aizsarg\u0101 pret priek\u0161laic\u012bgu noveco\u0161anos. Dzelzi saturo\u0161ais heksapept\u012bds veicina \u0161\u016bnu atjauno\u0161anos, bet <strong data-start=\"3111\" data-end=\"3134\">N-acetilglikozam\u012bns<\/strong> pastiprina retinola iedarb\u012bbu, stimul\u0113jot hialuronsk\u0101bes sint\u0113zi un nodro\u0161inot papildu mitrin\u0101\u0161anu.<\/p>\n<p data-start=\"3238\" data-end=\"3383\">Samtain\u0101 kr\u0113ma tekst\u016bra acumirkl\u012b ies\u016bcas \u0101d\u0101, atst\u0101jot to m\u012bkstu, barotu un komfortablu. No r\u012bta \u0101da izskat\u0101s glud\u0101ka, stingr\u0101ka un starojo\u0161a.<\/p>\n<p data-start=\"3385\" data-end=\"3949\"><strong data-start=\"3385\" data-end=\"3409\">Akt\u012bv\u0101s sast\u0101vda\u013cas:<\/strong><br data-start=\"3409\" data-end=\"3412\" \/>\u2013 <strong data-start=\"3414\" data-end=\"3436\">Ceram\u012bdu komplekss<\/strong> \u2013 ceram\u012bdu, fitosterolu un tauksk\u0101bju kombin\u0101cija, kas atjauno dabisko \u0101das aizsargbarjeru.<br data-start=\"3528\" data-end=\"3531\" \/>\u2013 <strong data-start=\"3533\" data-end=\"3562\">\u0160\u016bnas atjaunojo\u0161s pept\u012bds<\/strong> \u2013 dzelzi saturo\u0161s heksapept\u012bds, kas neitraliz\u0113 br\u012bvos radik\u0101\u013cus un nov\u0113r\u0161 priek\u0161laic\u012bgu noveco\u0161anos.<br data-start=\"3663\" data-end=\"3666\" \/>\u2013 <strong data-start=\"3668\" data-end=\"3696\">Saskat\u016bnas ogu ekstrakts<\/strong> \u2013 antoci\u0101nu avots ar sp\u0113c\u012bgu antioksidantu iedarb\u012bbu.<br data-start=\"3750\" data-end=\"3753\" \/>\u2013 <strong data-start=\"3755\" data-end=\"3782\">Pitajas aug\u013ca ekstrakts<\/strong> \u2013 nodro\u0161ina antioksidantu aizsardz\u012bbu, toniz\u0113 un izl\u012bdzina \u0101das toni.<br data-start=\"3852\" data-end=\"3855\" \/>\u2013 <strong data-start=\"3857\" data-end=\"3880\">N-acetilglikozam\u012bns<\/strong> \u2013 pastiprina retinola efektu un stimul\u0113 hialuronsk\u0101bes veido\u0161anos.<\/p>\n<p data-start=\"3951\" data-end=\"3971\"><strong data-start=\"3951\" data-end=\"3963\">Tilpums:<\/strong> 12,5 ml \/ 50 ml<\/p>\n","protected":false},"excerpt":{"rendered":"<p data-start=\"4198\" data-end=\"4239\">Atjaunojo\u0161s un barojo\u0161s nakts kr\u0113ms<\/p>\n<h2 data-start=\"4241\" data-end=\"4531\"><strong data-start=\"4241\" data-end=\"4286\">\u012bpa\u0161\u012bbas <\/strong><strong data-start=\"4241\" data-end=\"4286\">Medik8 &#8211; Advanced Night Restore\u2122<\/strong><\/h2>\n<p data-start=\"4241\" data-end=\"4531\">\u2714\ufe0f Atjauno, baro un stiprina \u0101du miega laik\u0101<br data-start=\"4333\" data-end=\"4336\" \/>\u2714\ufe0f Pastiprina un pagarina retinola iedarb\u012bbu<br data-start=\"4380\" data-end=\"4383\" \/>\u2714\ufe0f Dzi\u013ci mitrina un uzlabo elast\u012bbu<br data-start=\"4418\" data-end=\"4421\" \/>\u2714\ufe0f Stiprina \u0101das aizsargbarjeru un c\u012bn\u0101s ar br\u012bvajiem radik\u0101\u013ciem<br data-start=\"4485\" data-end=\"4488\" \/>\u2714\ufe0f Padara \u0101du gludu, stingru un atp\u016btu\u0161os<\/p>\n","protected":false},"featured_media":62945,"template":"","meta":[],"pwb-brand":[1205],"product_brand":[],"product_cat":[745,737,749,739,753],"product_tag":[],"giftcard-category":[],"class_list":{"0":"post-59017","1":"product","2":"type-product","3":"status-publish","4":"has-post-thumbnail","6":"pwb-brand-medik8","7":"product_cat-jutigai-adai","8":"product_cat-mitrinasana","9":"product_cat-novecojosa-ada","10":"product_cat-sausai-adai","11":"product_cat-travel-size-lv","12":"pa_suurus-12-5ml-lv","13":"pa_suurus-50ml-lv","15":"first","16":"instock","17":"sale","18":"taxable","19":"shipping-taxable","20":"purchasable","21":"product-type-variable"},"acf":[],"brands":[{"id":1205,"name":"Medik8","slug":"medik8"}],"_links":{"self":[{"href":"https:\/\/skinstudio.ee\/lv\/wp-json\/wp\/v2\/product\/59017","targetHints":{"allow":["GET"]}}],"collection":[{"href":"https:\/\/skinstudio.ee\/lv\/wp-json\/wp\/v2\/product"}],"about":[{"href":"https:\/\/skinstudio.ee\/lv\/wp-json\/wp\/v2\/types\/product"}],"version-history":[{"count":1,"href":"https:\/\/skinstudio.ee\/lv\/wp-json\/wp\/v2\/product\/59017\/revisions"}],"predecessor-version":[{"id":82424,"href":"https:\/\/skinstudio.ee\/lv\/wp-json\/wp\/v2\/product\/59017\/revisions\/82424"}],"wp:featuredmedia":[{"embeddable":true,"href":"https:\/\/skinstudio.ee\/lv\/wp-json\/wp\/v2\/media\/62945"}],"wp:attachment":[{"href":"https:\/\/skinstudio.ee\/lv\/wp-json\/wp\/v2\/media?parent=59017"}],"wp:term":[{"taxonomy":"pwb-brand","embeddable":true,"href":"https:\/\/skinstudio.ee\/lv\/wp-json\/wp\/v2\/pwb-brand?post=59017"},{"taxonomy":"product_brand","embeddable":true,"href":"https:\/\/skinstudio.ee\/lv\/wp-json\/wp\/v2\/product_brand?post=59017"},{"taxonomy":"product_cat","embeddable":true,"href":"https:\/\/skinstudio.ee\/lv\/wp-json\/wp\/v2\/product_cat?post=59017"},{"taxonomy":"product_tag","embeddable":true,"href":"https:\/\/skinstudio.ee\/lv\/wp-json\/wp\/v2\/product_tag?post=59017"},{"taxonomy":"giftcard-category","embeddable":true,"href":"https:\/\/skinstudio.ee\/lv\/wp-json\/wp\/v2\/giftcard-category?post=59017"}],"curies":[{"name":"wp","href":"https:\/\/api.w.org\/{rel}","templated":true}]}}