{"id":59024,"date":"2023-05-24T17:56:05","date_gmt":"2023-05-24T17:56:05","guid":{"rendered":"https:\/\/skinstudio.ee\/?post_type=product&#038;p=59024"},"modified":"2025-12-29T09:38:56","modified_gmt":"2025-12-29T09:38:56","slug":"intelligent-retinol-eye-tr","status":"publish","type":"product","link":"https:\/\/skinstudio.ee\/lv\/catalog\/medik8-lv\/intelligent-retinol-eye-tr\/","title":{"rendered":"Intelligent Retinol Eye TR\u2122"},"content":{"rendered":"<p data-start=\"186\" data-end=\"906\">Izstr\u0101d\u0101ts, lai papildin\u0101tu \u0101das dabisko nakts re\u0123ener\u0101cijas ciklu, <strong data-start=\"254\" data-end=\"285\">Intelligent Retinol Eye TR\u2122<\/strong> stiprina un atjauno jut\u012bgo \u0101du ap ac\u012bm, kam\u0113r j\u016bs gu\u013cat \u2013 lai no r\u012bta pamostos ar svaigu, atp\u016btu\u0161os un starojo\u0161u skatienu.<br data-start=\"408\" data-end=\"411\" \/>Formula apvieno <strong data-start=\"427\" data-end=\"449\">0,1% t\u012bra retinola<\/strong> un <strong data-start=\"453\" data-end=\"467\">E vitam\u012bnu<\/strong>, kas siner\u0123iski uzlabo \u0101das tekst\u016bru, samazina smalk\u0101s l\u012bnijas un grumbi\u0146as, k\u0101 ar\u012b palielina \u0101das elast\u012bbu un bl\u012bvumu.<br data-start=\"587\" data-end=\"590\" \/><strong data-start=\"590\" data-end=\"606\">Time Release<\/strong> tehnolo\u0123ija nodro\u0161ina pak\u0101penisku retinola izdal\u012b\u0161anos \u0101das dzi\u013c\u0101kajos sl\u0101\u0146os, sniedzot maksim\u0101lu efektu bez kairin\u0101juma. Viegl\u0101, bez arom\u0101ta tekst\u016bra \u0101tri uzs\u016bcas, mitrina un baro \u0101du, neaizsprostojot poras. P\u0113c da\u017e\u0101m lieto\u0161anas reiz\u0113m \u0101da ap ac\u012bm k\u013c\u016bst glud\u0101ka, stingr\u0101ka un redzami starojo\u0161\u0101ka.<\/p>\n<p data-start=\"908\" data-end=\"1473\"><strong data-start=\"908\" data-end=\"932\">Akt\u012bv\u0101s sast\u0101vda\u013cas:<\/strong><br data-start=\"932\" data-end=\"935\" \/>\u2013 <strong data-start=\"937\" data-end=\"956\">Retinols (0,1%)<\/strong> \u2013 t\u012brs A vitam\u012bns, kas pa\u0101trina \u0161\u016bnu atjauno\u0161anos, stimul\u0113 kolag\u0113na sint\u0113zi un izl\u012bdzina \u0101das toni.<br data-start=\"1056\" data-end=\"1059\" \/>\u2013 <strong data-start=\"1061\" data-end=\"1075\">E vitam\u012bns<\/strong> \u2013 sp\u0113c\u012bgs antioksidants, kas neitraliz\u0113 br\u012bvos radik\u0101\u013cus un stabiliz\u0113 retinolu maksim\u0101lam rezult\u0101tam.<br data-start=\"1177\" data-end=\"1180\" \/>\u2013 <strong data-start=\"1182\" data-end=\"1210\">Time Release tehnolo\u0123ija<\/strong> \u2013 nodro\u0161ina retinola pak\u0101penisku izdal\u012b\u0161anos maigai, bet dzi\u013cai iedarb\u012bbai bez kairin\u0101juma.<br data-start=\"1302\" data-end=\"1305\" \/>\u2013 <strong data-start=\"1307\" data-end=\"1325\">Augu emolienti<\/strong> \u2013 m\u012bkstina, baro un uzlabo \u0101das elast\u012bbu.<br data-start=\"1367\" data-end=\"1370\" \/>\u2013 <strong data-start=\"1372\" data-end=\"1399\" data-is-only-node=\"\">Antioksidantu komplekss<\/strong> \u2013 stiprina aizsardz\u012bbu pret \u0101r\u0113jiem faktoriem un veicina \u0101das mirdzumu.<\/p>\n<p data-start=\"1475\" data-end=\"1494\"><strong data-start=\"1475\" data-end=\"1487\">Tilpums:<\/strong> 7 ml<\/p>\n","protected":false},"excerpt":{"rendered":"<p data-start=\"1888\" data-end=\"1936\">Augstas efektivit\u0101tes acu serums ar A vitam\u012bnu<\/p>\n<h2 data-start=\"1938\" data-end=\"2208\"><strong data-start=\"1938\" data-end=\"1987\">\u012apa\u0161\u012bbas MEDIK8 &#8211; Intelligent Retinol Eye TR\u2122<\/strong><\/h2>\n<p data-start=\"1938\" data-end=\"2208\">\u2714\ufe0f Samazina smalk\u0101s l\u012bnijas un noguruma paz\u012bmes<br data-start=\"2037\" data-end=\"2040\" \/>\u2714\ufe0f Stimul\u0113 kolag\u0113na ra\u017eo\u0161anu un \u0161\u016bnu atjauno\u0161anos<br data-start=\"2089\" data-end=\"2092\" \/>\u2714\ufe0f Uzlabo \u0101das stingr\u012bbu un bl\u012bvumu<br data-start=\"2127\" data-end=\"2130\" \/>\u2714\ufe0f M\u012bkstina, baro un mitrina<br data-start=\"2158\" data-end=\"2161\" \/>\u2714\ufe0f Padara skatienu gai\u0161u, svaigu un starojo\u0161u<\/p>\n","protected":false},"featured_media":62955,"template":"","meta":[],"pwb-brand":[1205],"product_brand":[],"product_cat":[727,733,745,737,749,743,751,739,723],"product_tag":[],"giftcard-category":[],"class_list":{"0":"post-59024","1":"product","2":"type-product","3":"status-publish","4":"has-post-thumbnail","6":"pwb-brand-medik8-lv","7":"product_cat-a-vitamins-retinols","8":"product_cat-ada-ap-acim","9":"product_cat-jutigai-adai","10":"product_cat-mitrinasana","11":"product_cat-novecojosa-ada","12":"product_cat-paplasinatas-poras","13":"product_cat-pigmentacija-lv","14":"product_cat-sausai-adai","15":"product_cat-serumi","17":"first","18":"instock","19":"taxable","20":"shipping-taxable","21":"purchasable","22":"product-type-simple"},"acf":[],"brands":[{"id":1205,"name":"Medik8","slug":"medik8-lv"}],"_links":{"self":[{"href":"https:\/\/skinstudio.ee\/lv\/wp-json\/wp\/v2\/product\/59024","targetHints":{"allow":["GET"]}}],"collection":[{"href":"https:\/\/skinstudio.ee\/lv\/wp-json\/wp\/v2\/product"}],"about":[{"href":"https:\/\/skinstudio.ee\/lv\/wp-json\/wp\/v2\/types\/product"}],"version-history":[{"count":0,"href":"https:\/\/skinstudio.ee\/lv\/wp-json\/wp\/v2\/product\/59024\/revisions"}],"wp:featuredmedia":[{"embeddable":true,"href":"https:\/\/skinstudio.ee\/lv\/wp-json\/wp\/v2\/media\/62955"}],"wp:attachment":[{"href":"https:\/\/skinstudio.ee\/lv\/wp-json\/wp\/v2\/media?parent=59024"}],"wp:term":[{"taxonomy":"pwb-brand","embeddable":true,"href":"https:\/\/skinstudio.ee\/lv\/wp-json\/wp\/v2\/pwb-brand?post=59024"},{"taxonomy":"product_brand","embeddable":true,"href":"https:\/\/skinstudio.ee\/lv\/wp-json\/wp\/v2\/product_brand?post=59024"},{"taxonomy":"product_cat","embeddable":true,"href":"https:\/\/skinstudio.ee\/lv\/wp-json\/wp\/v2\/product_cat?post=59024"},{"taxonomy":"product_tag","embeddable":true,"href":"https:\/\/skinstudio.ee\/lv\/wp-json\/wp\/v2\/product_tag?post=59024"},{"taxonomy":"giftcard-category","embeddable":true,"href":"https:\/\/skinstudio.ee\/lv\/wp-json\/wp\/v2\/giftcard-category?post=59024"}],"curies":[{"name":"wp","href":"https:\/\/api.w.org\/{rel}","templated":true}]}}