{"id":59048,"date":"2023-05-24T17:56:05","date_gmt":"2023-05-24T17:56:05","guid":{"rendered":"https:\/\/skinstudio.ee\/?post_type=product&#038;p=59048"},"modified":"2025-12-29T09:38:57","modified_gmt":"2025-12-29T09:38:57","slug":"physical-sunscreen","status":"publish","type":"product","link":"https:\/\/skinstudio.ee\/lv\/catalog\/medik8-lv\/physical-sunscreen\/","title":{"rendered":"Physical Sunscreen\u2122"},"content":{"rendered":"<p data-start=\"234\" data-end=\"768\">Izstr\u0101d\u0101ts, lai nodro\u0161in\u0101tu maksim\u0101lu aizsardz\u012bbu pret saules starojumu un vides pies\u0101r\u0146ojumu, <strong data-start=\"329\" data-end=\"359\">Physical Sunscreen\u2122 SPF 30<\/strong> apvieno jaun\u0101s paaudzes fiziskos filtrus ar sp\u0113c\u012bgiem antioksidantiem, aizsarg\u0101jot \u0101du no fotonoveco\u0161an\u0101s un UV boj\u0101jumiem.<br data-start=\"483\" data-end=\"486\" \/>Formula ar <strong data-start=\"497\" data-end=\"513\">cinka oks\u012bdu<\/strong> darbojas k\u0101 spogulis, atstarojot kait\u012bgos starus, nekars\u0113jot un nekairinot \u0101du, at\u0161\u0137ir\u012bb\u0101 no \u0137\u012bmiskajiem saules aizsargl\u012bdzek\u013ciem. Viegl\u0101, bez arom\u0101ta tekst\u016bra \u0101tri uzs\u016bcas, neatst\u0101j taukainu sl\u0101ni vai baltu pl\u0113vi, nodro\u0161inot komfortu pat jut\u012bgai \u0101dai.<\/p>\n<p data-start=\"770\" data-end=\"1309\">Uzlabot\u0101s aizsardz\u012bbas sist\u0113mas <strong data-start=\"802\" data-end=\"820\">anti-pollution<\/strong>, <strong data-start=\"822\" data-end=\"834\">infrared<\/strong> un <strong data-start=\"838\" data-end=\"853\">anti-A.G.E.<\/strong> neitraliz\u0113 br\u012bvos radik\u0101\u013cus, nov\u0113r\u0161ot priek\u0161laic\u012bgu noveco\u0161anos, s\u012bkas grumbi\u0146as un pigment\u0101cijas veido\u0161anos. V\u012bnogu kauli\u0146u un za\u013c\u0101s t\u0113jas ekstrakti nomierina un atjauno \u0101du, bisabolols un alanto\u012bns stiprina \u0101das aizsargbarjeru. <strong data-start=\"1084\" data-end=\"1096\">Skval\u0101ns<\/strong> un <strong data-start=\"1100\" data-end=\"1136\">da\u017e\u0101du molekulmasu hialuronsk\u0101be<\/strong> nodro\u0161ina dzi\u013cu mitrin\u0101\u0161anu, atst\u0101jot \u0101du gludu, m\u012bkstu un elast\u012bgu. Kr\u0113ms lieliski piem\u0113rots ar\u012b k\u0101 b\u0101ze grima uzkl\u0101\u0161anai \u2013 \u0101da paliek aizsarg\u0101ta, mitrin\u0101ta un elast\u012bga.<\/p>\n<p data-start=\"1311\" data-end=\"1815\"><strong data-start=\"1311\" data-end=\"1335\">Akt\u012bv\u0101s sast\u0101vda\u013cas:<\/strong><br data-start=\"1335\" data-end=\"1338\" \/>\u2013 <strong data-start=\"1340\" data-end=\"1356\">Cinka oks\u012bds<\/strong> \u2013 miner\u0101ls UV filtrs, kas nodro\u0161ina pla\u0161a spektra UVA un UVB aizsardz\u012bbu, atstarojot saules starojumu.<br data-start=\"1459\" data-end=\"1462\" \/>\u2013 <strong data-start=\"1464\" data-end=\"1490\">Post Treatment Complex<\/strong> \u2013 v\u012bnogu kauli\u0146u, za\u013c\u0101s t\u0113jas, bisabolola un alanto\u012bna mais\u012bjums, kas nomierina un atjauno \u0101du.<br data-start=\"1586\" data-end=\"1589\" \/>\u2013 <strong data-start=\"1591\" data-end=\"1603\">Skval\u0101ns<\/strong> \u2013 dzi\u013ci baro un saglab\u0101 \u0101das elast\u012bbu.<br data-start=\"1642\" data-end=\"1645\" \/>\u2013 <strong data-start=\"1647\" data-end=\"1683\">Da\u017e\u0101du molekulmasu hialuronsk\u0101be<\/strong> \u2013 nodro\u0161ina ilgsto\u0161u mitrin\u0101\u0161anu.<br data-start=\"1717\" data-end=\"1720\" \/>\u2013 <strong data-start=\"1722\" data-end=\"1749\">Antioksidantu komplekss<\/strong> \u2013 aizsarg\u0101 pret br\u012bvajiem radik\u0101\u013ciem un nov\u0113r\u0161 fotonoveco\u0161anos.<\/p>\n<p data-start=\"1817\" data-end=\"1837\"><strong data-start=\"1817\" data-end=\"1829\">Tilpums:<\/strong> 60 ml<\/p>\n","protected":false},"excerpt":{"rendered":"<p data-start=\"1971\" data-end=\"2013\">Pla\u0161a spektra SPF 30 saules aizsargkr\u0113ms<\/p>\n<h2 data-start=\"2015\" data-end=\"2307\"><strong data-start=\"2015\" data-end=\"2056\">\u012apa\u0161\u012bbas MEDIK8 &#8211; Physical Sunscreen\u2122<\/strong><\/h2>\n<p data-start=\"2015\" data-end=\"2307\">\u2714\ufe0f Nodro\u0161ina pla\u0161a spektra UVA un UVB aizsardz\u012bbu<br data-start=\"2108\" data-end=\"2111\" \/>\u2714\ufe0f Nomierina, mitrina un m\u012bkstina \u0101du<br data-start=\"2148\" data-end=\"2151\" \/>\u2714\ufe0f Aizsarg\u0101 pret pies\u0101r\u0146ojumu un infrasarkano starojumu<br data-start=\"2206\" data-end=\"2209\" \/>\u2714\ufe0f Nov\u0113r\u0161 fotonoveco\u0161anos un s\u012bkas grumbi\u0146as<br data-start=\"2253\" data-end=\"2256\" \/>\u2714\ufe0f Viegls, netaukains sast\u0101vs ikdienas lieto\u0161anai<\/p>\n","protected":false},"featured_media":62970,"template":"","meta":[],"pwb-brand":[1205],"product_brand":[],"product_cat":[745,749,751,739,731],"product_tag":[],"giftcard-category":[],"class_list":{"0":"post-59048","1":"product","2":"type-product","3":"status-publish","4":"has-post-thumbnail","6":"pwb-brand-medik8-lv","7":"product_cat-jutigai-adai","8":"product_cat-novecojosa-ada","9":"product_cat-pigmentacija-lv","10":"product_cat-sausai-adai","11":"product_cat-spf-aizsardziba","13":"first","14":"instock","15":"taxable","16":"shipping-taxable","17":"purchasable","18":"product-type-simple"},"acf":[],"brands":[{"id":1205,"name":"Medik8","slug":"medik8-lv"}],"_links":{"self":[{"href":"https:\/\/skinstudio.ee\/lv\/wp-json\/wp\/v2\/product\/59048","targetHints":{"allow":["GET"]}}],"collection":[{"href":"https:\/\/skinstudio.ee\/lv\/wp-json\/wp\/v2\/product"}],"about":[{"href":"https:\/\/skinstudio.ee\/lv\/wp-json\/wp\/v2\/types\/product"}],"version-history":[{"count":0,"href":"https:\/\/skinstudio.ee\/lv\/wp-json\/wp\/v2\/product\/59048\/revisions"}],"wp:featuredmedia":[{"embeddable":true,"href":"https:\/\/skinstudio.ee\/lv\/wp-json\/wp\/v2\/media\/62970"}],"wp:attachment":[{"href":"https:\/\/skinstudio.ee\/lv\/wp-json\/wp\/v2\/media?parent=59048"}],"wp:term":[{"taxonomy":"pwb-brand","embeddable":true,"href":"https:\/\/skinstudio.ee\/lv\/wp-json\/wp\/v2\/pwb-brand?post=59048"},{"taxonomy":"product_brand","embeddable":true,"href":"https:\/\/skinstudio.ee\/lv\/wp-json\/wp\/v2\/product_brand?post=59048"},{"taxonomy":"product_cat","embeddable":true,"href":"https:\/\/skinstudio.ee\/lv\/wp-json\/wp\/v2\/product_cat?post=59048"},{"taxonomy":"product_tag","embeddable":true,"href":"https:\/\/skinstudio.ee\/lv\/wp-json\/wp\/v2\/product_tag?post=59048"},{"taxonomy":"giftcard-category","embeddable":true,"href":"https:\/\/skinstudio.ee\/lv\/wp-json\/wp\/v2\/giftcard-category?post=59048"}],"curies":[{"name":"wp","href":"https:\/\/api.w.org\/{rel}","templated":true}]}}