{"id":59069,"date":"2023-05-24T17:56:05","date_gmt":"2023-05-24T17:56:05","guid":{"rendered":"https:\/\/skinstudio.ee\/?post_type=product&#038;p=59069"},"modified":"2026-02-19T11:59:44","modified_gmt":"2026-02-19T11:59:44","slug":"hydr8-b5-intense","status":"publish","type":"product","link":"https:\/\/skinstudio.ee\/lv\/catalog\/medik8-lv\/hydr8-b5-intense\/","title":{"rendered":"Hydr8 B5\u2122 Intense"},"content":{"rendered":"<p data-start=\"269\" data-end=\"723\"><strong data-start=\"269\" data-end=\"290\">Hydr8 B5\u2122 Intense<\/strong> ir viegls, bet sp\u0113c\u012bgs serums, kas nekav\u0113joties piepilda \u0101du ar mitrumu un pal\u012bdz saglab\u0101t optim\u0101lu mitruma l\u012bmeni visas dienas garum\u0101. Bag\u0101tin\u0101ts ar <strong data-start=\"441\" data-end=\"479\">NMF (Natural Moisturizing Factors)<\/strong> kompleksu, tas stiprina \u0101das aizsargbarjeru, uzlabojot elast\u012bbu un gludumu.<br data-start=\"555\" data-end=\"558\" \/>Da\u017e\u0101du molekulmasu hialuronsk\u0101be nodro\u0161ina dzi\u013cu mitrin\u0101\u0161anu visos \u0101das sl\u0101\u0146os, savuk\u0101rt <strong data-start=\"647\" data-end=\"662\">B5 vitam\u012bns<\/strong> veicina \u0161\u016bnu atjauno\u0161anos un padara \u0101du maigu un elast\u012bgu.<\/p>\n<p data-start=\"725\" data-end=\"1220\"><strong data-start=\"725\" data-end=\"754\">Saskatoonas ogu ekstrakts<\/strong>, kas ir bag\u0101ts ar antoci\u0101niem, sniedz sp\u0113c\u012bgu antioksidantu aizsardz\u012bbu un pal\u012bdz nov\u0113rst hialuronsk\u0101bes no\u0101rd\u012b\u0161anos, saglab\u0101jot mitrumu \u0101das aug\u0161\u0113jos sl\u0101\u0146os. <strong data-start=\"914\" data-end=\"933\">Sojas ekstrakts<\/strong> un <strong data-start=\"937\" data-end=\"958\">glicerilglikoz\u012bds<\/strong> stimul\u0113 dabisko hialuronsk\u0101bes ra\u017eo\u0161anu un aktiviz\u0113 akvapor\u012bnus \u2013 \u201c\u016bdens kan\u0101lus\u201d, kas veicina mitruma cirkul\u0101ciju. <strong data-start=\"1075\" data-end=\"1096\">Biosahar\u012bdu sve\u0137i<\/strong> veido elpojo\u0161u mitrino\u0161u pl\u0113vi, kas notur mitrumu un nov\u0113r\u0161 dehidrat\u0101ciju. \u0100da k\u013c\u016bst gluda, starojo\u0161a un dzi\u013ci mitrin\u0101ta.<\/p>\n<p data-start=\"1222\" data-end=\"1807\"><strong data-start=\"1222\" data-end=\"1246\">Akt\u012bv\u0101s sast\u0101vda\u013cas:<\/strong><br data-start=\"1246\" data-end=\"1249\" \/>\u2013 <strong data-start=\"1251\" data-end=\"1287\">Da\u017e\u0101du molekulmasu hialuronsk\u0101be<\/strong> \u2013 dzi\u013ci mitrina un baro \u0101du.<br data-start=\"1316\" data-end=\"1319\" \/>\u2013 <strong data-start=\"1321\" data-end=\"1336\">B5 vitam\u012bns<\/strong> \u2013 veicina re\u0123ener\u0101ciju un m\u012bkstina \u0101du.<br data-start=\"1376\" data-end=\"1379\" \/>\u2013 <strong data-start=\"1381\" data-end=\"1398\">NMF komplekss<\/strong> \u2013 aminosk\u0101bju, glicer\u012bna, ur\u012bnvielas un cukuru mais\u012bjums, kas pal\u012bdz saglab\u0101t mitrumu.<br data-start=\"1485\" data-end=\"1488\" \/>\u2013 <strong data-start=\"1490\" data-end=\"1519\">Saskatoonas ogu ekstrakts<\/strong> \u2013 antioksidants, kas nov\u0113r\u0161 hialuronsk\u0101bes no\u0101rd\u012b\u0161anos.<br data-start=\"1575\" data-end=\"1578\" \/>\u2013 <strong data-start=\"1580\" data-end=\"1599\">Sojas ekstrakts<\/strong> \u2013 stimul\u0113 kolag\u0113na sint\u0113zi un dabisko hialuronsk\u0101bes ra\u017eo\u0161anu.<br data-start=\"1662\" data-end=\"1665\" \/>\u2013 <strong data-start=\"1667\" data-end=\"1688\">Biosahar\u012bdu sve\u0137i<\/strong> \u2013 veido neredzamu mitrino\u0161u aizsargsl\u0101ni.<br data-start=\"1730\" data-end=\"1733\" \/>\u2013 <strong data-start=\"1735\" data-end=\"1756\">Glicerilglikoz\u012bds<\/strong> \u2013 aktiviz\u0113 akvapor\u012bnus vienm\u0113r\u012bgai mitrin\u0101\u0161anai.<\/p>\n<p data-start=\"1809\" data-end=\"1829\"><strong data-start=\"1809\" data-end=\"1821\">Tilpums:<\/strong> 8 ml \/ 30 ml<\/p>\n","protected":false},"excerpt":{"rendered":"<p data-start=\"2182\" data-end=\"2224\">Intens\u012bvs serums ar hialuronsk\u0101bi un NMF<\/p>\n<h2 data-start=\"2226\" data-end=\"2485\"><strong data-start=\"2226\" data-end=\"2265\">\u012bpa\u0161\u012bbas <\/strong><strong data-start=\"2226\" data-end=\"2265\">Medik8 &#8211; Hydr8 B5\u2122 Intense<\/strong><\/h2>\n<p data-start=\"2226\" data-end=\"2485\">\u2714\ufe0f Intens\u012bvi mitrina visos \u0101das sl\u0101\u0146os<br data-start=\"2306\" data-end=\"2309\" \/>\u2714\ufe0f Uzlabo \u0101das elast\u012bbu un tvirtumu<br data-start=\"2344\" data-end=\"2347\" \/>\u2714\ufe0f Stimul\u0113 dabisko hialuronsk\u0101bes ra\u017eo\u0161anu<br data-start=\"2389\" data-end=\"2392\" \/>\u2714\ufe0f Aizsarg\u0101 pret sausumu un apk\u0101rt\u0113j\u0101s vides kait\u012bgo ietekmi<br data-start=\"2452\" data-end=\"2455\" \/>\u2714\ufe0f M\u012bkstina un nomierina \u0101du<\/p>\n","protected":false},"featured_media":62960,"template":"","meta":[],"pwb-brand":[1205],"product_brand":[],"product_cat":[741,745,737,749,739,723,753],"product_tag":[],"giftcard-category":[],"class_list":{"0":"post-59069","1":"product","2":"type-product","3":"status-publish","4":"has-post-thumbnail","6":"pwb-brand-medik8-lv","7":"product_cat-izsitumi","8":"product_cat-jutigai-adai","9":"product_cat-mitrinasana","10":"product_cat-novecojosa-ada","11":"product_cat-sausai-adai","12":"product_cat-serumi","13":"product_cat-travel-size-lv","14":"pa_suurus-30ml-lv","15":"pa_suurus-8ml-lv","17":"first","18":"instock","19":"taxable","20":"shipping-taxable","21":"purchasable","22":"product-type-variable"},"acf":[],"brands":[{"id":1205,"name":"Medik8","slug":"medik8-lv"}],"_links":{"self":[{"href":"https:\/\/skinstudio.ee\/lv\/wp-json\/wp\/v2\/product\/59069","targetHints":{"allow":["GET"]}}],"collection":[{"href":"https:\/\/skinstudio.ee\/lv\/wp-json\/wp\/v2\/product"}],"about":[{"href":"https:\/\/skinstudio.ee\/lv\/wp-json\/wp\/v2\/types\/product"}],"version-history":[{"count":1,"href":"https:\/\/skinstudio.ee\/lv\/wp-json\/wp\/v2\/product\/59069\/revisions"}],"predecessor-version":[{"id":82403,"href":"https:\/\/skinstudio.ee\/lv\/wp-json\/wp\/v2\/product\/59069\/revisions\/82403"}],"wp:featuredmedia":[{"embeddable":true,"href":"https:\/\/skinstudio.ee\/lv\/wp-json\/wp\/v2\/media\/62960"}],"wp:attachment":[{"href":"https:\/\/skinstudio.ee\/lv\/wp-json\/wp\/v2\/media?parent=59069"}],"wp:term":[{"taxonomy":"pwb-brand","embeddable":true,"href":"https:\/\/skinstudio.ee\/lv\/wp-json\/wp\/v2\/pwb-brand?post=59069"},{"taxonomy":"product_brand","embeddable":true,"href":"https:\/\/skinstudio.ee\/lv\/wp-json\/wp\/v2\/product_brand?post=59069"},{"taxonomy":"product_cat","embeddable":true,"href":"https:\/\/skinstudio.ee\/lv\/wp-json\/wp\/v2\/product_cat?post=59069"},{"taxonomy":"product_tag","embeddable":true,"href":"https:\/\/skinstudio.ee\/lv\/wp-json\/wp\/v2\/product_tag?post=59069"},{"taxonomy":"giftcard-category","embeddable":true,"href":"https:\/\/skinstudio.ee\/lv\/wp-json\/wp\/v2\/giftcard-category?post=59069"}],"curies":[{"name":"wp","href":"https:\/\/api.w.org\/{rel}","templated":true}]}}