{"id":59079,"date":"2023-05-24T17:56:05","date_gmt":"2023-05-24T17:56:05","guid":{"rendered":"https:\/\/skinstudio.ee\/?post_type=product&#038;p=59079"},"modified":"2026-02-19T11:56:31","modified_gmt":"2026-02-19T11:56:31","slug":"hydr8-b5","status":"publish","type":"product","link":"https:\/\/skinstudio.ee\/lv\/catalog\/medik8-lv\/hydr8-b5\/","title":{"rendered":"Hydr8 B5\u2122"},"content":{"rendered":"<p data-start=\"297\" data-end=\"556\"><strong data-start=\"297\" data-end=\"310\">Hydr8 B5\u2122<\/strong> ir univers\u0101ls mitrino\u0161s serums, kas dzi\u013ci baro un atjauno \u0101du, padarot to maigu, gludu un starojo\u0161u. Viegl\u0101, bez e\u013c\u013c\u0101m un aromatizatoriem formula \u0101tri uzs\u016bcas, nodro\u0161inot ilgsto\u0161u komfortu un neaizsprostojot poras \u2013 piem\u0113rots ar\u012b jut\u012bgai \u0101dai.<\/p>\n<p data-start=\"558\" data-end=\"1075\"><strong data-start=\"558\" data-end=\"575\">Hialuronsk\u0101be<\/strong>, kas sp\u0113j piesaist\u012bt l\u012bdz pat 1000 rei\u017eu vair\u0101k \u016bdens nek\u0101 t\u0101s svars, piesaista mitrumu no gaisa un notur to \u0101d\u0101. Da\u017e\u0101du molekulmasu kombin\u0101cija nodro\u0161ina mitrin\u0101\u0161anu visos \u0101das sl\u0101\u0146os \u2013 no dzi\u013c\u0101kajiem l\u012bdz virs\u0113jiem. <strong data-start=\"794\" data-end=\"809\">B5 vitam\u012bns<\/strong> stiprina \u0101das aizsargbarjeru, veicina re\u0123ener\u0101ciju un uzlabo sp\u0113ju notur\u0113t mitrumu. Augu sast\u0101vda\u013cas, piem\u0113ram, <strong data-start=\"922\" data-end=\"941\">sojas ekstrakts<\/strong>, <strong data-start=\"943\" data-end=\"963\">Saskatoonas ogas<\/strong> un <strong data-start=\"967\" data-end=\"988\">biosahar\u012bdu sve\u0137i<\/strong>, nodro\u0161ina antioksidantu aizsardz\u012bbu, m\u012bkstina un nomierina \u0101du, uzlabojot elast\u012bbu.<\/p>\n<p data-start=\"1077\" data-end=\"1667\"><strong data-start=\"1077\" data-end=\"1101\">Akt\u012bv\u0101s sast\u0101vda\u013cas:<\/strong><br data-start=\"1101\" data-end=\"1104\" \/>\u2013 <strong data-start=\"1106\" data-end=\"1142\">Da\u017e\u0101du molekulmasu hialuronsk\u0101be<\/strong> \u2013 dzi\u013ci mitrina un baro \u0101du.<br data-start=\"1171\" data-end=\"1174\" \/>\u2013 <strong data-start=\"1176\" data-end=\"1191\">B5 vitam\u012bns<\/strong> \u2013 pal\u012bdz atjaunoties un uztur mitruma l\u012bdzsvaru.<br data-start=\"1240\" data-end=\"1243\" \/>\u2013 <strong data-start=\"1245\" data-end=\"1262\">NMF komplekss<\/strong> \u2013 aminosk\u0101bju, glicer\u012bna, ur\u012bnvielas un cukuru mais\u012bjums, kas uztur dabisko mitrumu.<br data-start=\"1347\" data-end=\"1350\" \/>\u2013 <strong data-start=\"1352\" data-end=\"1381\">Saskatoonas ogu ekstrakts<\/strong> \u2013 bag\u0101ts ar antoci\u0101niem, nov\u0113r\u0161 hialuronsk\u0101bes no\u0101rd\u012b\u0161anos.<br data-start=\"1441\" data-end=\"1444\" \/>\u2013 <strong data-start=\"1446\" data-end=\"1465\">Sojas ekstrakts<\/strong> \u2013 stimul\u0113 kolag\u0113na sint\u0113zi un dabisko hialuronsk\u0101bes veido\u0161anos.<br data-start=\"1530\" data-end=\"1533\" \/>\u2013 <strong data-start=\"1535\" data-end=\"1556\">Biosahar\u012bdu sve\u0137i<\/strong> \u2013 veido elpojo\u0161u mitrino\u0161u pl\u0113vi.<br data-start=\"1590\" data-end=\"1593\" \/>\u2013 <strong data-start=\"1595\" data-end=\"1616\">Glicerilglikoz\u012bds<\/strong> \u2013 aktiviz\u0113 akvapor\u012bnus vienm\u0113r\u012bgai mitrin\u0101\u0161anai.<\/p>\n<p data-start=\"1669\" data-end=\"1689\"><strong data-start=\"1669\" data-end=\"1681\">Tilpums:<\/strong> 8 ml \/ 30 ml<\/p>\n","protected":false},"excerpt":{"rendered":"<p data-start=\"1931\" data-end=\"1956\">Viegls mitrino\u0161s serums<\/p>\n<h2 data-start=\"1958\" data-end=\"2214\"><strong data-start=\"1958\" data-end=\"1989\">\u012apa\u0161\u012bbas Medik8 &#8211; Hydr8 B5\u2122<\/strong><\/h2>\n<p data-start=\"1958\" data-end=\"2214\">\u2714\ufe0f Dzi\u013ci mitrina un atjauno \u0101das mitruma l\u012bdzsvaru<br data-start=\"2042\" data-end=\"2045\" \/>\u2714\ufe0f Uzlabo \u0101das elast\u012bbu un tvirtumu<br data-start=\"2080\" data-end=\"2083\" \/>\u2714\ufe0f Aizsarg\u0101 pret sausumu un apk\u0101rt\u0113j\u0101s vides ietekmi<br data-start=\"2135\" data-end=\"2138\" \/>\u2714\ufe0f M\u012bkstina un nomierina \u0101du<br data-start=\"2166\" data-end=\"2169\" \/>\u2714\ufe0f \u0100tri uzs\u016bcas, neatst\u0101jot lip\u012bguma saj\u016btu<\/p>\n","protected":false},"featured_media":62940,"template":"","meta":[],"pwb-brand":[1205],"product_brand":[],"product_cat":[745,737,739,723,747,753],"product_tag":[],"giftcard-category":[],"class_list":{"0":"post-59079","1":"product","2":"type-product","3":"status-publish","4":"has-post-thumbnail","6":"pwb-brand-medik8-lv","7":"product_cat-jutigai-adai","8":"product_cat-mitrinasana","9":"product_cat-sausai-adai","10":"product_cat-serumi","11":"product_cat-taukainai-adai","12":"product_cat-travel-size-lv","13":"pa_suurus-30ml-lv","14":"pa_suurus-8ml-lv","16":"first","17":"instock","18":"taxable","19":"shipping-taxable","20":"purchasable","21":"product-type-variable"},"acf":[],"brands":[{"id":1205,"name":"Medik8","slug":"medik8-lv"}],"_links":{"self":[{"href":"https:\/\/skinstudio.ee\/lv\/wp-json\/wp\/v2\/product\/59079","targetHints":{"allow":["GET"]}}],"collection":[{"href":"https:\/\/skinstudio.ee\/lv\/wp-json\/wp\/v2\/product"}],"about":[{"href":"https:\/\/skinstudio.ee\/lv\/wp-json\/wp\/v2\/types\/product"}],"version-history":[{"count":1,"href":"https:\/\/skinstudio.ee\/lv\/wp-json\/wp\/v2\/product\/59079\/revisions"}],"predecessor-version":[{"id":82383,"href":"https:\/\/skinstudio.ee\/lv\/wp-json\/wp\/v2\/product\/59079\/revisions\/82383"}],"wp:featuredmedia":[{"embeddable":true,"href":"https:\/\/skinstudio.ee\/lv\/wp-json\/wp\/v2\/media\/62940"}],"wp:attachment":[{"href":"https:\/\/skinstudio.ee\/lv\/wp-json\/wp\/v2\/media?parent=59079"}],"wp:term":[{"taxonomy":"pwb-brand","embeddable":true,"href":"https:\/\/skinstudio.ee\/lv\/wp-json\/wp\/v2\/pwb-brand?post=59079"},{"taxonomy":"product_brand","embeddable":true,"href":"https:\/\/skinstudio.ee\/lv\/wp-json\/wp\/v2\/product_brand?post=59079"},{"taxonomy":"product_cat","embeddable":true,"href":"https:\/\/skinstudio.ee\/lv\/wp-json\/wp\/v2\/product_cat?post=59079"},{"taxonomy":"product_tag","embeddable":true,"href":"https:\/\/skinstudio.ee\/lv\/wp-json\/wp\/v2\/product_tag?post=59079"},{"taxonomy":"giftcard-category","embeddable":true,"href":"https:\/\/skinstudio.ee\/lv\/wp-json\/wp\/v2\/giftcard-category?post=59079"}],"curies":[{"name":"wp","href":"https:\/\/api.w.org\/{rel}","templated":true}]}}