{"id":59097,"date":"2023-05-24T17:56:06","date_gmt":"2023-05-24T17:56:06","guid":{"rendered":"https:\/\/skinstudio.ee\/?post_type=product&#038;p=59097"},"modified":"2025-12-29T09:38:54","modified_gmt":"2025-12-29T09:38:54","slug":"balance-moisturiser-glycolic-acid-activator","status":"publish","type":"product","link":"https:\/\/skinstudio.ee\/lv\/catalog\/medik8-lv\/balance-moisturiser-glycolic-acid-activator\/","title":{"rendered":"Balance Moisturiser\u2122 &#038; Glycolic Acid Activator\u2122"},"content":{"rendered":"<p data-start=\"377\" data-end=\"973\"><strong data-start=\"377\" data-end=\"428\">Balance Moisturiser\u2122 &amp; Glycolic Acid Activator\u2122<\/strong> ir viegls, bez e\u013c\u013cas mitrino\u0161s kr\u0113ms, kas pal\u012bdz uztur\u0113t vesel\u012bgu \u0101das mikrobiomu un nov\u0113rst izsitumus. Formula atjauno labv\u0113l\u012bgo bakt\u0113riju l\u012bdzsvaru, kas regul\u0113 \u0101das mitrumu, jut\u012bgumu un t\u012br\u012bbu.<br data-start=\"624\" data-end=\"627\" \/>Kad mikrobioma l\u012bdzsvars tiek izjaukts, \u0101da k\u013c\u016bst sausa, kairin\u0101ta un pak\u013cauta iekaisumiem. <strong data-start=\"719\" data-end=\"743\">Balance Moisturiser\u2122 <\/strong>stiprina \u0101das aizsargbarjeru, regul\u0113 sebuma izdal\u012b\u0161anos un padara \u0101du mat\u0113tu, vienlaikus saglab\u0101jot mitrumu. <strong data-start=\"853\" data-end=\"868\">Niacinam\u012bds<\/strong> un <strong data-start=\"872\" data-end=\"888\">beta-glik\u0101ns<\/strong> uzlabo \u0101das elast\u012bbu, mitruma l\u012bmeni un pal\u012bdz saglab\u0101t vesel\u012bgu, l\u012bdzenu izskatu.<\/p>\n<p data-start=\"975\" data-end=\"1287\">Komplekt\u0101 eso\u0161ais <strong data-start=\"993\" data-end=\"1021\">Glycolic Acid Activator\u2122<\/strong> ir maigs p\u012blinga aktivators, kas pastiprina kr\u0113ma iedarb\u012bbu. Tas saudz\u012bgi no\u0146em atmiru\u0161\u0101s \u0161\u016bnas, uzlabo akt\u012bvo sast\u0101vda\u013cu uzs\u016bk\u0161anos un padara \u0101du glud\u0101ku un starojo\u0161\u0101ku. Lietojiet aktivatoru 2\u20133 reizes ned\u0113\u013c\u0101 pirms kr\u0113ma uzkl\u0101\u0161anas, lai pan\u0101ktu maksim\u0101lu efektu.<\/p>\n<p data-start=\"1289\" data-end=\"1717\"><strong data-start=\"1289\" data-end=\"1313\">Akt\u012bv\u0101s sast\u0101vda\u013cas:<\/strong><br data-start=\"1313\" data-end=\"1316\" \/>\u2013 <strong data-start=\"1318\" data-end=\"1345\">Probiotiskais komplekss<\/strong> \u2013 uztur vesel\u012bgu \u0101das mikrobiomu un pal\u012bdz nov\u0113rst izsitumus.<br data-start=\"1407\" data-end=\"1410\" \/>\u2013 <strong data-start=\"1412\" data-end=\"1441\">Niacinam\u012bds (B3 vitam\u012bns)<\/strong> \u2013 regul\u0113 sebuma izdal\u012b\u0161anos un stiprina \u0101das aizsargbarjeru.<br data-start=\"1502\" data-end=\"1505\" \/>\u2013 <strong data-start=\"1507\" data-end=\"1523\">Beta-glik\u0101ns<\/strong> \u2013 nomierina, atjauno un dzi\u013ci mitrina \u0101du.<br data-start=\"1566\" data-end=\"1569\" \/>\u2013 <strong data-start=\"1571\" data-end=\"1592\">Glikolsk\u0101be (AHA)<\/strong> \u2013 saudz\u012bgi eksfoli\u0113 un izl\u012bdzina \u0101das tekst\u016bru.<br data-start=\"1640\" data-end=\"1643\" \/>\u2013 <strong data-start=\"1645\" data-end=\"1662\">Hialuronsk\u0101be<\/strong> \u2013 notur mitrumu, padarot \u0101du tvirt\u0101ku un elast\u012bg\u0101ku.<\/p>\n<p data-start=\"1719\" data-end=\"1739\"><strong data-start=\"1719\" data-end=\"1731\">Tilpums:<\/strong> 50 ml<\/p>\n","protected":false},"excerpt":{"rendered":"<p data-start=\"2183\" data-end=\"2247\">Bez e\u013c\u013cas mat\u0113jo\u0161s mitrino\u0161s kr\u0113ms ar probiotik\u0101m un AHA sk\u0101bi<\/p>\n<h2 data-start=\"2249\" data-end=\"2536\"><strong data-start=\"2249\" data-end=\"2318\">\u012apa\u0161\u012bbas MEDIK8 &#8211; Balance Moisturiser\u2122 &amp; Glycolic Acid Activator\u2122<\/strong><\/h2>\n<p data-start=\"2249\" data-end=\"2536\">\u2714\ufe0f Uztur vesel\u012bgu \u0101das mikrobiomu<br data-start=\"2354\" data-end=\"2357\" \/>\u2714\ufe0f Regul\u0113 sebuma izdal\u012b\u0161anos un mat\u0113 \u0101du<br data-start=\"2397\" data-end=\"2400\" \/>\u2714\ufe0f Dzi\u013ci mitrina un uzlabo elast\u012bbu<br data-start=\"2435\" data-end=\"2438\" \/>\u2714\ufe0f Uzlabo tekst\u016bru un izl\u012bdzina toni<br data-start=\"2474\" data-end=\"2477\" \/>\u2714\ufe0f Pastiprina kop\u0161anas efektu ar Glycolic Acid Activator\u2122<\/p>\n","protected":false},"featured_media":62915,"template":"","meta":[],"pwb-brand":[1205],"product_brand":[],"product_cat":[741,737,749,743,751,739,723,747],"product_tag":[],"giftcard-category":[],"class_list":{"0":"post-59097","1":"product","2":"type-product","3":"status-publish","4":"has-post-thumbnail","6":"pwb-brand-medik8-lv","7":"product_cat-izsitumi","8":"product_cat-mitrinasana","9":"product_cat-novecojosa-ada","10":"product_cat-paplasinatas-poras","11":"product_cat-pigmentacija-lv","12":"product_cat-sausai-adai","13":"product_cat-serumi","14":"product_cat-taukainai-adai","16":"first","17":"instock","18":"taxable","19":"shipping-taxable","20":"purchasable","21":"product-type-simple"},"acf":[],"brands":[{"id":1205,"name":"Medik8","slug":"medik8-lv"}],"_links":{"self":[{"href":"https:\/\/skinstudio.ee\/lv\/wp-json\/wp\/v2\/product\/59097","targetHints":{"allow":["GET"]}}],"collection":[{"href":"https:\/\/skinstudio.ee\/lv\/wp-json\/wp\/v2\/product"}],"about":[{"href":"https:\/\/skinstudio.ee\/lv\/wp-json\/wp\/v2\/types\/product"}],"version-history":[{"count":0,"href":"https:\/\/skinstudio.ee\/lv\/wp-json\/wp\/v2\/product\/59097\/revisions"}],"wp:featuredmedia":[{"embeddable":true,"href":"https:\/\/skinstudio.ee\/lv\/wp-json\/wp\/v2\/media\/62915"}],"wp:attachment":[{"href":"https:\/\/skinstudio.ee\/lv\/wp-json\/wp\/v2\/media?parent=59097"}],"wp:term":[{"taxonomy":"pwb-brand","embeddable":true,"href":"https:\/\/skinstudio.ee\/lv\/wp-json\/wp\/v2\/pwb-brand?post=59097"},{"taxonomy":"product_brand","embeddable":true,"href":"https:\/\/skinstudio.ee\/lv\/wp-json\/wp\/v2\/product_brand?post=59097"},{"taxonomy":"product_cat","embeddable":true,"href":"https:\/\/skinstudio.ee\/lv\/wp-json\/wp\/v2\/product_cat?post=59097"},{"taxonomy":"product_tag","embeddable":true,"href":"https:\/\/skinstudio.ee\/lv\/wp-json\/wp\/v2\/product_tag?post=59097"},{"taxonomy":"giftcard-category","embeddable":true,"href":"https:\/\/skinstudio.ee\/lv\/wp-json\/wp\/v2\/giftcard-category?post=59097"}],"curies":[{"name":"wp","href":"https:\/\/api.w.org\/{rel}","templated":true}]}}