{"id":59108,"date":"2023-05-24T17:56:06","date_gmt":"2023-05-24T17:56:06","guid":{"rendered":"https:\/\/skinstudio.ee\/?post_type=product&#038;p=59108"},"modified":"2025-12-29T09:38:56","modified_gmt":"2025-12-29T09:38:56","slug":"eyelift-peptides","status":"publish","type":"product","link":"https:\/\/skinstudio.ee\/lv\/catalog\/medik8-lv\/eyelift-peptides\/","title":{"rendered":"Eyelift\u2122 Peptides"},"content":{"rendered":"<p data-start=\"356\" data-end=\"701\"><strong data-start=\"356\" data-end=\"377\">Eyelift\u2122 Peptides<\/strong> ir daudzfunkcion\u0101ls atjaunojo\u0161s acu gels, kas acumirkl\u012b atsvaidzina un atjauno skatienu, pal\u012bdzot pacelt acu \u0101r\u0113jos kakti\u0146us un pie\u0161\u0137irot sejai atp\u016btu\u0161os izskatu. Izstr\u0101d\u0101ts \u012bpa\u0161i maigajai \u0101dai ap ac\u012bm, tas apvieno piecus sp\u0113c\u012bgus pretnoveco\u0161an\u0101s pept\u012bdus, kas kop\u0101 izl\u012bdzina grumbi\u0146as, nostiprina \u0101du un uzlabo elast\u012bbu.<\/p>\n<p data-start=\"703\" data-end=\"1098\">Viegl\u0101 g\u0113la tekst\u016bra \u0101tri uzs\u016bcas, neatst\u0101j lip\u012bguma saj\u016btu un ir ide\u0101li piem\u0113rota k\u0101 grima b\u0101ze vai liftinga efekta kop\u0161anas l\u012bdzeklis. <strong data-start=\"840\" data-end=\"861\">Pept\u012bdu komplekss<\/strong> stimul\u0113 kolag\u0113na un elast\u012bna ra\u017eo\u0161anu, stiprinot \u0101das strukt\u016bru un uzlabojot tvirtumu. <strong data-start=\"949\" data-end=\"964\">Hesperid\u012bns<\/strong> un <strong data-start=\"968\" data-end=\"1001\">prote\u012bniem bag\u0101tais komplekss<\/strong> pal\u012bdz samazin\u0101t piet\u016bkumu un tum\u0161os lokus, uzlabojot mikrocirkul\u0101ciju un samazinot iekaisumu.<\/p>\n<p data-start=\"1100\" data-end=\"1396\">Papildus <strong data-start=\"1109\" data-end=\"1122\">glicer\u012bns<\/strong> nodro\u0161ina ilgsto\u0161u mitrin\u0101\u0161anu un m\u012bkstumu, padarot \u0101du gludu un z\u012bdainu visas dienas garum\u0101. Regul\u0101ri lietojot, \u0101da ap ac\u012bm k\u013c\u016bst stingr\u0101ka, gai\u0161\u0101ka un redzami jaun\u0101ka. <strong data-start=\"1293\" data-end=\"1314\">Eyelift\u2122 Peptides<\/strong> nodro\u0161ina t\u016bl\u012bt\u0113ju liftinga efektu un ilgtermi\u0146\u0101 veicina kolag\u0113na atjauno\u0161anos.<\/p>\n<p data-start=\"1398\" data-end=\"1418\"><strong data-start=\"1398\" data-end=\"1410\">Tilpums:<\/strong> 15 ml<\/p>\n","protected":false},"excerpt":{"rendered":"<p data-start=\"1556\" data-end=\"1594\">Pretnoveco\u0161an\u0101s stingrino\u0161s acu gels<\/p>\n<h2 data-start=\"1596\" data-end=\"1808\"><strong data-start=\"1596\" data-end=\"1635\">\u012apa\u0161\u012bbas MEDIK8 &#8211; Eyelift\u2122 Peptides<\/strong><\/h2>\n<p data-start=\"1596\" data-end=\"1808\">\u2714\ufe0f Nodro\u0161ina t\u016bl\u012bt\u0113ju izl\u012bdzino\u0161u efektu<br data-start=\"1678\" data-end=\"1681\" \/>\u2714\ufe0f Stimul\u0113 kolag\u0113na ra\u017eo\u0161anu<br data-start=\"1709\" data-end=\"1712\" \/>\u2714\ufe0f Samazina tum\u0161os lokus<br data-start=\"1736\" data-end=\"1739\" \/>\u2714\ufe0f Ir pretiekaisuma iedarb\u012bba<br data-start=\"1768\" data-end=\"1771\" \/>\u2714\ufe0f Uzlabo kapil\u0101ro mikrocirkul\u0101ciju<\/p>\n","protected":false},"featured_media":59109,"template":"","meta":[],"pwb-brand":[1205],"product_brand":[],"product_cat":[733,745,737,749,739,723,747],"product_tag":[],"giftcard-category":[],"class_list":{"0":"post-59108","1":"product","2":"type-product","3":"status-publish","4":"has-post-thumbnail","6":"pwb-brand-medik8-lv","7":"product_cat-ada-ap-acim","8":"product_cat-jutigai-adai","9":"product_cat-mitrinasana","10":"product_cat-novecojosa-ada","11":"product_cat-sausai-adai","12":"product_cat-serumi","13":"product_cat-taukainai-adai","15":"first","16":"instock","17":"taxable","18":"shipping-taxable","19":"purchasable","20":"product-type-simple"},"acf":[],"brands":[{"id":1205,"name":"Medik8","slug":"medik8-lv"}],"_links":{"self":[{"href":"https:\/\/skinstudio.ee\/lv\/wp-json\/wp\/v2\/product\/59108","targetHints":{"allow":["GET"]}}],"collection":[{"href":"https:\/\/skinstudio.ee\/lv\/wp-json\/wp\/v2\/product"}],"about":[{"href":"https:\/\/skinstudio.ee\/lv\/wp-json\/wp\/v2\/types\/product"}],"version-history":[{"count":0,"href":"https:\/\/skinstudio.ee\/lv\/wp-json\/wp\/v2\/product\/59108\/revisions"}],"wp:featuredmedia":[{"embeddable":true,"href":"https:\/\/skinstudio.ee\/lv\/wp-json\/wp\/v2\/media\/59109"}],"wp:attachment":[{"href":"https:\/\/skinstudio.ee\/lv\/wp-json\/wp\/v2\/media?parent=59108"}],"wp:term":[{"taxonomy":"pwb-brand","embeddable":true,"href":"https:\/\/skinstudio.ee\/lv\/wp-json\/wp\/v2\/pwb-brand?post=59108"},{"taxonomy":"product_brand","embeddable":true,"href":"https:\/\/skinstudio.ee\/lv\/wp-json\/wp\/v2\/product_brand?post=59108"},{"taxonomy":"product_cat","embeddable":true,"href":"https:\/\/skinstudio.ee\/lv\/wp-json\/wp\/v2\/product_cat?post=59108"},{"taxonomy":"product_tag","embeddable":true,"href":"https:\/\/skinstudio.ee\/lv\/wp-json\/wp\/v2\/product_tag?post=59108"},{"taxonomy":"giftcard-category","embeddable":true,"href":"https:\/\/skinstudio.ee\/lv\/wp-json\/wp\/v2\/giftcard-category?post=59108"}],"curies":[{"name":"wp","href":"https:\/\/api.w.org\/{rel}","templated":true}]}}