{"id":59136,"date":"2023-05-24T17:56:06","date_gmt":"2023-05-24T17:56:06","guid":{"rendered":"https:\/\/skinstudio.ee\/?post_type=product&#038;p=59136"},"modified":"2025-12-29T09:38:54","modified_gmt":"2025-12-29T09:38:54","slug":"blemish-sos","status":"publish","type":"product","link":"https:\/\/skinstudio.ee\/lv\/catalog\/medik8-lv\/blemish-sos\/","title":{"rendered":"Blemish SOS\u2122"},"content":{"rendered":"<p data-start=\"335\" data-end=\"640\"><strong data-start=\"335\" data-end=\"351\">Blemish SOS\u2122<\/strong> ir \u0101tras iedarb\u012bbas gels, kas pal\u012bdz redzami samazin\u0101t iekaisumus un izsitumus jau 24 stundu laik\u0101. \u0160is m\u0113r\u0137tiec\u012bgais l\u012bdzeklis apvieno augstas koncentr\u0101cijas <strong data-start=\"511\" data-end=\"527\">salicilsk\u0101bi<\/strong> ar nomierino\u0161o <strong data-start=\"543\" data-end=\"558\">niacinam\u012bdu<\/strong>, kas att\u012bra poras, samazina aps\u0101rtumu un atjauno \u0101das l\u012bdzsvaru, nesausinot to.<\/p>\n<p data-start=\"642\" data-end=\"1078\">Formulas sast\u0101v\u0101 eso\u0161\u0101 <strong data-start=\"665\" data-end=\"681\">azelainsk\u0101be<\/strong> ar antibakteri\u0101l\u0101m \u012bpa\u0161\u012bb\u0101m c\u012bn\u0101s ar <em data-start=\"719\" data-end=\"729\">P. acnes<\/em> bakt\u0113rij\u0101m \u2013 vienu no galvenajiem izsitumu c\u0113lo\u0146iem, savuk\u0101rt <strong data-start=\"792\" data-end=\"809\">dikarbonsk\u0101be<\/strong> pal\u012bdz kontrol\u0113t sebuma izdal\u012b\u0161anos un nov\u0113r\u0161 jaunu nepiln\u012bbu veido\u0161anos. Viegl\u0101, bez arom\u0101ta tekst\u016bra \u0101tri ies\u016bcas un s\u0101k darboties uzreiz p\u0113c uzkl\u0101\u0161anas. To var lietot atsevi\u0161\u0137i vai zem grima \u2013 k\u0101 efekt\u012bvu, diskr\u0113tu risin\u0101jumu atsevi\u0161\u0137iem problem\u0101tiskiem punktiem.<\/p>\n<p data-start=\"1080\" data-end=\"1457\"><strong data-start=\"1080\" data-end=\"1104\">Akt\u012bv\u0101s sast\u0101vda\u013cas:<\/strong><br data-start=\"1104\" data-end=\"1107\" \/>\u2013 <strong data-start=\"1109\" data-end=\"1125\">Salicilsk\u0101be<\/strong> \u2013 att\u012bra poras, no\u0146em lieko sebumu un nov\u0113r\u0161 aizsprostojumus.<br data-start=\"1187\" data-end=\"1190\" \/>\u2013 <strong data-start=\"1192\" data-end=\"1221\">Niacinam\u012bds (B3 vitam\u012bns)<\/strong> \u2013 mazina iekaisumu, samazina aps\u0101rtumu un regul\u0113 sebuma izdal\u012b\u0161anos.<br data-start=\"1290\" data-end=\"1293\" \/>\u2013 <strong data-start=\"1295\" data-end=\"1311\">Azelainsk\u0101be<\/strong> \u2013 c\u012bn\u0101s ar bakt\u0113rij\u0101m, kas izraisa akni, un nov\u0113r\u0161 jaunu iekaisumu ra\u0161anos.<br data-start=\"1387\" data-end=\"1390\" \/>\u2013 <strong data-start=\"1392\" data-end=\"1409\">Dikarbonsk\u0101be<\/strong> \u2013 regul\u0113 sebuma l\u012bmeni un pal\u012bdz att\u012br\u012bt \u0101du.<\/p>\n<p data-start=\"1459\" data-end=\"1479\"><strong data-start=\"1459\" data-end=\"1471\">Tilpums:<\/strong> 15 ml<\/p>\n","protected":false},"excerpt":{"rendered":"<p data-start=\"1768\" data-end=\"1803\">\u0100tras iedarb\u012bbas m\u0113r\u0137tiec\u012bgs gels<\/p>\n<h2 data-start=\"1805\" data-end=\"2053\"><strong data-start=\"1805\" data-end=\"1839\">\u012apa\u0161\u012bbas MEDIK8 &#8211; Blemish SOS\u2122<\/strong><\/h2>\n<p data-start=\"1805\" data-end=\"2053\">\u2714\ufe0f \u0100tri samazina iekaisumu un aps\u0101rtumu<br data-start=\"1881\" data-end=\"1884\" \/>\u2714\ufe0f Att\u012bra poras un nov\u0113r\u0161 jaunu izsitumu ra\u0161anos<br data-start=\"1932\" data-end=\"1935\" \/>\u2714\ufe0f Regul\u0113 sebuma izdal\u012b\u0161anos<br data-start=\"1963\" data-end=\"1966\" \/>\u2714\ufe0f Nodro\u0161ina vesel\u012bgu un vienm\u0113r\u012bgu \u0101das toni<br data-start=\"2011\" data-end=\"2014\" \/>\u2714\ufe0f Piem\u0113rots lieto\u0161anai ar\u012b zem grima<\/p>\n","protected":false},"featured_media":62930,"template":"","meta":[],"pwb-brand":[1205],"product_brand":[],"product_cat":[741,745,739,723,747],"product_tag":[],"giftcard-category":[],"class_list":{"0":"post-59136","1":"product","2":"type-product","3":"status-publish","4":"has-post-thumbnail","6":"pwb-brand-medik8-lv","7":"product_cat-izsitumi","8":"product_cat-jutigai-adai","9":"product_cat-sausai-adai","10":"product_cat-serumi","11":"product_cat-taukainai-adai","13":"first","14":"instock","15":"taxable","16":"shipping-taxable","17":"purchasable","18":"product-type-simple"},"acf":[],"brands":[{"id":1205,"name":"Medik8","slug":"medik8-lv"}],"_links":{"self":[{"href":"https:\/\/skinstudio.ee\/lv\/wp-json\/wp\/v2\/product\/59136","targetHints":{"allow":["GET"]}}],"collection":[{"href":"https:\/\/skinstudio.ee\/lv\/wp-json\/wp\/v2\/product"}],"about":[{"href":"https:\/\/skinstudio.ee\/lv\/wp-json\/wp\/v2\/types\/product"}],"version-history":[{"count":0,"href":"https:\/\/skinstudio.ee\/lv\/wp-json\/wp\/v2\/product\/59136\/revisions"}],"wp:featuredmedia":[{"embeddable":true,"href":"https:\/\/skinstudio.ee\/lv\/wp-json\/wp\/v2\/media\/62930"}],"wp:attachment":[{"href":"https:\/\/skinstudio.ee\/lv\/wp-json\/wp\/v2\/media?parent=59136"}],"wp:term":[{"taxonomy":"pwb-brand","embeddable":true,"href":"https:\/\/skinstudio.ee\/lv\/wp-json\/wp\/v2\/pwb-brand?post=59136"},{"taxonomy":"product_brand","embeddable":true,"href":"https:\/\/skinstudio.ee\/lv\/wp-json\/wp\/v2\/product_brand?post=59136"},{"taxonomy":"product_cat","embeddable":true,"href":"https:\/\/skinstudio.ee\/lv\/wp-json\/wp\/v2\/product_cat?post=59136"},{"taxonomy":"product_tag","embeddable":true,"href":"https:\/\/skinstudio.ee\/lv\/wp-json\/wp\/v2\/product_tag?post=59136"},{"taxonomy":"giftcard-category","embeddable":true,"href":"https:\/\/skinstudio.ee\/lv\/wp-json\/wp\/v2\/giftcard-category?post=59136"}],"curies":[{"name":"wp","href":"https:\/\/api.w.org\/{rel}","templated":true}]}}