{"id":59155,"date":"2023-05-24T17:56:06","date_gmt":"2023-05-24T17:56:06","guid":{"rendered":"https:\/\/skinstudio.ee\/?post_type=product&#038;p=59155"},"modified":"2026-02-19T11:52:24","modified_gmt":"2026-02-19T11:52:24","slug":"clarifying-foam","status":"publish","type":"product","link":"https:\/\/skinstudio.ee\/lv\/catalog\/medik8-lv\/clarifying-foam\/","title":{"rendered":"Clarifying Foam\u2122"},"content":{"rendered":"<p data-start=\"341\" data-end=\"735\"><strong data-start=\"341\" data-end=\"361\">Clarifying Foam\u2122<\/strong> ir maigs, bet dzi\u013ci att\u012bro\u0161s antibakteri\u0101ls l\u012bdzeklis, kas \u012bpa\u0161i izstr\u0101d\u0101ts \u0101dai ar noslieci uz izsitumiem. T\u0101s progres\u012bv\u0101 formula apvieno <strong data-start=\"501\" data-end=\"517\">salicilsk\u0101bi<\/strong> un <strong data-start=\"521\" data-end=\"536\">mandelsk\u0101bi<\/strong>, lai maigi eksfoli\u0113tu un att\u012br\u012btu poras, neizraisot sausumu vai kairin\u0101jumu. Viegl\u0101s putas efekt\u012bvi no\u0146em lieko sebumu, net\u012brumus un atmiru\u0161\u0101s \u0101das \u0161\u016bnas, saglab\u0101jot \u0101das dabisko lip\u012bdu l\u012bdzsvaru.<\/p>\n<p data-start=\"737\" data-end=\"1049\">Pateicoties <strong data-start=\"749\" data-end=\"769\">t\u0113jas koka e\u013c\u013cai<\/strong> un <strong data-start=\"773\" data-end=\"789\">niacinam\u012bdam<\/strong>, Clarifying Foam\u2122 pal\u012bdz samazin\u0101t bakt\u0113rijas, kas izraisa izsitumus, k\u0101 ar\u012b nomierina \u0101du, atst\u0101jot to t\u012bru, svaigu un l\u012bdzsvarotu. Regul\u0101ra lieto\u0161ana padara \u0101du glud\u0101ku un vesel\u012bg\u0101ku. Viegla tekst\u016bra ir ide\u0101li piem\u0113rota lieto\u0161anai gan no r\u012bta, gan vakar\u0101.<\/p>\n<p data-start=\"1051\" data-end=\"1515\"><strong data-start=\"1051\" data-end=\"1075\">Akt\u012bv\u0101s sast\u0101vda\u013cas:<\/strong><br data-start=\"1075\" data-end=\"1078\" \/>\u2013 <strong data-start=\"1080\" data-end=\"1096\">Salicilsk\u0101be<\/strong> \u2013 att\u012bra poras un no\u0146em lieko sebumu un atmiru\u0161\u0101s \u0161\u016bnas.<br data-start=\"1153\" data-end=\"1156\" \/>\u2013 <strong data-start=\"1158\" data-end=\"1175\">L-mandelsk\u0101be<\/strong> \u2013 maiga AHA ar BHA sp\u0113ku, kas darbojas uz \u0101das virsmas un por\u0101s, nodro\u0161inot dzi\u013cu, bet saudz\u012bgu eksfoli\u0101ciju.<br data-start=\"1285\" data-end=\"1288\" \/>\u2013 <strong data-start=\"1290\" data-end=\"1319\">Niacinam\u012bds (B3 vitam\u012bns)<\/strong> \u2013 nomierina kairin\u0101jumu, mazina iekaisumu un regul\u0113 sebuma izdal\u012b\u0161anos.<br data-start=\"1391\" data-end=\"1394\" \/>\u2013 <strong data-start=\"1396\" data-end=\"1415\">T\u0113jas koka e\u013c\u013ca<\/strong> \u2013 dabiska antibakteri\u0101la un pretiekaisuma sast\u0101vda\u013ca, kas pal\u012bdz uztur\u0113t \u0101du t\u012bru un l\u012bdzsvarotu.<\/p>\n<p data-start=\"1517\" data-end=\"1538\"><strong data-start=\"1517\" data-end=\"1529\">Tilpums:<\/strong> 40 ml \/ 150 ml<\/p>\n","protected":false},"excerpt":{"rendered":"<p data-start=\"1705\" data-end=\"1756\">Att\u012bro\u0161s l\u012bdzeklis \u0101dai ar noslieci uz izsitumiem<\/p>\n<h2 data-start=\"1758\" data-end=\"1981\"><strong data-start=\"1758\" data-end=\"1796\">\u012apa\u0161\u012bbas MEDIK8 &#8211; Clarifying Foam\u2122<\/strong><\/h2>\n<p data-start=\"1758\" data-end=\"1981\">\u2714\ufe0f Dzi\u013ci att\u012bra un atsvaidzina \u0101du<br data-start=\"1833\" data-end=\"1836\" \/>\u2714\ufe0f Maigi eksfoli\u0113 un izl\u012bdzina \u0101du<br data-start=\"1870\" data-end=\"1873\" \/>\u2714\ufe0f Regul\u0113 sebuma izdal\u012b\u0161anos<br data-start=\"1901\" data-end=\"1904\" \/>\u2714\ufe0f Nomierina kairin\u0101jumu un iekaisumu<br data-start=\"1941\" data-end=\"1944\" \/>\u2714\ufe0f Nov\u0113r\u0161 jaunu izsitumu veido\u0161anos<\/p>\n","protected":false},"featured_media":62925,"template":"","meta":[],"pwb-brand":[1205],"product_brand":[],"product_cat":[715,741,743,747,753],"product_tag":[],"giftcard-category":[],"class_list":{"0":"post-59155","1":"product","2":"type-product","3":"status-publish","4":"has-post-thumbnail","6":"pwb-brand-medik8-lv","7":"product_cat-attirisana","8":"product_cat-izsitumi","9":"product_cat-paplasinatas-poras","10":"product_cat-taukainai-adai","11":"product_cat-travel-size-lv","12":"pa_suurus-150ml-lv","13":"pa_suurus-40ml-lv","15":"first","16":"instock","17":"sale","18":"taxable","19":"shipping-taxable","20":"purchasable","21":"product-type-variable"},"acf":[],"brands":[{"id":1205,"name":"Medik8","slug":"medik8-lv"}],"_links":{"self":[{"href":"https:\/\/skinstudio.ee\/lv\/wp-json\/wp\/v2\/product\/59155","targetHints":{"allow":["GET"]}}],"collection":[{"href":"https:\/\/skinstudio.ee\/lv\/wp-json\/wp\/v2\/product"}],"about":[{"href":"https:\/\/skinstudio.ee\/lv\/wp-json\/wp\/v2\/types\/product"}],"version-history":[{"count":1,"href":"https:\/\/skinstudio.ee\/lv\/wp-json\/wp\/v2\/product\/59155\/revisions"}],"predecessor-version":[{"id":82358,"href":"https:\/\/skinstudio.ee\/lv\/wp-json\/wp\/v2\/product\/59155\/revisions\/82358"}],"wp:featuredmedia":[{"embeddable":true,"href":"https:\/\/skinstudio.ee\/lv\/wp-json\/wp\/v2\/media\/62925"}],"wp:attachment":[{"href":"https:\/\/skinstudio.ee\/lv\/wp-json\/wp\/v2\/media?parent=59155"}],"wp:term":[{"taxonomy":"pwb-brand","embeddable":true,"href":"https:\/\/skinstudio.ee\/lv\/wp-json\/wp\/v2\/pwb-brand?post=59155"},{"taxonomy":"product_brand","embeddable":true,"href":"https:\/\/skinstudio.ee\/lv\/wp-json\/wp\/v2\/product_brand?post=59155"},{"taxonomy":"product_cat","embeddable":true,"href":"https:\/\/skinstudio.ee\/lv\/wp-json\/wp\/v2\/product_cat?post=59155"},{"taxonomy":"product_tag","embeddable":true,"href":"https:\/\/skinstudio.ee\/lv\/wp-json\/wp\/v2\/product_tag?post=59155"},{"taxonomy":"giftcard-category","embeddable":true,"href":"https:\/\/skinstudio.ee\/lv\/wp-json\/wp\/v2\/giftcard-category?post=59155"}],"curies":[{"name":"wp","href":"https:\/\/api.w.org\/{rel}","templated":true}]}}