{"id":59164,"date":"2023-05-24T17:56:06","date_gmt":"2023-05-24T17:56:06","guid":{"rendered":"https:\/\/skinstudio.ee\/?post_type=product&#038;p=59164"},"modified":"2025-12-29T09:38:57","modified_gmt":"2025-12-29T09:38:57","slug":"pore-cleanse-gel-intense","status":"publish","type":"product","link":"https:\/\/skinstudio.ee\/lv\/catalog\/medik8-lv\/pore-cleanse-gel-intense\/","title":{"rendered":"Pore Cleanse Gel\u2122 Intense"},"content":{"rendered":"<p data-start=\"379\" data-end=\"762\"><strong data-start=\"379\" data-end=\"408\">Pore Cleanse Gel\u2122 Intense<\/strong> ir atsvaidzino\u0161s dzi\u013ci att\u012bro\u0161s gels, kas pal\u012bdz samazin\u0101t poras un l\u012bdzsvarot \u0101du. T\u0101 formula ir bag\u0101tin\u0101ta ar <strong data-start=\"521\" data-end=\"550\">sarkan\u0101 \u0101boli\u0146a ekstraktu<\/strong>, augu, kas paz\u012bstams ar sav\u0101m sp\u0113c\u012bgaj\u0101m poru samazino\u0161aj\u0101m un sebuma regul\u0113jo\u0161aj\u0101m \u012bpa\u0161\u012bb\u0101m. Gels pal\u012bdz atjaunot \u0101das l\u012bdzsvaru, uzlabo mikrocirkul\u0101ciju un pie\u0161\u0137ir \u0101dai t\u012bru, vienm\u0113r\u012bgu un starojo\u0161u izskatu.<\/p>\n<p data-start=\"764\" data-end=\"1096\">T\u0101 sast\u0101v\u0101 eso\u0161ais <strong data-start=\"783\" data-end=\"811\">hidroksisk\u0101bju komplekss<\/strong> \u2013 salicilsk\u0101be, piensk\u0101be un mandelsk\u0101be \u2013 maigi eksfoli\u0113 \u0101das virsmu un poras, uzlabojot tekst\u016bru un toni, neradot sausumu. <strong data-start=\"937\" data-end=\"950\">Glicer\u012bns<\/strong> nodro\u0161ina ilgsto\u0161u mitrin\u0101\u0161anu, padarot \u0101du maigu un elast\u012bgu. Regul\u0101ri lietojot, poras k\u013c\u016bst maz\u0101k paman\u0101mas, un \u0101da ieg\u016bst vesel\u012bgu mirdzumu.<\/p>\n<p data-start=\"1098\" data-end=\"1536\"><strong data-start=\"1098\" data-end=\"1122\">Akt\u012bv\u0101s sast\u0101vda\u013cas:<\/strong><br data-start=\"1122\" data-end=\"1125\" \/>\u2013 <strong data-start=\"1127\" data-end=\"1156\">Sarkan\u0101 \u0101boli\u0146a ekstrakts<\/strong> \u2013 samazina poras, regul\u0113 sebuma izdal\u012b\u0161anos un veicina \u0161\u016bnu atjauno\u0161anos.<br data-start=\"1230\" data-end=\"1233\" \/>\u2013 <strong data-start=\"1235\" data-end=\"1252\">L-mandelsk\u0101be<\/strong> \u2013 maigi eksfoli\u0113 \u0101du un poras, nodro\u0161inot dzi\u013cu, bet saudz\u012bgu att\u012br\u012b\u0161anu.<br data-start=\"1326\" data-end=\"1329\" \/>\u2013 <strong data-start=\"1331\" data-end=\"1346\">L-piensk\u0101be<\/strong> \u2013 mitrina, baro un uzlabo \u0101das toni.<br data-start=\"1383\" data-end=\"1386\" \/>\u2013 <strong data-start=\"1388\" data-end=\"1404\">Salicilsk\u0101be<\/strong> \u2013 att\u012bra aizsprostot\u0101s poras un nov\u0113r\u0161 izsitumu ra\u0161anos.<br data-start=\"1461\" data-end=\"1464\" \/>\u2013 <strong data-start=\"1466\" data-end=\"1479\">Glicer\u012bns<\/strong> \u2013 pal\u012bdz saglab\u0101t mitrumu un pasarg\u0101 \u0101du no iz\u017e\u016b\u0161anas.<\/p>\n<p data-start=\"1538\" data-end=\"1559\"><strong data-start=\"1538\" data-end=\"1550\">Tilpums:<\/strong> 150 ml<\/p>\n","protected":false},"excerpt":{"rendered":"<p data-start=\"1798\" data-end=\"1839\">Dzi\u013ci att\u012bro\u0161s gels ikdienas lieto\u0161anai<\/p>\n<h2 data-start=\"1841\" data-end=\"2114\"><strong data-start=\"1841\" data-end=\"1888\">\u012apa\u0161\u012bbas MEDIK8 &#8211; Pore Cleanse Gel\u2122 Intense<\/strong><\/h2>\n<p data-start=\"1841\" data-end=\"2114\">\u2714\ufe0f Dzi\u013ci att\u012bra un samazina poras<br data-start=\"1924\" data-end=\"1927\" \/>\u2714\ufe0f No\u0146em lieko sebumu, net\u012brumus un bakt\u0113rijas<br data-start=\"1973\" data-end=\"1976\" \/>\u2714\ufe0f Apvieno sk\u0101bju kompleksu ar mitrino\u0161\u0101m sast\u0101vda\u013c\u0101m<br data-start=\"2029\" data-end=\"2032\" \/>\u2714\ufe0f Sagatavo \u0101du akt\u012bvo vielu uzkl\u0101\u0161anai<br data-start=\"2071\" data-end=\"2074\" \/>\u2714\ufe0f Padara \u0101du t\u012bru, maigu un starojo\u0161u<\/p>\n","protected":false},"featured_media":62905,"template":"","meta":[],"pwb-brand":[1205],"product_brand":[],"product_cat":[715,741,749,743,751,747],"product_tag":[],"giftcard-category":[],"class_list":{"0":"post-59164","1":"product","2":"type-product","3":"status-publish","4":"has-post-thumbnail","6":"pwb-brand-medik8-lv","7":"product_cat-attirisana","8":"product_cat-izsitumi","9":"product_cat-novecojosa-ada","10":"product_cat-paplasinatas-poras","11":"product_cat-pigmentacija-lv","12":"product_cat-taukainai-adai","14":"first","15":"instock","16":"taxable","17":"shipping-taxable","18":"purchasable","19":"product-type-simple"},"acf":[],"brands":[{"id":1205,"name":"Medik8","slug":"medik8-lv"}],"_links":{"self":[{"href":"https:\/\/skinstudio.ee\/lv\/wp-json\/wp\/v2\/product\/59164","targetHints":{"allow":["GET"]}}],"collection":[{"href":"https:\/\/skinstudio.ee\/lv\/wp-json\/wp\/v2\/product"}],"about":[{"href":"https:\/\/skinstudio.ee\/lv\/wp-json\/wp\/v2\/types\/product"}],"version-history":[{"count":0,"href":"https:\/\/skinstudio.ee\/lv\/wp-json\/wp\/v2\/product\/59164\/revisions"}],"wp:featuredmedia":[{"embeddable":true,"href":"https:\/\/skinstudio.ee\/lv\/wp-json\/wp\/v2\/media\/62905"}],"wp:attachment":[{"href":"https:\/\/skinstudio.ee\/lv\/wp-json\/wp\/v2\/media?parent=59164"}],"wp:term":[{"taxonomy":"pwb-brand","embeddable":true,"href":"https:\/\/skinstudio.ee\/lv\/wp-json\/wp\/v2\/pwb-brand?post=59164"},{"taxonomy":"product_brand","embeddable":true,"href":"https:\/\/skinstudio.ee\/lv\/wp-json\/wp\/v2\/product_brand?post=59164"},{"taxonomy":"product_cat","embeddable":true,"href":"https:\/\/skinstudio.ee\/lv\/wp-json\/wp\/v2\/product_cat?post=59164"},{"taxonomy":"product_tag","embeddable":true,"href":"https:\/\/skinstudio.ee\/lv\/wp-json\/wp\/v2\/product_tag?post=59164"},{"taxonomy":"giftcard-category","embeddable":true,"href":"https:\/\/skinstudio.ee\/lv\/wp-json\/wp\/v2\/giftcard-category?post=59164"}],"curies":[{"name":"wp","href":"https:\/\/api.w.org\/{rel}","templated":true}]}}