{"id":59173,"date":"2023-05-24T17:56:06","date_gmt":"2023-05-24T17:56:06","guid":{"rendered":"https:\/\/skinstudio.ee\/?post_type=product&#038;p=59173"},"modified":"2026-02-19T11:48:51","modified_gmt":"2026-02-19T11:48:51","slug":"liquid-peptides","status":"publish","type":"product","link":"https:\/\/skinstudio.ee\/lv\/catalog\/medik8-lv\/liquid-peptides\/","title":{"rendered":"Liquid Peptides\u2122"},"content":{"rendered":"<p data-start=\"315\" data-end=\"625\"><strong data-start=\"315\" data-end=\"335\">Liquid Peptides\u2122<\/strong> ir inovat\u012bvs, intens\u012bvi mitrino\u0161s pept\u012bdu serums, kas atjauno \u0101das jaunekl\u012bgumu, izmantojot progres\u012bvu biotehnolo\u0123iju. <strong data-start=\"455\" data-end=\"481\">Dronu pieg\u0101des sist\u0113ma<\/strong> nodro\u0161ina, ka katrs pept\u012bds non\u0101k tie\u0161i taj\u0101 \u0101das sl\u0101n\u012b, kur tas ir visvair\u0101k nepiecie\u0161ams, maksimiz\u0113jot efektivit\u0101ti un redzamus rezult\u0101tus.<\/p>\n<p data-start=\"627\" data-end=\"1156\">Formul\u0101 apvienoti <strong data-start=\"645\" data-end=\"673\">biotehnolo\u0123iskie pept\u012bdi<\/strong> un <strong data-start=\"677\" data-end=\"692\">prebiotikas<\/strong>, kas atjauno \u0101das mikrobioma l\u012bdzsvaru un stiprina t\u0101s dabisko aizsargbarjeru. Inovat\u012bvais komplekss <strong data-start=\"794\" data-end=\"829\">Advanced MP: Dual MiniProteins\u2122<\/strong> kl\u012bniski pier\u0101d\u012bti samazina mimikas grumbas 10 min\u016b\u0161u laik\u0101 un dzi\u013c\u0101kas grumbas 8 ned\u0113\u013cu laik\u0101. <strong data-start=\"926\" data-end=\"958\">Expression Line MiniProtein\u2122<\/strong> pal\u012bdz atsl\u0101bin\u0101t sejas musku\u013cus un izl\u012bdzina dinamisk\u0101s grumbas, savuk\u0101rt <strong data-start=\"1034\" data-end=\"1064\">Growth Factor MiniProtein\u2122<\/strong> veicina kolag\u0113na, elast\u012bna un hialuronsk\u0101bes sint\u0113zi, padarot \u0101du tvirt\u0101ku un elast\u012bg\u0101ku.<\/p>\n<p data-start=\"1158\" data-end=\"1306\">Liquid Peptides\u2122 nodro\u0161ina redzamus rezult\u0101tus bez invaz\u012bv\u0101m proced\u016br\u0101m \u2013 \u0101da k\u013c\u016bst gluda, mitrin\u0101ta un starojo\u0161a, ar vienm\u0113r\u012bgu un vesel\u012bgu toni.<\/p>\n<p data-start=\"1308\" data-end=\"1767\"><strong data-start=\"1308\" data-end=\"1332\">Akt\u012bv\u0101s sast\u0101vda\u013cas:<\/strong><br data-start=\"1332\" data-end=\"1335\" \/>\u2013 <strong data-start=\"1337\" data-end=\"1372\">Advanced MP: Dual MiniProteins\u2122<\/strong> \u2013 stimul\u0113 kolag\u0113na, elast\u012bna un hialuronsk\u0101bes sint\u0113zi.<br data-start=\"1428\" data-end=\"1431\" \/>\u2013 <strong data-start=\"1433\" data-end=\"1465\">Expression Line MiniProtein\u2122<\/strong> \u2013 atsl\u0101bina sejas musku\u013cus un izl\u012bdzina mimikas grumbas.<br data-start=\"1522\" data-end=\"1525\" \/>\u2013 <strong data-start=\"1527\" data-end=\"1557\">Growth Factor MiniProtein\u2122<\/strong> \u2013 nostiprina \u0101das strukt\u016bru un uzlabo elast\u012bbu.<br data-start=\"1605\" data-end=\"1608\" \/>\u2013 <strong data-start=\"1610\" data-end=\"1625\">Prebiotikas<\/strong> \u2013 atjauno mikrobioma l\u012bdzsvaru un stiprina \u0101das aizsargbarjeru.<br data-start=\"1689\" data-end=\"1692\" \/>\u2013 <strong data-start=\"1694\" data-end=\"1711\">Hialuronsk\u0101be<\/strong> \u2013 nodro\u0161ina dzi\u013cu mitrin\u0101\u0161anu un uzlabo \u0101das maigumu.<\/p>\n<p data-start=\"1769\" data-end=\"1789\"><strong data-start=\"1769\" data-end=\"1781\">Tilpums:<\/strong> 8 ml \/ 30 ml<\/p>\n","protected":false},"excerpt":{"rendered":"<p data-start=\"1982\" data-end=\"2018\">Intens\u012bvi mitrino\u0161s pept\u012bdu serums<\/p>\n<h2 data-start=\"2020\" data-end=\"2251\"><strong data-start=\"2020\" data-end=\"2058\">\u012apa\u0161\u012bbas MEDIK8 &#8211; Liquid Peptides\u2122<\/strong><\/h2>\n<p data-start=\"2020\" data-end=\"2251\">\u2714\ufe0f Atjauno un nostiprina \u0101du<br data-start=\"2089\" data-end=\"2092\" \/>\u2714\ufe0f Dzi\u013ci mitrina un izl\u012bdzina grumbas<br data-start=\"2129\" data-end=\"2132\" \/>\u2714\ufe0f Stimul\u0113 kolag\u0113na un elast\u012bna ra\u017eo\u0161anu<br data-start=\"2172\" data-end=\"2175\" \/>\u2714\ufe0f Atbalsta vesel\u012bgu \u0101das mikrobiomu<br data-start=\"2211\" data-end=\"2214\" \/>\u2714\ufe0f Uzlabo \u0101das tekst\u016bru un mirdzumu<\/p>\n","protected":false},"featured_media":62890,"template":"","meta":[],"pwb-brand":[1205],"product_brand":[],"product_cat":[741,745,737,749,743,751,739,723,747,753],"product_tag":[],"giftcard-category":[],"class_list":{"0":"post-59173","1":"product","2":"type-product","3":"status-publish","4":"has-post-thumbnail","6":"pwb-brand-medik8-lv","7":"product_cat-izsitumi","8":"product_cat-jutigai-adai","9":"product_cat-mitrinasana","10":"product_cat-novecojosa-ada","11":"product_cat-paplasinatas-poras","12":"product_cat-pigmentacija-lv","13":"product_cat-sausai-adai","14":"product_cat-serumi","15":"product_cat-taukainai-adai","16":"product_cat-travel-size-lv","17":"pa_suurus-30ml-lv","18":"pa_suurus-8ml-lv","20":"first","21":"instock","22":"taxable","23":"shipping-taxable","24":"purchasable","25":"product-type-variable"},"acf":[],"brands":[{"id":1205,"name":"Medik8","slug":"medik8-lv"}],"_links":{"self":[{"href":"https:\/\/skinstudio.ee\/lv\/wp-json\/wp\/v2\/product\/59173","targetHints":{"allow":["GET"]}}],"collection":[{"href":"https:\/\/skinstudio.ee\/lv\/wp-json\/wp\/v2\/product"}],"about":[{"href":"https:\/\/skinstudio.ee\/lv\/wp-json\/wp\/v2\/types\/product"}],"version-history":[{"count":1,"href":"https:\/\/skinstudio.ee\/lv\/wp-json\/wp\/v2\/product\/59173\/revisions"}],"predecessor-version":[{"id":82339,"href":"https:\/\/skinstudio.ee\/lv\/wp-json\/wp\/v2\/product\/59173\/revisions\/82339"}],"wp:featuredmedia":[{"embeddable":true,"href":"https:\/\/skinstudio.ee\/lv\/wp-json\/wp\/v2\/media\/62890"}],"wp:attachment":[{"href":"https:\/\/skinstudio.ee\/lv\/wp-json\/wp\/v2\/media?parent=59173"}],"wp:term":[{"taxonomy":"pwb-brand","embeddable":true,"href":"https:\/\/skinstudio.ee\/lv\/wp-json\/wp\/v2\/pwb-brand?post=59173"},{"taxonomy":"product_brand","embeddable":true,"href":"https:\/\/skinstudio.ee\/lv\/wp-json\/wp\/v2\/product_brand?post=59173"},{"taxonomy":"product_cat","embeddable":true,"href":"https:\/\/skinstudio.ee\/lv\/wp-json\/wp\/v2\/product_cat?post=59173"},{"taxonomy":"product_tag","embeddable":true,"href":"https:\/\/skinstudio.ee\/lv\/wp-json\/wp\/v2\/product_tag?post=59173"},{"taxonomy":"giftcard-category","embeddable":true,"href":"https:\/\/skinstudio.ee\/lv\/wp-json\/wp\/v2\/giftcard-category?post=59173"}],"curies":[{"name":"wp","href":"https:\/\/api.w.org\/{rel}","templated":true}]}}