{"id":59193,"date":"2023-05-24T17:56:06","date_gmt":"2023-05-24T17:56:06","guid":{"rendered":"https:\/\/skinstudio.ee\/?post_type=product&#038;p=59193"},"modified":"2025-12-29T09:38:54","modified_gmt":"2025-12-29T09:38:54","slug":"bakuchiol-peptides","status":"publish","type":"product","link":"https:\/\/skinstudio.ee\/lv\/catalog\/medik8-lv\/bakuchiol-peptides\/","title":{"rendered":"Bakuchiol Peptides\u2122"},"content":{"rendered":"<p data-start=\"333\" data-end=\"634\"><strong data-start=\"333\" data-end=\"356\">Bakuchiol Peptides\u2122<\/strong> ir augu izcelsmes alternat\u012bva A vitam\u012bnam, kas nodro\u0161ina redzamus pretnoveco\u0161an\u0101s rezult\u0101tus bez kairin\u0101juma. \u0160is vieglais, atjaunojo\u0161ais e\u013c\u013cas serums satur <strong data-start=\"514\" data-end=\"538\">1,25% t\u012bra bakuhiola<\/strong>, kas pal\u012bdz samazin\u0101t smalk\u0101s krunci\u0146as, uzlabot \u0101das elast\u012bbu un atjaunot vesel\u012bgu mirdzumu.<\/p>\n<p data-start=\"636\" data-end=\"1016\">Bakuchiols ir <strong data-start=\"650\" data-end=\"700\">kl\u012bniski pier\u0101d\u012bta dab\u012bga retinola alternat\u012bva<\/strong>, kas ir ide\u0101li piem\u0113rota tiem, kuri nevar lietot A vitam\u012bnu \u2014 piem\u0113ram, gr\u016btniec\u012bbas vai z\u012bd\u012b\u0161anas laik\u0101*. Formula ir bag\u0101tin\u0101ta ar <strong data-start=\"833\" data-end=\"867\">Brightening Peptide Precursors<\/strong>, kas uzlabo \u0101das toni un pie\u0161\u0137ir starojumu, k\u0101 ar\u012b <strong data-start=\"919\" data-end=\"950\">Centella Asiatica ekstraktu<\/strong>, kas nomierina, mazina iekaisumu un pal\u012bdz atjaunot jut\u012bgu \u0101du.<\/p>\n<p data-start=\"1018\" data-end=\"1319\">Papildus satur <strong data-start=\"1033\" data-end=\"1075\">Inca Omega e\u013c\u013cu (Plukenetia volubilis)<\/strong> \u2013 vienu no bag\u0101t\u0101kajiem dab\u012bgajiem omega tauksk\u0101bju avotiem, kas pal\u012bdz nostiprin\u0101t \u0101das aizsargbarjeru un nov\u0113r\u0161 mitruma zudumu. Fotostabila formula \u013cauj lietot serumu gan no r\u012bta, gan vakar\u0101, nodro\u0161inot glud\u0101ku, tvirt\u0101ku un mirdzo\u0161\u0101ku \u0101du.<\/p>\n<p data-start=\"1321\" data-end=\"1795\"><strong data-start=\"1321\" data-end=\"1345\">Akt\u012bv\u0101s sast\u0101vda\u013cas:<\/strong><br data-start=\"1345\" data-end=\"1348\" \/>\u2013 <strong data-start=\"1350\" data-end=\"1364\">Bakuchiols<\/strong> \u2013 dab\u012bga retinola alternat\u012bva, stimul\u0113 kolag\u0113na un elast\u012bna veido\u0161anos, samazina grumbas.<br data-start=\"1454\" data-end=\"1457\" \/>\u2013 <strong data-start=\"1459\" data-end=\"1493\">Brightening Peptide Precursors<\/strong> \u2013 lipamino sk\u0101bju komplekss, kas samazina melan\u012bna veido\u0161anos un izl\u012bdzina \u0101das toni.<br data-start=\"1579\" data-end=\"1582\" \/>\u2013 <strong data-start=\"1584\" data-end=\"1615\">Centella Asiatica ekstrakts<\/strong> \u2013 nomierina, mazina iekaisumu un pa\u0101trina \u0101das atjauno\u0161anos.<br data-start=\"1676\" data-end=\"1679\" \/>\u2013 <strong data-start=\"1681\" data-end=\"1723\">Inca Omega e\u013c\u013ca (Plukenetia volubilis)<\/strong> \u2013 bag\u0101ta ar omega tauksk\u0101b\u0113m, atjauno \u0101das aizsargbarjeru un mitrina.<\/p>\n<p data-start=\"1797\" data-end=\"1817\"><strong data-start=\"1797\" data-end=\"1809\">Tilpums:<\/strong> 30 ml<\/p>\n","protected":false},"excerpt":{"rendered":"<p data-start=\"1971\" data-end=\"2023\">Pept\u012bdu serums ar bakuhiolu &#8211; retinola alternat\u012bva<\/p>\n<h2 data-start=\"2025\" data-end=\"2291\"><strong data-start=\"2025\" data-end=\"2066\">\u012apa\u0161\u012bbas MEDIK8 &#8211; Bakuchiol Peptides\u2122<\/strong><\/h2>\n<p data-start=\"2025\" data-end=\"2291\">\u2714\ufe0f Redzami atjauno un nostiprina \u0101du<br data-start=\"2105\" data-end=\"2108\" \/>\u2714\ufe0f Nomierina un mazina iekaisumu<br data-start=\"2140\" data-end=\"2143\" \/>\u2714\ufe0f Izl\u012bdzina \u0101das toni un pie\u0161\u0137ir mirdzumu<br data-start=\"2185\" data-end=\"2188\" \/>\u2714\ufe0f Atjauno aizsargbarjeru un nov\u0113r\u0161 mitruma zudumu<br data-start=\"2238\" data-end=\"2241\" \/>\u2714\ufe0f Piem\u0113rots jut\u012bgai \u0101dai un gr\u016btniec\u012bbas laik\u0101*<\/p>\n","protected":false},"featured_media":62855,"template":"","meta":[],"pwb-brand":[1205],"product_brand":[],"product_cat":[741,745,749,743,751,739,723],"product_tag":[],"giftcard-category":[],"class_list":{"0":"post-59193","1":"product","2":"type-product","3":"status-publish","4":"has-post-thumbnail","6":"pwb-brand-medik8-lv","7":"product_cat-izsitumi","8":"product_cat-jutigai-adai","9":"product_cat-novecojosa-ada","10":"product_cat-paplasinatas-poras","11":"product_cat-pigmentacija-lv","12":"product_cat-sausai-adai","13":"product_cat-serumi","15":"first","16":"instock","17":"taxable","18":"shipping-taxable","19":"purchasable","20":"product-type-simple"},"acf":[],"brands":[{"id":1205,"name":"Medik8","slug":"medik8-lv"}],"_links":{"self":[{"href":"https:\/\/skinstudio.ee\/lv\/wp-json\/wp\/v2\/product\/59193","targetHints":{"allow":["GET"]}}],"collection":[{"href":"https:\/\/skinstudio.ee\/lv\/wp-json\/wp\/v2\/product"}],"about":[{"href":"https:\/\/skinstudio.ee\/lv\/wp-json\/wp\/v2\/types\/product"}],"version-history":[{"count":0,"href":"https:\/\/skinstudio.ee\/lv\/wp-json\/wp\/v2\/product\/59193\/revisions"}],"wp:featuredmedia":[{"embeddable":true,"href":"https:\/\/skinstudio.ee\/lv\/wp-json\/wp\/v2\/media\/62855"}],"wp:attachment":[{"href":"https:\/\/skinstudio.ee\/lv\/wp-json\/wp\/v2\/media?parent=59193"}],"wp:term":[{"taxonomy":"pwb-brand","embeddable":true,"href":"https:\/\/skinstudio.ee\/lv\/wp-json\/wp\/v2\/pwb-brand?post=59193"},{"taxonomy":"product_brand","embeddable":true,"href":"https:\/\/skinstudio.ee\/lv\/wp-json\/wp\/v2\/product_brand?post=59193"},{"taxonomy":"product_cat","embeddable":true,"href":"https:\/\/skinstudio.ee\/lv\/wp-json\/wp\/v2\/product_cat?post=59193"},{"taxonomy":"product_tag","embeddable":true,"href":"https:\/\/skinstudio.ee\/lv\/wp-json\/wp\/v2\/product_tag?post=59193"},{"taxonomy":"giftcard-category","embeddable":true,"href":"https:\/\/skinstudio.ee\/lv\/wp-json\/wp\/v2\/giftcard-category?post=59193"}],"curies":[{"name":"wp","href":"https:\/\/api.w.org\/{rel}","templated":true}]}}