{"id":59204,"date":"2023-05-24T17:56:10","date_gmt":"2023-05-24T17:56:10","guid":{"rendered":"https:\/\/skinstudio.ee\/?post_type=product&#038;p=59204"},"modified":"2025-12-29T09:38:58","modified_gmt":"2025-12-29T09:38:58","slug":"r-retinoate-intense","status":"publish","type":"product","link":"https:\/\/skinstudio.ee\/lv\/catalog\/medik8-lv\/r-retinoate-intense\/","title":{"rendered":"R-Retinoate\u00ae Intense"},"content":{"rendered":"<p data-start=\"336\" data-end=\"657\"><strong data-start=\"336\" data-end=\"360\">R-Retinoate\u00ae Intense<\/strong> ir revolucion\u0101rs nakts kr\u0113ms, kas apvieno retinila retino\u0101ta un retin\u0101ldeh\u012bda sp\u0113ku vien\u0101 luksusa formul\u0101. Kl\u012bniski pier\u0101d\u012bts, ka tas ir <strong data-start=\"498\" data-end=\"554\">8 reizes efekt\u012bv\u0101ks un 11 reizes \u0101tr\u0101ks par retinolu<\/strong>, pal\u012bdz izl\u012bdzin\u0101t smalk\u0101s krunci\u0146as, uzlabot \u0101das toni un atjaunot jaunekl\u012bgu mirdzumu miega laik\u0101.<\/p>\n<p data-start=\"659\" data-end=\"1094\">\u0160is \u201cviss vien\u0101\u201d nakts kop\u0161anas l\u012bdzeklis apvieno <strong data-start=\"709\" data-end=\"743\">inkapsul\u0113tu retinila retino\u0101tu<\/strong> un <strong data-start=\"747\" data-end=\"776\">inkapsul\u0113tu retin\u0101ldeh\u012bdu<\/strong>, kas darbojas siner\u0123iski, stimul\u0113jot \u0161\u016bnu atjauno\u0161anos un kolag\u0113na sint\u0113zi. Da\u017eu ned\u0113\u013cu laik\u0101 \u0101da k\u013c\u016bst stingr\u0101ka, glud\u0101ka un redzami starojo\u0161a. Formula ir bag\u0101tin\u0101ta ar <strong data-start=\"947\" data-end=\"969\">ceram\u012bdu kompleksu<\/strong>, <strong data-start=\"971\" data-end=\"989\">vara pept\u012bdiem<\/strong> un <strong data-start=\"993\" data-end=\"1010\">hialuronsk\u0101bi<\/strong>, kas stiprina \u0101das aizsargbarjeru, dzi\u013ci baro un nodro\u0161ina intens\u012bvu mitrin\u0101\u0161anu.<\/p>\n<p data-start=\"1096\" data-end=\"1298\">T\u0101 bag\u0101t\u012bg\u0101, z\u012bdain\u0101 tekst\u016bra acumirkl\u012b ies\u016bcas \u0101d\u0101, nodro\u0161inot atjauno\u0161anos un dzi\u013cu mitrumu visas nakts garum\u0101. R-Retinoate\u00ae Intense var izmantot k\u0101 vien\u012bgo vakara kop\u0161anas l\u012bdzekli p\u0113c att\u012br\u012b\u0161anas.<\/p>\n<p data-start=\"1300\" data-end=\"1735\"><strong data-start=\"1300\" data-end=\"1324\">Akt\u012bv\u0101s sast\u0101vda\u013cas:<\/strong><br data-start=\"1324\" data-end=\"1327\" \/>\u2013 <strong data-start=\"1329\" data-end=\"1363\">Inkapsul\u0113ts retinila retino\u0101ts<\/strong> \u2013 stimul\u0113 kolag\u0113na ra\u017eo\u0161anu un uzlabo \u0101das elast\u012bbu.<br data-start=\"1416\" data-end=\"1419\" \/>\u2013 <strong data-start=\"1421\" data-end=\"1450\">Inkapsul\u0113ts retin\u0101ldeh\u012bds<\/strong> \u2013 darbojas \u0101tr\u0101k par retinolu, izl\u012bdzina krunci\u0146as un uzlabo \u0101das toni.<br data-start=\"1522\" data-end=\"1525\" \/>\u2013 <strong data-start=\"1527\" data-end=\"1549\">Ceram\u012bdu komplekss<\/strong> \u2013 stiprina \u0101das aizsargbarjeru un baro dzi\u013ci.<br data-start=\"1595\" data-end=\"1598\" \/>\u2013 <strong data-start=\"1600\" data-end=\"1616\">Vara pept\u012bdi<\/strong> \u2013 veicina \u0101das re\u0123ener\u0101ciju un kolag\u0113na sint\u0113zi.<br data-start=\"1665\" data-end=\"1668\" \/>\u2013 <strong data-start=\"1670\" data-end=\"1687\">Hialuronsk\u0101be<\/strong> \u2013 nodro\u0161ina intens\u012bvu mitrin\u0101\u0161anu un maigumu.<\/p>\n<p data-start=\"1737\" data-end=\"1757\"><strong data-start=\"1737\" data-end=\"1749\">Tilpums:<\/strong> 50 ml<\/p>\n","protected":false},"excerpt":{"rendered":"<p data-start=\"2004\" data-end=\"2039\">Intens\u012bvs atjaunojo\u0161s nakts kr\u0113ms<\/p>\n<h2 data-start=\"2041\" data-end=\"2308\"><strong data-start=\"2041\" data-end=\"2083\">\u012apa\u0161\u012bbas MEDIK8 &#8211; R-Retinoate\u00ae Intense<\/strong><\/h2>\n<p data-start=\"2041\" data-end=\"2308\">\u2714\ufe0f Redzami atjauno un nostiprina \u0101du<br data-start=\"2122\" data-end=\"2125\" \/>\u2714\ufe0f Izl\u012bdzina grumbas un uzlabo tekst\u016bru<br data-start=\"2164\" data-end=\"2167\" \/>\u2714\ufe0f Samazina pigment\u0101ciju un izgaismo \u0101du<br data-start=\"2207\" data-end=\"2210\" \/>\u2714\ufe0f Baro un atjauno \u0101das aizsargbarjeru<br data-start=\"2248\" data-end=\"2251\" \/>\u2714\ufe0f Nodro\u0161ina mitrin\u0101\u0161anu un mirdzumu visas nakts garum\u0101<\/p>\n","protected":false},"featured_media":62865,"template":"","meta":[],"pwb-brand":[1205],"product_brand":[],"product_cat":[727,741,745,737,749,743,751,739,723,747],"product_tag":[],"giftcard-category":[],"class_list":{"0":"post-59204","1":"product","2":"type-product","3":"status-publish","4":"has-post-thumbnail","6":"pwb-brand-medik8-lv","7":"product_cat-a-vitamins-retinols","8":"product_cat-izsitumi","9":"product_cat-jutigai-adai","10":"product_cat-mitrinasana","11":"product_cat-novecojosa-ada","12":"product_cat-paplasinatas-poras","13":"product_cat-pigmentacija-lv","14":"product_cat-sausai-adai","15":"product_cat-serumi","16":"product_cat-taukainai-adai","18":"first","19":"instock","20":"taxable","21":"shipping-taxable","22":"purchasable","23":"product-type-simple"},"acf":[],"brands":[{"id":1205,"name":"Medik8","slug":"medik8-lv"}],"_links":{"self":[{"href":"https:\/\/skinstudio.ee\/lv\/wp-json\/wp\/v2\/product\/59204","targetHints":{"allow":["GET"]}}],"collection":[{"href":"https:\/\/skinstudio.ee\/lv\/wp-json\/wp\/v2\/product"}],"about":[{"href":"https:\/\/skinstudio.ee\/lv\/wp-json\/wp\/v2\/types\/product"}],"version-history":[{"count":0,"href":"https:\/\/skinstudio.ee\/lv\/wp-json\/wp\/v2\/product\/59204\/revisions"}],"wp:featuredmedia":[{"embeddable":true,"href":"https:\/\/skinstudio.ee\/lv\/wp-json\/wp\/v2\/media\/62865"}],"wp:attachment":[{"href":"https:\/\/skinstudio.ee\/lv\/wp-json\/wp\/v2\/media?parent=59204"}],"wp:term":[{"taxonomy":"pwb-brand","embeddable":true,"href":"https:\/\/skinstudio.ee\/lv\/wp-json\/wp\/v2\/pwb-brand?post=59204"},{"taxonomy":"product_brand","embeddable":true,"href":"https:\/\/skinstudio.ee\/lv\/wp-json\/wp\/v2\/product_brand?post=59204"},{"taxonomy":"product_cat","embeddable":true,"href":"https:\/\/skinstudio.ee\/lv\/wp-json\/wp\/v2\/product_cat?post=59204"},{"taxonomy":"product_tag","embeddable":true,"href":"https:\/\/skinstudio.ee\/lv\/wp-json\/wp\/v2\/product_tag?post=59204"},{"taxonomy":"giftcard-category","embeddable":true,"href":"https:\/\/skinstudio.ee\/lv\/wp-json\/wp\/v2\/giftcard-category?post=59204"}],"curies":[{"name":"wp","href":"https:\/\/api.w.org\/{rel}","templated":true}]}}