{"id":59225,"date":"2023-05-24T17:56:10","date_gmt":"2023-05-24T17:56:10","guid":{"rendered":"https:\/\/skinstudio.ee\/?post_type=product&#038;p=59225"},"modified":"2025-12-29T09:38:58","modified_gmt":"2025-12-29T09:38:58","slug":"r-retinoate-day-night-eye","status":"publish","type":"product","link":"https:\/\/skinstudio.ee\/lv\/catalog\/medik8-lv\/r-retinoate-day-night-eye\/","title":{"rendered":"R-Retinoate Day &#038; Night Eye Serum"},"content":{"rendered":"<p data-start=\"345\" data-end=\"681\"><strong data-start=\"345\" data-end=\"382\">R-Retinoate Day &amp; Night Eye Serum<\/strong> apvieno luksusa saj\u016btu, zin\u0101tni un kl\u012bniski pier\u0101d\u012btu efektivit\u0101ti, pied\u0101v\u0101jot unik\u0101lu pretgrumbu kop\u0161anu maigajai \u0101dai ap ac\u012bm. Pateicoties inovat\u012bvajam A vitam\u012bna atvasin\u0101jumam \u2013 <strong data-start=\"564\" data-end=\"585\">retinilretino\u0101tam<\/strong>, \u0161\u012b formula nodro\u0161ina retinola efektu bez kairin\u0101juma, padarot to piem\u0113rotu pat jut\u012bgai \u0101dai.<\/p>\n<p data-start=\"683\" data-end=\"963\">Viegl\u0101, z\u012bdain\u0101 tekst\u016bra \u0101tri ies\u016bcas, izl\u012bdzina smalk\u0101s l\u012bnijas, izgaismo \u0101du un pie\u0161\u0137ir skatienam svaigumu. Jau p\u0113c 4 ned\u0113\u013c\u0101m \u0101da ap ac\u012bm k\u013c\u016bst stingr\u0101ka, glud\u0101ka un redzami jaunekl\u012bg\u0101ka. Regul\u0101ri lietojot, efekts pastiprin\u0101s \u2013 \u0101da k\u013c\u016bst elast\u012bg\u0101ka, starojo\u0161\u0101ka un atp\u016btusies.<\/p>\n<p data-start=\"965\" data-end=\"1241\">Formula ir paredz\u0113ta lieto\u0161anai <strong data-start=\"997\" data-end=\"1021\">gan dien\u0101, gan nakt\u012b<\/strong>, satur l\u012bdzsvarotu barojo\u0161o sast\u0101vda\u013cu kompleksu, kas stiprina \u0101das barjeru un aizsarg\u0101 pret \u0101r\u0113jiem noveco\u0161an\u0101s faktoriem. R-Retinoate Day &amp; Night Eye Serum padara ikdienas kop\u0161anu par izsmalcin\u0101tu skaistuma ritu\u0101lu.<\/p>\n<p data-start=\"1243\" data-end=\"1670\"><strong data-start=\"1243\" data-end=\"1267\">Akt\u012bv\u0101s sast\u0101vda\u013cas:<\/strong><br data-start=\"1267\" data-end=\"1270\" \/>\u2013 <strong data-start=\"1272\" data-end=\"1292\">Retinilretino\u0101ts<\/strong> \u2013 inovat\u012bva A vitam\u012bna forma, 8 reizes efekt\u012bv\u0101ka par retinolu, stimul\u0113 \u0161\u016bnu atjauno\u0161anos un kolag\u0113na sint\u0113zi.<br data-start=\"1403\" data-end=\"1406\" \/>\u2013 <strong data-start=\"1408\" data-end=\"1422\">E vitam\u012bns<\/strong> \u2013 aizsarg\u0101 no br\u012bvajiem radik\u0101\u013ciem un stabiliz\u0113 formulu.<br data-start=\"1479\" data-end=\"1482\" \/>\u2013 <strong data-start=\"1484\" data-end=\"1501\">Hialuronsk\u0101be<\/strong> \u2013 dzi\u013ci mitrina un pie\u0161\u0137ir \u0101dai elast\u012bbu.<br data-start=\"1543\" data-end=\"1546\" \/>\u2013 <strong data-start=\"1548\" data-end=\"1564\">Vara pept\u012bdi<\/strong> \u2013 veicina \u0101das re\u0123ener\u0101ciju un uzlabo tvirtumu.<br data-start=\"1612\" data-end=\"1615\" \/>\u2013 <strong data-start=\"1617\" data-end=\"1629\">Skval\u0101ns<\/strong> \u2013 baro un atjauno \u0101das aizsargbarjeru.<\/p>\n<p data-start=\"1672\" data-end=\"1692\"><strong data-start=\"1672\" data-end=\"1684\">Tilpums:<\/strong> 15 ml<\/p>\n","protected":false},"excerpt":{"rendered":"<p data-start=\"1851\" data-end=\"1900\">Atjaunojo\u0161s dienas un nakts serums \u0101dai ap ac\u012bm<\/p>\n<h2 data-start=\"1902\" data-end=\"2162\"><strong data-start=\"1902\" data-end=\"1957\">\u012apa\u0161\u012bbas MEDIK8 &#8211; R-Retinoate Day &amp; Night Eye Serum<\/strong><\/h2>\n<p data-start=\"1902\" data-end=\"2162\">\u2714\ufe0f Atjauno un nostiprina \u0101du ap ac\u012bm<br data-start=\"1996\" data-end=\"1999\" \/>\u2714\ufe0f Izl\u012bdzina smalk\u0101s l\u012bnijas un grumbas<br data-start=\"2038\" data-end=\"2041\" \/>\u2714\ufe0f Samazina pigment\u0101ciju un uzlabo \u0101das toni<br data-start=\"2085\" data-end=\"2088\" \/>\u2714\ufe0f Palielina elast\u012bbu un tvirtumu<br data-start=\"2121\" data-end=\"2124\" \/>\u2714\ufe0f Pie\u0161\u0137ir \u0101dai mirdzumu un svaigumu<\/p>\n","protected":false},"featured_media":62870,"template":"","meta":[],"pwb-brand":[1205],"product_brand":[],"product_cat":[727,733,745,737,751,739,723,747],"product_tag":[],"giftcard-category":[],"class_list":{"0":"post-59225","1":"product","2":"type-product","3":"status-publish","4":"has-post-thumbnail","6":"pwb-brand-medik8-lv","7":"product_cat-a-vitamins-retinols","8":"product_cat-ada-ap-acim","9":"product_cat-jutigai-adai","10":"product_cat-mitrinasana","11":"product_cat-pigmentacija-lv","12":"product_cat-sausai-adai","13":"product_cat-serumi","14":"product_cat-taukainai-adai","16":"first","17":"instock","18":"taxable","19":"shipping-taxable","20":"purchasable","21":"product-type-simple"},"acf":[],"brands":[{"id":1205,"name":"Medik8","slug":"medik8-lv"}],"_links":{"self":[{"href":"https:\/\/skinstudio.ee\/lv\/wp-json\/wp\/v2\/product\/59225","targetHints":{"allow":["GET"]}}],"collection":[{"href":"https:\/\/skinstudio.ee\/lv\/wp-json\/wp\/v2\/product"}],"about":[{"href":"https:\/\/skinstudio.ee\/lv\/wp-json\/wp\/v2\/types\/product"}],"version-history":[{"count":0,"href":"https:\/\/skinstudio.ee\/lv\/wp-json\/wp\/v2\/product\/59225\/revisions"}],"wp:featuredmedia":[{"embeddable":true,"href":"https:\/\/skinstudio.ee\/lv\/wp-json\/wp\/v2\/media\/62870"}],"wp:attachment":[{"href":"https:\/\/skinstudio.ee\/lv\/wp-json\/wp\/v2\/media?parent=59225"}],"wp:term":[{"taxonomy":"pwb-brand","embeddable":true,"href":"https:\/\/skinstudio.ee\/lv\/wp-json\/wp\/v2\/pwb-brand?post=59225"},{"taxonomy":"product_brand","embeddable":true,"href":"https:\/\/skinstudio.ee\/lv\/wp-json\/wp\/v2\/product_brand?post=59225"},{"taxonomy":"product_cat","embeddable":true,"href":"https:\/\/skinstudio.ee\/lv\/wp-json\/wp\/v2\/product_cat?post=59225"},{"taxonomy":"product_tag","embeddable":true,"href":"https:\/\/skinstudio.ee\/lv\/wp-json\/wp\/v2\/product_tag?post=59225"},{"taxonomy":"giftcard-category","embeddable":true,"href":"https:\/\/skinstudio.ee\/lv\/wp-json\/wp\/v2\/giftcard-category?post=59225"}],"curies":[{"name":"wp","href":"https:\/\/api.w.org\/{rel}","templated":true}]}}