{"id":59236,"date":"2023-05-24T17:56:10","date_gmt":"2023-05-24T17:56:10","guid":{"rendered":"https:\/\/skinstudio.ee\/?post_type=product&#038;p=59236"},"modified":"2025-12-29T09:38:55","modified_gmt":"2025-12-29T09:38:55","slug":"calmwise-colour-correct","status":"publish","type":"product","link":"https:\/\/skinstudio.ee\/lv\/catalog\/medik8-lv\/calmwise-colour-correct\/","title":{"rendered":"Calmwise\u2122 Colour Correct"},"content":{"rendered":"<p data-start=\"359\" data-end=\"607\"><strong data-start=\"359\" data-end=\"387\">Calmwise\u2122 Colour Correct<\/strong> ir pilnv\u0113rt\u012bgs nomierino\u0161s kr\u0113ms, kas uzreiz mazina \u0101das aps\u0101rtumu un kairin\u0101jumu. T\u0101s maiga, bet efekt\u012bva formula iedarbojas da\u017eu sekun\u017eu laik\u0101 p\u0113c uzkl\u0101\u0161anas, barojot un atjaunojot \u0101du, padarot to gludu un elast\u012bgu.<\/p>\n<p data-start=\"609\" data-end=\"850\">Se\u0161i m\u0113r\u0137tiec\u012bgi iedarb\u012bbas veidi pal\u012bdz samazin\u0101t iekaisumu, mazin\u0101t \u0101das jut\u012bgumu un nov\u0113rst aps\u0101rtuma atk\u0101rtotu ra\u0161anos. Kr\u0113ms nodro\u0161ina t\u016bl\u012bt\u0113ju atvieglojumu un aizsardz\u012bbu pret \u0101r\u0113jiem faktoriem, saglab\u0101jot \u0101du mier\u012bgu un l\u012bdzsvarotu.<\/p>\n<p data-start=\"852\" data-end=\"1083\">Pateicoties akt\u012bvo sast\u0101vda\u013cu kompleksam, Calmwise\u2122 Colour Correct stiprina \u0101das aizsargbarjeru, mazina diskomfortu un aizsarg\u0101 pret vides stresu. Bezspirta formula ir piem\u0113rota pat visjut\u012bg\u0101kajai \u0101dai un lieliski sader ar grimu.<\/p>\n<p data-start=\"1085\" data-end=\"1512\"><strong data-start=\"1085\" data-end=\"1109\">Akt\u012bv\u0101s sast\u0101vda\u013cas:<\/strong><br data-start=\"1109\" data-end=\"1112\" \/>\u2013 <strong data-start=\"1114\" data-end=\"1143\">Niacinam\u012bds (B3 vitam\u012bns)<\/strong> \u2013 stiprina \u0101das barjeru un mazina iekaisumu.<br data-start=\"1188\" data-end=\"1191\" \/>\u2013 <strong data-start=\"1193\" data-end=\"1214\">Arnikas ekstrakts<\/strong> \u2013 pal\u012bdz samazin\u0101t asinsvadu sieni\u0146u trauslumu un aps\u0101rtumu.<br data-start=\"1275\" data-end=\"1278\" \/>\u2013 <strong data-start=\"1280\" data-end=\"1291\">Kofe\u012bns<\/strong> \u2013 stimul\u0113 mikrocirkul\u0101ciju un mazina redzamus kapil\u0101rus.<br data-start=\"1348\" data-end=\"1351\" \/>\u2013 <strong data-start=\"1353\" data-end=\"1366\">Hlorofils<\/strong> \u2013 darbojas k\u0101 dab\u012bgs antioksidants un neitraliz\u0113 aps\u0101rtumu ar za\u013cganu toni.<br data-start=\"1442\" data-end=\"1445\" \/>\u2013 <strong data-start=\"1447\" data-end=\"1470\">Sald\u0101 apels\u012bna e\u013c\u013ca<\/strong> \u2013 m\u012bkstina \u0101du un pie\u0161\u0137ir tai svaigumu.<\/p>\n<p data-start=\"1514\" data-end=\"1534\"><strong data-start=\"1514\" data-end=\"1526\">Tilpums:<\/strong> 50 ml<\/p>\n","protected":false},"excerpt":{"rendered":"<p data-start=\"1768\" data-end=\"1822\">Kr\u0113ms-korektors pret aps\u0101rtumu, kuperozi un roz\u0101ciju<\/p>\n<h2 data-start=\"1824\" data-end=\"2070\"><strong data-start=\"1824\" data-end=\"1870\">\u012apa\u0161\u012bbas MEDIK8 &#8211; Calmwise\u2122 Colour Correct<\/strong><\/h2>\n<p data-start=\"1824\" data-end=\"2070\">\u2714\ufe0f Regul\u0113 asinsriti un mazina aps\u0101rtumu<br data-start=\"1912\" data-end=\"1915\" \/>\u2714\ufe0f Pretiekaisuma iedarb\u012bba<br data-start=\"1941\" data-end=\"1944\" \/>\u2714\ufe0f Uzreiz mask\u0113 un izl\u012bdzina toni<br data-start=\"1977\" data-end=\"1980\" \/>\u2714\ufe0f Samazina \u0101das jut\u012bgumu<br data-start=\"2005\" data-end=\"2008\" \/>\u2714\ufe0f Stiprina \u0101das aizsargbarjeru un pasarg\u0101 no vides ietekmes<\/p>\n<p data-start=\"2072\" data-end=\"2125\">\n<p>&nbsp;<\/p>\n","protected":false},"featured_media":62845,"template":"","meta":[],"pwb-brand":[1205],"product_brand":[],"product_cat":[741,745,737,749,751,739,747],"product_tag":[],"giftcard-category":[],"class_list":{"0":"post-59236","1":"product","2":"type-product","3":"status-publish","4":"has-post-thumbnail","6":"pwb-brand-medik8-lv","7":"product_cat-izsitumi","8":"product_cat-jutigai-adai","9":"product_cat-mitrinasana","10":"product_cat-novecojosa-ada","11":"product_cat-pigmentacija-lv","12":"product_cat-sausai-adai","13":"product_cat-taukainai-adai","15":"first","16":"instock","17":"taxable","18":"shipping-taxable","19":"purchasable","20":"product-type-simple"},"acf":[],"brands":[{"id":1205,"name":"Medik8","slug":"medik8-lv"}],"_links":{"self":[{"href":"https:\/\/skinstudio.ee\/lv\/wp-json\/wp\/v2\/product\/59236","targetHints":{"allow":["GET"]}}],"collection":[{"href":"https:\/\/skinstudio.ee\/lv\/wp-json\/wp\/v2\/product"}],"about":[{"href":"https:\/\/skinstudio.ee\/lv\/wp-json\/wp\/v2\/types\/product"}],"version-history":[{"count":0,"href":"https:\/\/skinstudio.ee\/lv\/wp-json\/wp\/v2\/product\/59236\/revisions"}],"wp:featuredmedia":[{"embeddable":true,"href":"https:\/\/skinstudio.ee\/lv\/wp-json\/wp\/v2\/media\/62845"}],"wp:attachment":[{"href":"https:\/\/skinstudio.ee\/lv\/wp-json\/wp\/v2\/media?parent=59236"}],"wp:term":[{"taxonomy":"pwb-brand","embeddable":true,"href":"https:\/\/skinstudio.ee\/lv\/wp-json\/wp\/v2\/pwb-brand?post=59236"},{"taxonomy":"product_brand","embeddable":true,"href":"https:\/\/skinstudio.ee\/lv\/wp-json\/wp\/v2\/product_brand?post=59236"},{"taxonomy":"product_cat","embeddable":true,"href":"https:\/\/skinstudio.ee\/lv\/wp-json\/wp\/v2\/product_cat?post=59236"},{"taxonomy":"product_tag","embeddable":true,"href":"https:\/\/skinstudio.ee\/lv\/wp-json\/wp\/v2\/product_tag?post=59236"},{"taxonomy":"giftcard-category","embeddable":true,"href":"https:\/\/skinstudio.ee\/lv\/wp-json\/wp\/v2\/giftcard-category?post=59236"}],"curies":[{"name":"wp","href":"https:\/\/api.w.org\/{rel}","templated":true}]}}