{"id":59250,"date":"2023-05-24T17:56:10","date_gmt":"2023-05-24T17:56:10","guid":{"rendered":"https:\/\/skinstudio.ee\/?post_type=product&#038;p=59250"},"modified":"2025-12-29T09:38:58","modified_gmt":"2025-12-29T09:38:58","slug":"r-retinoate","status":"publish","type":"product","link":"https:\/\/skinstudio.ee\/lv\/catalog\/medik8-lv\/r-retinoate\/","title":{"rendered":"R-Retinoate\u00ae"},"content":{"rendered":"<p data-start=\"297\" data-end=\"580\"><strong data-start=\"297\" data-end=\"313\">R-Retinoate\u00ae<\/strong> ir revolucion\u0101rs jaun\u012bbu aktiviz\u0113jo\u0161s kr\u0113ms ar patent\u0113tu <strong data-start=\"371\" data-end=\"391\">retinilretino\u0101tu<\/strong> \u2013 Medik8 ekskluz\u012bvu A vitam\u012bna formu. Kl\u012bniski pier\u0101d\u012bts, ka jau 4 ned\u0113\u013cu laik\u0101 tas uzlabo \u0101das toni, tekst\u016bru un mirdzumu, neradot kairin\u0101jumu, kas rakstur\u012bgs tradicion\u0101lajam retinolam.<\/p>\n<p data-start=\"582\" data-end=\"758\">R-Retinoate\u00ae redzami samazina s\u012bkas grumbi\u0146as, izl\u012bdzina pigment\u0101ciju un atjauno \u0101das skaidr\u012bbu un starojumu. Regul\u0101ri lietojot, \u0101da k\u013c\u016bst stingr\u0101ka, glud\u0101ka un jaunekl\u012bg\u0101ka.<\/p>\n<p data-start=\"760\" data-end=\"1014\">Formula apvieno A vitam\u012bna sp\u0113ku ar antioksidantiem un dzi\u013ci mitrino\u0161\u0101m sast\u0101vda\u013c\u0101m, padarot to piem\u0113rotu ar\u012b jut\u012bgai \u0101dai. Piem\u0113rots lieto\u0161anai <strong data-start=\"905\" data-end=\"923\">dien\u0101 un nakt\u012b<\/strong>, ar z\u012bdainu tekst\u016bru, kas \u0101tri ies\u016bcas un atst\u0101j \u0101du maigu, starojo\u0161u un labi mitrin\u0101tu.<\/p>\n<p data-start=\"1016\" data-end=\"1523\"><strong data-start=\"1016\" data-end=\"1040\">Akt\u012bv\u0101s sast\u0101vda\u013cas:<\/strong><br data-start=\"1040\" data-end=\"1043\" \/>\u2013 <strong data-start=\"1045\" data-end=\"1065\">Retinilretino\u0101ts<\/strong> \u2013 Medik8 patent\u0113ts A vitam\u012bna atvasin\u0101jums, 8 reizes sp\u0113c\u012bg\u0101ks par retinolu, stimul\u0113 kolag\u0113na sint\u0113zi un \u0161\u016bnu atjauno\u0161anos bez kairin\u0101juma.<br data-start=\"1205\" data-end=\"1208\" \/>\u2013 <strong data-start=\"1210\" data-end=\"1239\">Tetraheksildecilaskorb\u0101ts<\/strong> \u2013 stabiliz\u0113ta C vitam\u012bna forma, aizsarg\u0101 pret br\u012bvajiem radik\u0101\u013ciem un uzlabo \u0101das mirdzumu.<br data-start=\"1331\" data-end=\"1334\" \/>\u2013 <strong data-start=\"1336\" data-end=\"1353\">Hialuronsk\u0101be<\/strong> \u2013 notur mitrumu \u0101d\u0101, nodro\u0161inot ilgsto\u0161u hidrat\u0101ciju.<br data-start=\"1407\" data-end=\"1410\" \/>\u2013 <strong data-start=\"1412\" data-end=\"1426\">E vitam\u012bns<\/strong> \u2013 antioksidants, kas stiprina C vitam\u012bna darb\u012bbu un aizsarg\u0101 \u0101du no apk\u0101rt\u0113j\u0101s vides ietekmes.<\/p>\n<p data-start=\"1525\" data-end=\"1545\"><strong data-start=\"1525\" data-end=\"1537\">Tilpums:<\/strong> 50 ml<\/p>\n","protected":false},"excerpt":{"rendered":"<p data-start=\"1809\" data-end=\"1853\">Jaun\u012bbu aktiviz\u0113jo\u0161s dienas un nakts kr\u0113ms<\/p>\n<h2 data-start=\"1855\" data-end=\"2146\"><strong data-start=\"1855\" data-end=\"1889\">\u012apa\u0161\u012bbas Medik8 &#8211; R-Retinoate\u00ae<\/strong><\/h2>\n<p data-start=\"1855\" data-end=\"2146\">\u2714\ufe0f Uzlabo \u0101das toni, tekst\u016bru un mirdzumu<br data-start=\"1933\" data-end=\"1936\" \/>\u2714\ufe0f Samazina smalk\u0101s grumbi\u0146as un pigment\u0101ciju<br data-start=\"1981\" data-end=\"1984\" \/>\u2714\ufe0f Pie\u0161\u0137ir \u0101dai t\u012br\u0101ku, glud\u0101ku un starojo\u0161u izskatu<br data-start=\"2036\" data-end=\"2039\" \/>\u2714\ufe0f Dzi\u013ci mitrina un stiprina \u0101das elast\u012bbu<br data-start=\"2081\" data-end=\"2084\" \/>\u2714\ufe0f Aktiviz\u0113 \u0161\u016bnu atjauno\u0161anos ilgtermi\u0146a jaunekl\u012bgam efektam<\/p>\n<p data-start=\"1855\" data-end=\"2146\">\n","protected":false},"featured_media":62850,"template":"","meta":[],"pwb-brand":[1205],"product_brand":[],"product_cat":[727,741,745,737,749,743,751,739,723,747],"product_tag":[],"giftcard-category":[],"class_list":{"0":"post-59250","1":"product","2":"type-product","3":"status-publish","4":"has-post-thumbnail","6":"pwb-brand-medik8-lv","7":"product_cat-a-vitamins-retinols","8":"product_cat-izsitumi","9":"product_cat-jutigai-adai","10":"product_cat-mitrinasana","11":"product_cat-novecojosa-ada","12":"product_cat-paplasinatas-poras","13":"product_cat-pigmentacija-lv","14":"product_cat-sausai-adai","15":"product_cat-serumi","16":"product_cat-taukainai-adai","18":"first","19":"instock","20":"taxable","21":"shipping-taxable","22":"purchasable","23":"product-type-simple"},"acf":[],"brands":[{"id":1205,"name":"Medik8","slug":"medik8-lv"}],"_links":{"self":[{"href":"https:\/\/skinstudio.ee\/lv\/wp-json\/wp\/v2\/product\/59250","targetHints":{"allow":["GET"]}}],"collection":[{"href":"https:\/\/skinstudio.ee\/lv\/wp-json\/wp\/v2\/product"}],"about":[{"href":"https:\/\/skinstudio.ee\/lv\/wp-json\/wp\/v2\/types\/product"}],"version-history":[{"count":0,"href":"https:\/\/skinstudio.ee\/lv\/wp-json\/wp\/v2\/product\/59250\/revisions"}],"wp:featuredmedia":[{"embeddable":true,"href":"https:\/\/skinstudio.ee\/lv\/wp-json\/wp\/v2\/media\/62850"}],"wp:attachment":[{"href":"https:\/\/skinstudio.ee\/lv\/wp-json\/wp\/v2\/media?parent=59250"}],"wp:term":[{"taxonomy":"pwb-brand","embeddable":true,"href":"https:\/\/skinstudio.ee\/lv\/wp-json\/wp\/v2\/pwb-brand?post=59250"},{"taxonomy":"product_brand","embeddable":true,"href":"https:\/\/skinstudio.ee\/lv\/wp-json\/wp\/v2\/product_brand?post=59250"},{"taxonomy":"product_cat","embeddable":true,"href":"https:\/\/skinstudio.ee\/lv\/wp-json\/wp\/v2\/product_cat?post=59250"},{"taxonomy":"product_tag","embeddable":true,"href":"https:\/\/skinstudio.ee\/lv\/wp-json\/wp\/v2\/product_tag?post=59250"},{"taxonomy":"giftcard-category","embeddable":true,"href":"https:\/\/skinstudio.ee\/lv\/wp-json\/wp\/v2\/giftcard-category?post=59250"}],"curies":[{"name":"wp","href":"https:\/\/api.w.org\/{rel}","templated":true}]}}