{"id":59280,"date":"2023-05-24T17:56:10","date_gmt":"2023-05-24T17:56:10","guid":{"rendered":"https:\/\/skinstudio.ee\/?post_type=product&#038;p=59280"},"modified":"2025-12-29T09:38:58","modified_gmt":"2025-12-29T09:38:58","slug":"ultimate-recovery","status":"publish","type":"product","link":"https:\/\/skinstudio.ee\/lv\/catalog\/medik8-lv\/ultimate-recovery\/","title":{"rendered":"Ultimate Recovery"},"content":{"rendered":"<p data-start=\"282\" data-end=\"527\"><strong data-start=\"282\" data-end=\"312\">Medik8 &#8211; Ultimate Recovery<\/strong> ir grezns atjaunojo\u0161s kr\u0113ms, kas \u012bpa\u0161i izstr\u0101d\u0101ts boj\u0101tas un jut\u012bgas \u0101das kop\u0161anai, tostarp p\u0113c est\u0113tisk\u0101m proced\u016br\u0101m. Bag\u0101t\u012bg\u0101 formula nodro\u0161ina ilgsto\u0161u mitrin\u0101\u0161anu, komfortu un aizsardz\u012bbu visas dienas garum\u0101.<\/p>\n<p data-start=\"529\" data-end=\"849\">Ide\u0101li piem\u0113rots p\u0113c \u0137\u012bmiskajiem p\u012blingiem, l\u0101zerproced\u016br\u0101m, mikroadat\u0101m un mikrodermabr\u0101zijas \u2013 \u0161is kr\u0113ms pal\u012bdz \u0101dai \u0101tr\u0101k atjaunoties un atg\u016bt vesel\u012bgu izskatu. Tas veido aizsargbarjeru uz \u0101das virsmas, noturot mitrumu un pasarg\u0101jot to no \u0101r\u0113j\u0101s vides iedarb\u012bbas, vienlaikus veicinot dabiskos atjauno\u0161an\u0101s procesus.<\/p>\n<p data-start=\"851\" data-end=\"1111\">Ultimate Recovery ir bag\u0101tin\u0101ts ar perfluorodekal\u012bnu, kas pies\u0101tina \u0101du ar sk\u0101bekli un uzlabo t\u0101s elast\u012bbu. Beta-glik\u0101na un arnikas ekstrakta kombin\u0101cija nomierina \u0101du un mazina aps\u0101rtumu, savuk\u0101rt alanto\u012bns veicina re\u0123ener\u0101ciju un padara \u0101du maigu un gludu.<\/p>\n<p data-start=\"1113\" data-end=\"1543\"><strong data-start=\"1113\" data-end=\"1137\">Akt\u012bv\u0101s sast\u0101vda\u013cas:<\/strong><br data-start=\"1137\" data-end=\"1140\" \/>\u2013 <strong data-start=\"1142\" data-end=\"1155\">Alanto\u012bns<\/strong> \u2013 ieg\u016bts no garkn\u0101bja saknes, veicina dabisko \u0101das dz\u012b\u0161anu un \u0161\u016bnu atjauno\u0161anos, m\u012bkstina un aizsarg\u0101 \u0101du.<br data-start=\"1262\" data-end=\"1265\" \/>\u2013 <strong data-start=\"1267\" data-end=\"1283\">Beta-glik\u0101ns<\/strong> \u2013 auzu ekstrakts, kas stiprina \u0101das aizsargbarjeru un uzlabo t\u0101s atjauno\u0161an\u0101s sp\u0113jas.<br data-start=\"1369\" data-end=\"1372\" \/>\u2013 <strong data-start=\"1374\" data-end=\"1395\">Arnikas ekstrakts<\/strong> \u2013 nomierina jut\u012bgu \u0101du un samazina kairin\u0101jumu un aps\u0101rtumu.<br data-start=\"1456\" data-end=\"1459\" \/>\u2013 <strong data-start=\"1461\" data-end=\"1482\">Perfluorodekal\u012bns<\/strong> \u2013 bag\u0101tina \u0101du ar sk\u0101bekli un uzlabo t\u0101s toni un elast\u012bbu.<\/p>\n<p data-start=\"1545\" data-end=\"1565\"><strong data-start=\"1545\" data-end=\"1557\">Tilpums:<\/strong> 30 ml<\/p>\n","protected":false},"excerpt":{"rendered":"<p data-start=\"1813\" data-end=\"1874\">Atjaunojo\u0161s un aizsarg\u0101jo\u0161s kr\u0113ms p\u0113c est\u0113tisk\u0101m proced\u016br\u0101m<\/p>\n<h2 data-start=\"1876\" data-end=\"2172\"><strong data-start=\"1876\" data-end=\"1915\">\u012apa\u0161\u012bbas Medik8 &#8211; Ultimate Recovery<\/strong><\/h2>\n<p data-start=\"1876\" data-end=\"2172\">\u2714\ufe0f Dzi\u013ci mitrina un baro \u0101du<br data-start=\"1946\" data-end=\"1949\" \/>\u2714\ufe0f Pa\u0101trina atjauno\u0161an\u0101s un dz\u012b\u0161anas procesus<br data-start=\"1994\" data-end=\"1997\" \/>\u2714\ufe0f Nomierina jut\u012bgu un kairin\u0101tu \u0101du<br data-start=\"2033\" data-end=\"2036\" \/>\u2714\ufe0f Stiprina \u0101das aizsargbarjeru un pasarg\u0101 no \u0101r\u0113jiem faktoriem<br data-start=\"2099\" data-end=\"2102\" \/>\u2714\ufe0f Ide\u0101li piem\u0113rots p\u0113c p\u012blingiem, l\u0101zeriem un est\u0113tisk\u0101m proced\u016br\u0101m<\/p>\n","protected":false},"featured_media":62830,"template":"","meta":[],"pwb-brand":[1205],"product_brand":[],"product_cat":[745,737,749,739],"product_tag":[],"giftcard-category":[],"class_list":{"0":"post-59280","1":"product","2":"type-product","3":"status-publish","4":"has-post-thumbnail","6":"pwb-brand-medik8-lv","7":"product_cat-jutigai-adai","8":"product_cat-mitrinasana","9":"product_cat-novecojosa-ada","10":"product_cat-sausai-adai","12":"first","13":"instock","14":"taxable","15":"shipping-taxable","16":"purchasable","17":"product-type-simple"},"acf":[],"brands":[{"id":1205,"name":"Medik8","slug":"medik8-lv"}],"_links":{"self":[{"href":"https:\/\/skinstudio.ee\/lv\/wp-json\/wp\/v2\/product\/59280","targetHints":{"allow":["GET"]}}],"collection":[{"href":"https:\/\/skinstudio.ee\/lv\/wp-json\/wp\/v2\/product"}],"about":[{"href":"https:\/\/skinstudio.ee\/lv\/wp-json\/wp\/v2\/types\/product"}],"version-history":[{"count":0,"href":"https:\/\/skinstudio.ee\/lv\/wp-json\/wp\/v2\/product\/59280\/revisions"}],"wp:featuredmedia":[{"embeddable":true,"href":"https:\/\/skinstudio.ee\/lv\/wp-json\/wp\/v2\/media\/62830"}],"wp:attachment":[{"href":"https:\/\/skinstudio.ee\/lv\/wp-json\/wp\/v2\/media?parent=59280"}],"wp:term":[{"taxonomy":"pwb-brand","embeddable":true,"href":"https:\/\/skinstudio.ee\/lv\/wp-json\/wp\/v2\/pwb-brand?post=59280"},{"taxonomy":"product_brand","embeddable":true,"href":"https:\/\/skinstudio.ee\/lv\/wp-json\/wp\/v2\/product_brand?post=59280"},{"taxonomy":"product_cat","embeddable":true,"href":"https:\/\/skinstudio.ee\/lv\/wp-json\/wp\/v2\/product_cat?post=59280"},{"taxonomy":"product_tag","embeddable":true,"href":"https:\/\/skinstudio.ee\/lv\/wp-json\/wp\/v2\/product_tag?post=59280"},{"taxonomy":"giftcard-category","embeddable":true,"href":"https:\/\/skinstudio.ee\/lv\/wp-json\/wp\/v2\/giftcard-category?post=59280"}],"curies":[{"name":"wp","href":"https:\/\/api.w.org\/{rel}","templated":true}]}}