{"id":59289,"date":"2023-05-24T17:56:10","date_gmt":"2023-05-24T17:56:10","guid":{"rendered":"https:\/\/skinstudio.ee\/?post_type=product&#038;p=59289"},"modified":"2025-12-29T09:38:55","modified_gmt":"2025-12-29T09:38:55","slug":"calmwise-serum","status":"publish","type":"product","link":"https:\/\/skinstudio.ee\/lv\/catalog\/medik8\/calmwise-serum\/","title":{"rendered":"Calmwise\u2122 Serum"},"content":{"rendered":"<p data-start=\"254\" data-end=\"491\"><strong data-start=\"254\" data-end=\"282\">Medik8 &#8211; Calmwise\u2122 Serum<\/strong> ir barojo\u0161s un atjaunojo\u0161s serums ar salvijas ekstraktu, kas pal\u012bdz nomierin\u0101t \u0101du un samazin\u0101t visa veida aps\u0101rtumu. Tas stiprina \u0101das dabisko aizsargbarjeru, mazina kairin\u0101jumu un atjauno komforta saj\u016btu.<\/p>\n<p data-start=\"493\" data-end=\"788\">Serums satur patent\u0113tu akt\u012bvo sast\u0101vda\u013cu <strong data-start=\"534\" data-end=\"547\">teprenonu<\/strong>, kas samazina redzamu aps\u0101rtumu un nostiprina \u0101das strukt\u016bru. Kl\u012bniskie p\u0113t\u012bjumi pier\u0101da, ka p\u0113c vienas lieto\u0161anas m\u0113ne\u0161a aps\u0101rtums var samazin\u0101ties l\u012bdz pat 30%, padarot \u0101du glud\u0101ku, mier\u012bg\u0101ku un iztur\u012bg\u0101ku pret apk\u0101rt\u0113j\u0101s vides ietekmi.<\/p>\n<p data-start=\"790\" data-end=\"1077\"><strong data-start=\"790\" data-end=\"811\">Organiska salvija<\/strong> darbojas k\u0101 dabisks antioksidants, pal\u012bdz mazin\u0101t iekaisumu un pasarg\u0101 \u0101du no oksidat\u012bv\u0101 stresa. Viegl\u0101 tekst\u016bra \u0101tri ies\u016bcas \u0101d\u0101, atst\u0101jot to maigu, mitrin\u0101tu un svaigu. Regul\u0101ri lietojot, Calmwise Serum pal\u012bdz atjaunot vienm\u0113r\u012bgu \u0101das toni un vesel\u012bgu mirdzumu.<\/p>\n<p data-start=\"1079\" data-end=\"1378\"><strong data-start=\"1079\" data-end=\"1103\">Akt\u012bv\u0101s sast\u0101vda\u013cas:<\/strong><br data-start=\"1103\" data-end=\"1106\" \/>\u2013 <strong data-start=\"1108\" data-end=\"1121\">Teprenons<\/strong> \u2013 patent\u0113ta sast\u0101vda\u013ca, kas pagarina \u0101das \u0161\u016bnu dz\u012bves ciklu, stiprina aizsargbarjeru un samazina \u0101das jut\u012bbu pret \u0101r\u0113jiem kairin\u0101t\u0101jiem.<br data-start=\"1258\" data-end=\"1261\" \/>\u2013 <strong data-start=\"1263\" data-end=\"1295\">Organisks salvijas ekstrakts<\/strong> \u2013 dabisks antioksidants, kas pal\u012bdz mazin\u0101t aps\u0101rtumu, kairin\u0101jumu un iekaisumu.<\/p>\n<p data-start=\"1380\" data-end=\"1400\"><strong data-start=\"1380\" data-end=\"1392\">Tilpums:<\/strong> 15 ml<\/p>\n","protected":false},"excerpt":{"rendered":"<p data-start=\"1638\" data-end=\"1688\">Nomierino\u0161s serums pret aps\u0101rtumu un kairin\u0101jumu<\/p>\n<h2 data-start=\"1690\" data-end=\"1922\"><strong data-start=\"1690\" data-end=\"1727\">\u012apa\u0161\u012bbas Medik8 &#8211; Calmwise\u2122 Serum<\/strong><\/h2>\n<p data-start=\"1690\" data-end=\"1922\">\u2714\ufe0f Nomierina jut\u012bgu un kairin\u0101tu \u0101du<br data-start=\"1766\" data-end=\"1769\" \/>\u2714\ufe0f Samazina aps\u0101rtumu un iekaisumu<br data-start=\"1803\" data-end=\"1806\" \/>\u2714\ufe0f Stiprina \u0101das dabisko aizsargbarjeru<br data-start=\"1845\" data-end=\"1848\" \/>\u2714\ufe0f Mitrina un m\u012bkstina \u0101du<br data-start=\"1874\" data-end=\"1877\" \/>\u2714\ufe0f Atjauno vesel\u012bgu un vienm\u0113r\u012bgu \u0101das toni<\/p>\n","protected":false},"featured_media":62840,"template":"","meta":[],"pwb-brand":[1205],"product_brand":[],"product_cat":[741,745,737,749,751,739,723,747],"product_tag":[],"giftcard-category":[],"class_list":{"0":"post-59289","1":"product","2":"type-product","3":"status-publish","4":"has-post-thumbnail","6":"pwb-brand-medik8","7":"product_cat-izsitumi","8":"product_cat-jutigai-adai","9":"product_cat-mitrinasana","10":"product_cat-novecojosa-ada","11":"product_cat-pigmentacija-lv","12":"product_cat-sausai-adai","13":"product_cat-serumi","14":"product_cat-taukainai-adai","16":"first","17":"instock","18":"taxable","19":"shipping-taxable","20":"purchasable","21":"product-type-simple"},"acf":[],"brands":[{"id":1205,"name":"Medik8","slug":"medik8"}],"_links":{"self":[{"href":"https:\/\/skinstudio.ee\/lv\/wp-json\/wp\/v2\/product\/59289","targetHints":{"allow":["GET"]}}],"collection":[{"href":"https:\/\/skinstudio.ee\/lv\/wp-json\/wp\/v2\/product"}],"about":[{"href":"https:\/\/skinstudio.ee\/lv\/wp-json\/wp\/v2\/types\/product"}],"version-history":[{"count":0,"href":"https:\/\/skinstudio.ee\/lv\/wp-json\/wp\/v2\/product\/59289\/revisions"}],"wp:featuredmedia":[{"embeddable":true,"href":"https:\/\/skinstudio.ee\/lv\/wp-json\/wp\/v2\/media\/62840"}],"wp:attachment":[{"href":"https:\/\/skinstudio.ee\/lv\/wp-json\/wp\/v2\/media?parent=59289"}],"wp:term":[{"taxonomy":"pwb-brand","embeddable":true,"href":"https:\/\/skinstudio.ee\/lv\/wp-json\/wp\/v2\/pwb-brand?post=59289"},{"taxonomy":"product_brand","embeddable":true,"href":"https:\/\/skinstudio.ee\/lv\/wp-json\/wp\/v2\/product_brand?post=59289"},{"taxonomy":"product_cat","embeddable":true,"href":"https:\/\/skinstudio.ee\/lv\/wp-json\/wp\/v2\/product_cat?post=59289"},{"taxonomy":"product_tag","embeddable":true,"href":"https:\/\/skinstudio.ee\/lv\/wp-json\/wp\/v2\/product_tag?post=59289"},{"taxonomy":"giftcard-category","embeddable":true,"href":"https:\/\/skinstudio.ee\/lv\/wp-json\/wp\/v2\/giftcard-category?post=59289"}],"curies":[{"name":"wp","href":"https:\/\/api.w.org\/{rel}","templated":true}]}}