{"id":59299,"date":"2023-05-24T17:56:10","date_gmt":"2023-05-24T17:56:10","guid":{"rendered":"https:\/\/skinstudio.ee\/?post_type=product&#038;p=59299"},"modified":"2026-02-19T11:44:53","modified_gmt":"2026-02-19T11:44:53","slug":"calmwise-soothing-cleanser","status":"publish","type":"product","link":"https:\/\/skinstudio.ee\/lv\/catalog\/medik8-lv\/calmwise-soothing-cleanser\/","title":{"rendered":"Calmwise\u2122 Soothing Cleanser"},"content":{"rendered":"<p data-start=\"251\" data-end=\"511\"><strong data-start=\"251\" data-end=\"291\">Medik8 &#8211; Calmwise\u2122 Soothing Cleanser<\/strong> ir maiga putojo\u0161a t\u012br\u012b\u0161anas putas, kas \u012bpa\u0161i izstr\u0101d\u0101tas jut\u012bgai un aps\u0101rtumam pak\u013cautai \u0101dai. T\u0101s saudz\u012bgi att\u012bra \u0101du, neboj\u0101jot t\u0101s aizsargbarjeru un neradot kairin\u0101jumu, atst\u0101jot \u0101du svaigu, mier\u012bgu un komfortablu.<\/p>\n<p data-start=\"513\" data-end=\"916\">Formula ir bag\u0101tin\u0101ta ar akt\u012bv\u0101m sast\u0101vda\u013c\u0101m, kas stiprina kapil\u0101rus, samazina jut\u012bbu un pal\u012bdz atjaunot \u0101das dabisko l\u012bdzsvaru. Patent\u0113t\u0101 <strong data-start=\"652\" data-end=\"665\">teprenona<\/strong> sast\u0101vda\u013ca pagarina \u0101das \u0161\u016bnu dz\u012bves ciklu un stiprina aizsargbarjeru, savuk\u0101rt <strong data-start=\"746\" data-end=\"759\">hlorofils<\/strong>att\u012bra un atjauno \u0101du, pie\u0161\u0137irot tai vesel\u012bgu mirdzumu. <strong data-start=\"816\" data-end=\"831\">K2 vitam\u012bns<\/strong> stiprina kapil\u0101ru sieni\u0146as, pal\u012bdz samazin\u0101t aps\u0101rtumu un uzlabo mikrocirkul\u0101ciju.<\/p>\n<p data-start=\"918\" data-end=\"1140\">pH neitr\u0101l\u0101, bez sulf\u0101tiem, ziep\u0113m un smar\u017eviel\u0101m formula padara \u0161\u012bs putas ide\u0101li piem\u0113rotas pat visjut\u012bg\u0101kajai \u0101dai, tostarp ar roz\u0101cijas tendenci. Maig\u0101 putu tekst\u016bra efekt\u012bvi att\u012bra un sagatavo \u0101du turpm\u0101kai kop\u0161anai.<\/p>\n<p data-start=\"1142\" data-end=\"1514\"><strong data-start=\"1142\" data-end=\"1166\">Akt\u012bv\u0101s sast\u0101vda\u013cas:<\/strong><br data-start=\"1166\" data-end=\"1169\" \/>\u2013 <strong data-start=\"1171\" data-end=\"1184\">Teprenons<\/strong> \u2013 patent\u0113ta sast\u0101vda\u013ca, kas samazina aps\u0101rtumu, stiprina \u0101das aizsargbarjeru un mazina jut\u012bbu pret \u0101r\u0113jiem kairin\u0101t\u0101jiem.<br data-start=\"1306\" data-end=\"1309\" \/>\u2013 <strong data-start=\"1311\" data-end=\"1324\">Hlorofils<\/strong> \u2013 dabisks antioksidants ar att\u012bro\u0161\u0101m \u012bpa\u0161\u012bb\u0101m, pal\u012bdz atjaunot \u0101du un pie\u0161\u0137ir tai svaigu, vesel\u012bgu izskatu.<br data-start=\"1432\" data-end=\"1435\" \/>\u2013 <strong data-start=\"1437\" data-end=\"1452\">K2 vitam\u012bns<\/strong> \u2013 stiprina kapil\u0101rus, mazina aps\u0101rtumu un uzlabo asinsriti.<\/p>\n<p data-start=\"1516\" data-end=\"1537\"><strong data-start=\"1516\" data-end=\"1528\">Tilpums:<\/strong> 40 ml \/ 150 ml<\/p>\n","protected":false},"excerpt":{"rendered":"<p data-start=\"1801\" data-end=\"1834\">Nomierino\u0161as putas jut\u012bgai \u0101dai<\/p>\n<h2 data-start=\"1836\" data-end=\"2078\"><strong data-start=\"1836\" data-end=\"1885\">\u012apa\u0161\u012bbas Medik8 &#8211; Calmwise\u2122 Soothing Cleanser<\/strong><\/h2>\n<p data-start=\"1836\" data-end=\"2078\">\u2714\ufe0f Maigi, bet efekt\u012bvi att\u012bra \u0101du<br data-start=\"1921\" data-end=\"1924\" \/>\u2714\ufe0f Nomierina un samazina jut\u012bbu<br data-start=\"1955\" data-end=\"1958\" \/>\u2714\ufe0f Stiprina un atjauno kapil\u0101rus<br data-start=\"1990\" data-end=\"1993\" \/>\u2714\ufe0f Mazina aps\u0101rtumu un stiprina aizsargbarjeru<br data-start=\"2039\" data-end=\"2042\" \/>\u2714\ufe0f Sagatavo \u0101du turpm\u0101kai kop\u0161anai<\/p>\n","protected":false},"featured_media":62835,"template":"","meta":[],"pwb-brand":[1205],"product_brand":[],"product_cat":[715,745,753],"product_tag":[],"giftcard-category":[],"class_list":{"0":"post-59299","1":"product","2":"type-product","3":"status-publish","4":"has-post-thumbnail","6":"pwb-brand-medik8-lv","7":"product_cat-attirisana","8":"product_cat-jutigai-adai","9":"product_cat-travel-size-lv","10":"pa_suurus-150ml-lv","11":"pa_suurus-40ml-lv","13":"first","14":"instock","15":"taxable","16":"shipping-taxable","17":"purchasable","18":"product-type-variable"},"acf":[],"brands":[{"id":1205,"name":"Medik8","slug":"medik8-lv"}],"_links":{"self":[{"href":"https:\/\/skinstudio.ee\/lv\/wp-json\/wp\/v2\/product\/59299","targetHints":{"allow":["GET"]}}],"collection":[{"href":"https:\/\/skinstudio.ee\/lv\/wp-json\/wp\/v2\/product"}],"about":[{"href":"https:\/\/skinstudio.ee\/lv\/wp-json\/wp\/v2\/types\/product"}],"version-history":[{"count":1,"href":"https:\/\/skinstudio.ee\/lv\/wp-json\/wp\/v2\/product\/59299\/revisions"}],"predecessor-version":[{"id":82319,"href":"https:\/\/skinstudio.ee\/lv\/wp-json\/wp\/v2\/product\/59299\/revisions\/82319"}],"wp:featuredmedia":[{"embeddable":true,"href":"https:\/\/skinstudio.ee\/lv\/wp-json\/wp\/v2\/media\/62835"}],"wp:attachment":[{"href":"https:\/\/skinstudio.ee\/lv\/wp-json\/wp\/v2\/media?parent=59299"}],"wp:term":[{"taxonomy":"pwb-brand","embeddable":true,"href":"https:\/\/skinstudio.ee\/lv\/wp-json\/wp\/v2\/pwb-brand?post=59299"},{"taxonomy":"product_brand","embeddable":true,"href":"https:\/\/skinstudio.ee\/lv\/wp-json\/wp\/v2\/product_brand?post=59299"},{"taxonomy":"product_cat","embeddable":true,"href":"https:\/\/skinstudio.ee\/lv\/wp-json\/wp\/v2\/product_cat?post=59299"},{"taxonomy":"product_tag","embeddable":true,"href":"https:\/\/skinstudio.ee\/lv\/wp-json\/wp\/v2\/product_tag?post=59299"},{"taxonomy":"giftcard-category","embeddable":true,"href":"https:\/\/skinstudio.ee\/lv\/wp-json\/wp\/v2\/giftcard-category?post=59299"}],"curies":[{"name":"wp","href":"https:\/\/api.w.org\/{rel}","templated":true}]}}