{"id":59312,"date":"2023-05-24T17:57:30","date_gmt":"2023-05-24T17:57:30","guid":{"rendered":"https:\/\/skinstudio.ee\/?post_type=product&#038;p=59312"},"modified":"2025-12-29T09:38:58","modified_gmt":"2025-12-29T09:38:58","slug":"press-clear-refill","status":"publish","type":"product","link":"https:\/\/skinstudio.ee\/lv\/catalog\/medik8-lv\/press-clear-refill\/","title":{"rendered":"Press &amp; Clear Refill"},"content":{"rendered":"<p data-start=\"221\" data-end=\"1118\">Medik8 &#8211; Press &amp; Clear Refill ir atsvaidzino\u0161s eksfoli\u0113jo\u0161s toniks ar 2% inkapsul\u0113tu salicilsk\u0101bi (BHA), kas dzi\u013ci att\u012bra \u0101du, vienlaikus saglab\u0101jot t\u0101s dabisko l\u012bdzsvaru. Tas pal\u012bdz c\u012bn\u012bties ar \u0101das nepiln\u012bb\u0101m, izl\u012bdzina tekst\u016bru un redzami uzlabo \u0101das toni &#8211; nodro\u0161inot maksim\u0101lu komfortu un bez kairin\u0101juma.<br data-start=\"572\" data-end=\"575\" \/>\u0160is ikdienas toniks \u201cviss vien\u0101\u201d pal\u012bdz nov\u0113rst izsitumus, nov\u0113r\u0161 jaunu nepiln\u012bbu ra\u0161anos un atbalsta \u0101das atjauno\u0161anos. Pateicoties Medik8 inkapsul\u0101cijas tehnolo\u0123ijai, salicilsk\u0101be tiek pak\u0101peniski atbr\u012bvota \u0101d\u0101, nodro\u0161inot ilgsto\u0161us rezult\u0101tus, nesaboj\u0101jot \u0101das aizsargbarjeru.<br data-start=\"854\" data-end=\"857\" \/>Press &amp; Clear Refill ne tikai att\u012bra poras, bet ar\u012b pal\u012bdz samazin\u0101t p\u0113ciekaisuma plankumus, nevienm\u0113r\u012bgu toni un aps\u0101rtumu. Maig\u0101, uz \u016bdens b\u0101zes veidot\u0101 formula ir viegla un svaiga, neatst\u0101j lip\u012bgumu &#8211; ide\u0101li piem\u0113rota ikdienas lieto\u0161anai, pat jut\u012bgai \u0101dai.<\/p>\n<p data-start=\"1120\" data-end=\"1682\"><strong data-start=\"1120\" data-end=\"1144\">Akt\u012bv\u0101s sast\u0101vda\u013cas:<\/strong><br data-start=\"1144\" data-end=\"1147\" \/>\u2013 2% salicilsk\u0101be (BHA) \u2013 inkapsul\u0113t\u0101 forma maigi eksfoli\u0113 poras, att\u012brot \u0101du un uzlabojot t\u0101s tekst\u016bru, vienlaikus pietiekami saudz\u012bga ikdienas lieto\u0161anai.<br data-start=\"1303\" data-end=\"1306\" \/>\u2013 2% traneksamisk\u0101 sk\u0101be \u2013 izgaismojo\u0161a sast\u0101vda\u013ca, kas pal\u012bdz samazin\u0101t tum\u0161os plankumus un p\u0113ciekaisuma p\u0113das, nodro\u0161inot vienm\u0113r\u012bg\u0101ku sejas toni.<br data-start=\"1454\" data-end=\"1457\" \/>\u2013 Sake ekstrakts \u2013 bag\u0101ts ar aminosk\u0101b\u0113m, \u0161is ferment\u0113t\u0101 r\u012bsu \u016bdens ekstrakts baro, mitrina un stiprina \u0101das aizsargbarjeru.<br data-start=\"1581\" data-end=\"1584\" \/>\u2013 Aloe Vera \u2013 nomierino\u0161s augu ekstrakts, kas mazina kairin\u0101jumu un pal\u012bdz saglab\u0101t mitrumu \u0101d\u0101.<\/p>\n<p data-start=\"1684\" data-end=\"1705\"><strong data-start=\"1684\" data-end=\"1696\">Tilpums:<\/strong> 150 ml<\/p>\n","protected":false},"excerpt":{"rendered":"<p data-start=\"2027\" data-end=\"2091\">Eksfoli\u0113jo\u0161s toniks ar 2% BHA redzami t\u012br\u0101kai un glud\u0101kai \u0101dai<\/p>\n<h2 data-start=\"2093\" data-end=\"2379\"><strong data-start=\"2093\" data-end=\"2135\">Medik8 &#8211; Press &amp; Clear Refill \u012apa\u0161\u012bbas<\/strong><\/h2>\n<p data-start=\"2093\" data-end=\"2379\">\u2714\ufe0f Pal\u012bdz c\u012bn\u012bties ar izsitumiem un nepiln\u012bb\u0101m<br data-start=\"2184\" data-end=\"2187\" \/>\u2714\ufe0f Samazina postaknes un pigment\u0101cijas plankumus<br data-start=\"2235\" data-end=\"2238\" \/>\u2714\ufe0f Izgaismo un izl\u012bdzina \u0101das toni<br data-start=\"2272\" data-end=\"2275\" \/>\u2714\ufe0f Mitrina un stiprina \u0101das aizsargbarjeru<br data-start=\"2317\" data-end=\"2320\" \/>\u2714\ufe0f Pietiekami maigs ikdienas lieto\u0161anai, pat jut\u012bgai \u0101dai<\/p>\n<p data-start=\"2381\" data-end=\"2404\"><span style=\"text-decoration: underline; color: #0000ff;\"><a style=\"color: #0000ff; text-decoration: underline;\" href=\"https:\/\/skinstudio.ee\/lv\/toode\/medik8\/press-clear\/\">Refills \u0161im produktam<\/a><\/span><\/p>\n<p data-start=\"4567\" data-end=\"4594\">\n","protected":false},"featured_media":62825,"template":"","meta":[],"pwb-brand":[1205],"product_brand":[],"product_cat":[741,743,747,721],"product_tag":[],"giftcard-category":[],"class_list":{"0":"post-59312","1":"product","2":"type-product","3":"status-publish","4":"has-post-thumbnail","6":"pwb-brand-medik8-lv","7":"product_cat-izsitumi","8":"product_cat-paplasinatas-poras","9":"product_cat-taukainai-adai","10":"product_cat-toniki-lv","12":"first","13":"instock","14":"taxable","15":"shipping-taxable","16":"purchasable","17":"product-type-simple"},"acf":[],"brands":[{"id":1205,"name":"Medik8","slug":"medik8-lv"}],"_links":{"self":[{"href":"https:\/\/skinstudio.ee\/lv\/wp-json\/wp\/v2\/product\/59312","targetHints":{"allow":["GET"]}}],"collection":[{"href":"https:\/\/skinstudio.ee\/lv\/wp-json\/wp\/v2\/product"}],"about":[{"href":"https:\/\/skinstudio.ee\/lv\/wp-json\/wp\/v2\/types\/product"}],"version-history":[{"count":0,"href":"https:\/\/skinstudio.ee\/lv\/wp-json\/wp\/v2\/product\/59312\/revisions"}],"wp:featuredmedia":[{"embeddable":true,"href":"https:\/\/skinstudio.ee\/lv\/wp-json\/wp\/v2\/media\/62825"}],"wp:attachment":[{"href":"https:\/\/skinstudio.ee\/lv\/wp-json\/wp\/v2\/media?parent=59312"}],"wp:term":[{"taxonomy":"pwb-brand","embeddable":true,"href":"https:\/\/skinstudio.ee\/lv\/wp-json\/wp\/v2\/pwb-brand?post=59312"},{"taxonomy":"product_brand","embeddable":true,"href":"https:\/\/skinstudio.ee\/lv\/wp-json\/wp\/v2\/product_brand?post=59312"},{"taxonomy":"product_cat","embeddable":true,"href":"https:\/\/skinstudio.ee\/lv\/wp-json\/wp\/v2\/product_cat?post=59312"},{"taxonomy":"product_tag","embeddable":true,"href":"https:\/\/skinstudio.ee\/lv\/wp-json\/wp\/v2\/product_tag?post=59312"},{"taxonomy":"giftcard-category","embeddable":true,"href":"https:\/\/skinstudio.ee\/lv\/wp-json\/wp\/v2\/giftcard-category?post=59312"}],"curies":[{"name":"wp","href":"https:\/\/api.w.org\/{rel}","templated":true}]}}