{"id":59326,"date":"2023-05-24T17:57:30","date_gmt":"2023-05-24T17:57:30","guid":{"rendered":"https:\/\/skinstudio.ee\/?post_type=product&#038;p=59326"},"modified":"2026-02-19T11:36:47","modified_gmt":"2026-02-19T11:36:47","slug":"press-clear","status":"publish","type":"product","link":"https:\/\/skinstudio.ee\/lv\/catalog\/medik8-lv\/press-clear\/","title":{"rendered":"Press &amp; Clear"},"content":{"rendered":"<p data-start=\"269\" data-end=\"945\">Medik8 &#8211; Press &amp; Clear ir maigs, bet efekt\u012bvs eksfoli\u0113jo\u0161s toniks ar 2% BHA \u2013 inkapsul\u0113tu salicilsk\u0101bi \u2013, kas redzami att\u012bra, izl\u012bdzina un l\u012bdzsvaro \u0101du. Tas pal\u012bdz samazin\u0101t nepiln\u012bbas, lieko taukainumu un aizsprostotas poras, neboj\u0101jot \u0101das dabisko aizsargbarjeru.<br data-start=\"535\" data-end=\"538\" \/>Formul\u0101 \u201eviss vien\u0101\u201d apvienota profilakse, akt\u012bva darb\u012bba un p\u0113capr\u016bpe, dzi\u013ci mitrinot un uzlabojot \u0101das tekst\u016bru. Pateicoties l\u0113n\u0101s izdal\u012b\u0161an\u0101s tehnolo\u0123ijai, salicilsk\u0101be maigi ies\u016bcas \u0101d\u0101, nodro\u0161inot \u0113rtu lieto\u0161anu ikdien\u0101, pat jut\u012bgai \u0101dai.<br data-start=\"781\" data-end=\"784\" \/>Viegl\u0101, uz \u016bdens b\u0101zes veidot\u0101 tekst\u016bra \u0101tri uzs\u016bcas, neatst\u0101jot lip\u012bgumu vai taukain\u012bbu, un nodro\u0161ina svaiguma un t\u012br\u012bbas saj\u016btu p\u0113c katras lieto\u0161anas reizes.<\/p>\n<p data-start=\"947\" data-end=\"1505\"><strong data-start=\"947\" data-end=\"971\">Akt\u012bv\u0101s sast\u0101vda\u013cas:<\/strong><br data-start=\"971\" data-end=\"974\" \/>\u2013 <strong data-start=\"976\" data-end=\"1001\">2% salicilsk\u0101be (BHA)<\/strong> \u2013 inkapsul\u0113t\u0101 forma maigi eksfoli\u0113 poras, uzlabo \u0101das tekst\u016bru un pal\u012bdz nov\u0113rst izsitumus, vienlaikus piem\u0113rota ikdienas lieto\u0161anai.<br data-start=\"1135\" data-end=\"1138\" \/>\u2013 <strong data-start=\"1140\" data-end=\"1166\">2% traneksamisk\u0101 sk\u0101be<\/strong> \u2013 izgaismojo\u0161a sast\u0101vda\u013ca, kas pal\u012bdz samazin\u0101t postaknes un tum\u0161os plankumus, vienlaikus izl\u012bdzinot \u0101das toni.<br data-start=\"1278\" data-end=\"1281\" \/>\u2013 <strong data-start=\"1283\" data-end=\"1301\">Sake ekstrakts<\/strong> \u2013 ferment\u0113ts r\u012bsu \u016bdens ekstrakts, kas bag\u0101ts ar aminosk\u0101b\u0113m; baro, mitrina un stiprina \u0101das aizsargbarjeru.<br data-start=\"1410\" data-end=\"1413\" \/>\u2013 <strong data-start=\"1415\" data-end=\"1428\">Aloe Vera<\/strong> \u2013 nomierino\u0161s augu ekstrakts, kas mazina kairin\u0101jumu un uztur mitrumu \u0101d\u0101.<\/p>\n<p data-start=\"1507\" data-end=\"1528\"><strong data-start=\"1507\" data-end=\"1519\">Tilpums:<\/strong> 30 ml \/ 150 ml<\/p>\n","protected":false},"excerpt":{"rendered":"<p data-start=\"1871\" data-end=\"1927\">Eksfoli\u0113jo\u0161s toniks ar 2% BHA t\u012brai un starojo\u0161ai \u0101dai<\/p>\n<h2 data-start=\"1929\" data-end=\"2190\"><strong data-start=\"1929\" data-end=\"1964\">\u012apa\u0161\u012bbas <\/strong><strong data-start=\"1929\" data-end=\"1964\">Medik8 &#8211; Press &amp; Clear<\/strong><\/h2>\n<p data-start=\"1929\" data-end=\"2190\">\u2714\ufe0f Pal\u012bdz samazin\u0101t izsitumus, taukainumu un melnos punktus<br data-start=\"2026\" data-end=\"2029\" \/>\u2714\ufe0f Mazina postaknes un pigment\u0101cijas plankumus<br data-start=\"2075\" data-end=\"2078\" \/>\u2714\ufe0f Izgaismo un izl\u012bdzina \u0101das toni<br data-start=\"2112\" data-end=\"2115\" \/>\u2714\ufe0f Nomierina un mitrina ar\u012b jut\u012bgu \u0101du<br data-start=\"2153\" data-end=\"2156\" \/>\u2714\ufe0f Piem\u0113rots ikdienas lieto\u0161anai<\/p>\n<p data-start=\"2192\" data-end=\"2256\"><span style=\"text-decoration: underline; color: #0000ff;\"><a style=\"color: #0000ff; text-decoration: underline;\" href=\"https:\/\/skinstudio.ee\/lv\/toode\/medik8-lv\/press-clear-refill\/\">Pieejams <span>Press &amp; Clear<\/span>\u00a0<span>refill versij\u0101<\/span><\/a><\/span><\/p>\n","protected":false},"featured_media":62820,"template":"","meta":[],"pwb-brand":[1205],"product_brand":[],"product_cat":[741,743,747,721,753],"product_tag":[],"giftcard-category":[],"class_list":{"0":"post-59326","1":"product","2":"type-product","3":"status-publish","4":"has-post-thumbnail","6":"pwb-brand-medik8-lv","7":"product_cat-izsitumi","8":"product_cat-paplasinatas-poras","9":"product_cat-taukainai-adai","10":"product_cat-toniki-lv","11":"product_cat-travel-size-lv","12":"pa_suurus-150ml-lv","13":"pa_suurus-30ml-lv","15":"first","16":"instock","17":"taxable","18":"shipping-taxable","19":"purchasable","20":"product-type-variable"},"acf":[],"brands":[{"id":1205,"name":"Medik8","slug":"medik8-lv"}],"_links":{"self":[{"href":"https:\/\/skinstudio.ee\/lv\/wp-json\/wp\/v2\/product\/59326","targetHints":{"allow":["GET"]}}],"collection":[{"href":"https:\/\/skinstudio.ee\/lv\/wp-json\/wp\/v2\/product"}],"about":[{"href":"https:\/\/skinstudio.ee\/lv\/wp-json\/wp\/v2\/types\/product"}],"version-history":[{"count":2,"href":"https:\/\/skinstudio.ee\/lv\/wp-json\/wp\/v2\/product\/59326\/revisions"}],"predecessor-version":[{"id":82299,"href":"https:\/\/skinstudio.ee\/lv\/wp-json\/wp\/v2\/product\/59326\/revisions\/82299"}],"wp:featuredmedia":[{"embeddable":true,"href":"https:\/\/skinstudio.ee\/lv\/wp-json\/wp\/v2\/media\/62820"}],"wp:attachment":[{"href":"https:\/\/skinstudio.ee\/lv\/wp-json\/wp\/v2\/media?parent=59326"}],"wp:term":[{"taxonomy":"pwb-brand","embeddable":true,"href":"https:\/\/skinstudio.ee\/lv\/wp-json\/wp\/v2\/pwb-brand?post=59326"},{"taxonomy":"product_brand","embeddable":true,"href":"https:\/\/skinstudio.ee\/lv\/wp-json\/wp\/v2\/product_brand?post=59326"},{"taxonomy":"product_cat","embeddable":true,"href":"https:\/\/skinstudio.ee\/lv\/wp-json\/wp\/v2\/product_cat?post=59326"},{"taxonomy":"product_tag","embeddable":true,"href":"https:\/\/skinstudio.ee\/lv\/wp-json\/wp\/v2\/product_tag?post=59326"},{"taxonomy":"giftcard-category","embeddable":true,"href":"https:\/\/skinstudio.ee\/lv\/wp-json\/wp\/v2\/giftcard-category?post=59326"}],"curies":[{"name":"wp","href":"https:\/\/api.w.org\/{rel}","templated":true}]}}