{"id":59343,"date":"2023-05-24T17:57:30","date_gmt":"2023-05-24T17:57:30","guid":{"rendered":"https:\/\/skinstudio.ee\/?post_type=product&#038;p=59343"},"modified":"2025-12-29T09:38:57","modified_gmt":"2025-12-29T09:38:57","slug":"oxy-r-peptides","status":"publish","type":"product","link":"https:\/\/skinstudio.ee\/lv\/catalog\/medik8-lv\/oxy-r-peptides\/","title":{"rendered":"Oxy-R Peptides"},"content":{"rendered":"<div class=\"tabs-wrapper\">\n<div class=\"tabs-containers\">\n<div class=\"tabs-containers-item is-active\" data-tab=\"BENEFITS\">\n<p data-start=\"255\" data-end=\"558\">Oxy-R Peptides ir sp\u0113c\u012bgs m\u0113r\u0137tiec\u012bgs serums, kas pal\u012bdz samazin\u0101t hiperpigment\u0101ciju un atjaunot vienm\u0113r\u012bgu, starojo\u0161u \u0101das toni. Formula ar augstu 1% oksiresveratrol koncentr\u0101ciju \u2013 vienu no visefekt\u012bv\u0101kaj\u0101m dabiskaj\u0101m izgaismojo\u0161aj\u0101m sast\u0101vda\u013c\u0101m \u2013 nodro\u0161ina redzamus rezult\u0101tus jau da\u017eu dienu laik\u0101.<\/p>\n<p data-start=\"560\" data-end=\"984\">Sast\u0101v\u0101 eso\u0161ais <strong data-start=\"576\" data-end=\"599\">Oxyresveratrol (1%)<\/strong>, <strong data-start=\"601\" data-end=\"620\">Tetrapeptide-30<\/strong> un <strong data-start=\"624\" data-end=\"654\">Acetyl Glycyl Beta-Alanine<\/strong> darbojas tr\u012bs l\u012bme\u0146os, lai mazin\u0101tu pigment\u0101ciju: samazina tiroz\u012bn\u0101zes aktivit\u0101ti, nov\u0113r\u0161 p\u0101rm\u0113r\u012bgu melan\u012bna veido\u0161anos un blo\u0137\u0113 t\u0101 p\u0101rvieto\u0161anos uz \u0101das virsmu.<br data-start=\"816\" data-end=\"819\" \/><strong data-start=\"819\" data-end=\"838\">Hyaluronic Acid<\/strong> intens\u012bvi mitrina \u0101du, padarot to elast\u012bgu, gludu un komfortablu. Z\u012bdain\u0101, viegl\u0101 tekst\u016bra \u0101tri ies\u016bcas, neatst\u0101jot lip\u012bgu vai taukainu saj\u016btu.<\/p>\n<p data-start=\"986\" data-end=\"1281\">Pat\u0113r\u0113t\u0101ju p\u0113t\u012bjumi apstiprina, ka tum\u0161ie plankumi k\u013c\u016bst redzami gai\u0161\u0101ki jau p\u0113c 4 ned\u0113\u013c\u0101m, un \u0101das tonis k\u013c\u016bst vienm\u0113r\u012bg\u0101ks un starojo\u0161\u0101ks. Formula ide\u0101li papildina jebkuru Medik8 kop\u0161anas rut\u012bnu, kas balst\u012bta uz CSA filozofiju, pastiprinot C un A vitam\u012bnu, k\u0101 ar\u012b saules aizsardz\u012bbas efektu.<\/p>\n<p data-start=\"1283\" data-end=\"1786\"><strong data-start=\"1283\" data-end=\"1307\">Akt\u012bv\u0101s sast\u0101vda\u013cas:<\/strong><br data-start=\"1307\" data-end=\"1310\" \/><strong data-start=\"1310\" data-end=\"1333\">Oxyresveratrol (1%)<\/strong> \u2013 sp\u0113c\u012bgs dab\u012bgs izgaismojo\u0161s savienojums no z\u012bdkoka dzimtas, kas blo\u0137\u0113 tiroz\u012bn\u0101zes aktivit\u0101ti un izl\u012bdzina \u0101das toni.<br data-start=\"1452\" data-end=\"1455\" \/><strong data-start=\"1455\" data-end=\"1474\">Tetrapeptide-30<\/strong> \u2013 pept\u012bds, kas samazina tiroz\u012bn\u0101zes veido\u0161anos un nov\u0113r\u0161 lieka melan\u012bna uzkr\u0101\u0161anos.<br data-start=\"1558\" data-end=\"1561\" \/><strong data-start=\"1561\" data-end=\"1591\">Acetyl Glycyl Beta-Alanine<\/strong> \u2013 pept\u012bds, kas nov\u0113r\u0161 melan\u012bna p\u0101rvieto\u0161anos uz \u0101das virsmu un mazina pigment\u0101cijas redzam\u012bbu.<br data-start=\"1686\" data-end=\"1689\" \/><strong data-start=\"1689\" data-end=\"1708\">Hyaluronic Acid<\/strong> \u2013 piesaista un notur mitrumu, dzi\u013ci mitrinot \u0101du un uzlabojot t\u0101s elast\u012bbu.<\/p>\n<p data-start=\"1788\" data-end=\"1810\"><strong data-start=\"1788\" data-end=\"1800\">Tilpums:<\/strong> 2\u00d710 ml<\/p>\n<\/div>\n<\/div>\n<\/div>\n","protected":false},"excerpt":{"rendered":"<p data-start=\"2392\" data-end=\"2421\">Izgaismojo\u0161s pept\u012bdu serums<\/p>\n<h2 data-start=\"2423\" data-end=\"2648\"><strong data-start=\"2423\" data-end=\"2459\">\u012apa\u0161\u012bbas MEDIK8 &#8211; Oxy-R Peptides<\/strong><\/h2>\n<p data-start=\"2423\" data-end=\"2648\">\u2714\ufe0f Izgaismo un izl\u012bdzina \u0101das toni<br data-start=\"2496\" data-end=\"2499\" \/>\u2714\ufe0f Samazina melan\u012bna aktivit\u0101ti \u0101d\u0101<br data-start=\"2534\" data-end=\"2537\" \/>\u2714\ufe0f Mazina tum\u0161o plankumu redzam\u012bbu<br data-start=\"2571\" data-end=\"2574\" \/>\u2714\ufe0f Mitrina un uzlabo elast\u012bbu<br data-start=\"2603\" data-end=\"2606\" \/>\u2714\ufe0f Atjauno vesel\u012bgu un starojo\u0161u izskatu<\/p>\n","protected":false},"featured_media":62815,"template":"","meta":[],"pwb-brand":[1205],"product_brand":[],"product_cat":[751,723],"product_tag":[],"giftcard-category":[],"class_list":{"0":"post-59343","1":"product","2":"type-product","3":"status-publish","4":"has-post-thumbnail","6":"pwb-brand-medik8-lv","7":"product_cat-pigmentacija-lv","8":"product_cat-serumi","10":"first","11":"instock","12":"taxable","13":"shipping-taxable","14":"purchasable","15":"product-type-simple"},"acf":[],"brands":[{"id":1205,"name":"Medik8","slug":"medik8-lv"}],"_links":{"self":[{"href":"https:\/\/skinstudio.ee\/lv\/wp-json\/wp\/v2\/product\/59343","targetHints":{"allow":["GET"]}}],"collection":[{"href":"https:\/\/skinstudio.ee\/lv\/wp-json\/wp\/v2\/product"}],"about":[{"href":"https:\/\/skinstudio.ee\/lv\/wp-json\/wp\/v2\/types\/product"}],"version-history":[{"count":0,"href":"https:\/\/skinstudio.ee\/lv\/wp-json\/wp\/v2\/product\/59343\/revisions"}],"wp:featuredmedia":[{"embeddable":true,"href":"https:\/\/skinstudio.ee\/lv\/wp-json\/wp\/v2\/media\/62815"}],"wp:attachment":[{"href":"https:\/\/skinstudio.ee\/lv\/wp-json\/wp\/v2\/media?parent=59343"}],"wp:term":[{"taxonomy":"pwb-brand","embeddable":true,"href":"https:\/\/skinstudio.ee\/lv\/wp-json\/wp\/v2\/pwb-brand?post=59343"},{"taxonomy":"product_brand","embeddable":true,"href":"https:\/\/skinstudio.ee\/lv\/wp-json\/wp\/v2\/product_brand?post=59343"},{"taxonomy":"product_cat","embeddable":true,"href":"https:\/\/skinstudio.ee\/lv\/wp-json\/wp\/v2\/product_cat?post=59343"},{"taxonomy":"product_tag","embeddable":true,"href":"https:\/\/skinstudio.ee\/lv\/wp-json\/wp\/v2\/product_tag?post=59343"},{"taxonomy":"giftcard-category","embeddable":true,"href":"https:\/\/skinstudio.ee\/lv\/wp-json\/wp\/v2\/giftcard-category?post=59343"}],"curies":[{"name":"wp","href":"https:\/\/api.w.org\/{rel}","templated":true}]}}