{"id":59357,"date":"2023-05-24T17:57:37","date_gmt":"2023-05-24T17:57:37","guid":{"rendered":"https:\/\/skinstudio.ee\/?post_type=product&#038;p=59357"},"modified":"2025-12-29T09:38:58","modified_gmt":"2025-12-29T09:38:58","slug":"press-glow-refill","status":"publish","type":"product","link":"https:\/\/skinstudio.ee\/lv\/catalog\/medik8-lv\/press-glow-refill\/","title":{"rendered":"Press &amp; Glow Refill"},"content":{"rendered":"<p data-start=\"274\" data-end=\"630\">Press &amp; Glow ir mitrino\u0161s sk\u0101bes toniks, kas maigi eksfoli\u0113 \u0101das virsmu, padarot to glud\u0101ku, starojo\u0161\u0101ku un vienm\u0113r\u012bg\u0101ku ar katru dienu. Formula ar polihidroksisk\u0101bi glikonolaktonu darbojas k\u0101 mitruma magn\u0113ts, nodro\u0161inot dzi\u013cu mitrin\u0101\u0161anu un vieglu atjauno\u0161anos bez kairin\u0101juma. Toniks nesausina, nel\u012bp un nesavelk \u0101du, radot svaiguma un komforta saj\u016btu.<\/p>\n<p data-start=\"632\" data-end=\"963\">Press &amp; Glow apvieno redzamus rezult\u0101tus ar \u012bpa\u0161i maigu eksfoli\u0101ciju, pal\u012bdzot izl\u012bdzin\u0101t \u0101das toni, uzlabot tekst\u016bru un atjaunot dabisko mirdzumu. Opuncijas ziedu ekstrakts stimul\u0113 \u0161\u016bnu atjauno\u0161anos un padara \u0101du glud\u0101ku un vesel\u012bg\u0101ku. Formula lieliski darbojas kop\u0101 ar A vitam\u012bnu, pastiprinot \u0101das starojumu bez jut\u012bguma riska.<\/p>\n<p data-start=\"965\" data-end=\"1023\">Ce\u013c\u0161 uz starojo\u0161u \u0101du v\u0113l nekad nav bijis tik vienk\u0101r\u0161s.<\/p>\n<p data-start=\"1025\" data-end=\"1488\"><strong data-start=\"1025\" data-end=\"1049\">Akt\u012bv\u0101s sast\u0101vda\u013cas:<\/strong><br data-start=\"1049\" data-end=\"1052\" \/><strong data-start=\"1052\" data-end=\"1076\">Glikonolaktons (PHA)<\/strong> \u2013 dzi\u013ci mitrina \u0101du, maigi no\u0101rda atmiru\u0161o \u0161\u016bnu saites, uzlabojot tekst\u016bru, toni un dabisko mirdzumu.<br data-start=\"1178\" data-end=\"1181\" \/><strong data-start=\"1181\" data-end=\"1210\">Opuncijas ziedu ekstrakts<\/strong> \u2013 aktiviz\u0113 \u0101das dabiskos eksfoli\u0101cijas enz\u012bmus un veicina \u0161\u016bnu atjauno\u0161anos.<br data-start=\"1287\" data-end=\"1290\" \/><strong data-start=\"1290\" data-end=\"1304\">A vitam\u012bns<\/strong> \u2013 veicina \u0101das atjauno\u0161anos un kop\u0113jo vesel\u012bgu izskatu.<br data-start=\"1360\" data-end=\"1363\" \/><strong data-start=\"1363\" data-end=\"1398\">Aloe vera un acai ogu ekstrakts<\/strong> \u2013 nomierina, mazina kairin\u0101jumu un intens\u012bvi mitrina \u0101du, nodro\u0161inot ilgsto\u0161u komfortu.<\/p>\n<p data-start=\"1490\" data-end=\"1511\"><strong data-start=\"1490\" data-end=\"1502\">Tilpums:<\/strong> 200 ml<\/p>\n","protected":false},"excerpt":{"rendered":"<div class=\"tabs-wrapper\">\n<div class=\"tabs-containers\">\n<div class=\"tabs-containers-item is-active\" data-tab=\"BENEFITS\">\n<p data-start=\"1877\" data-end=\"1932\">Ikdienas PHA eksfoli\u0113jo\u0161s toniks ar enz\u012bmu aktivatoru<\/p>\n<h2 data-start=\"1934\" data-end=\"2154\"><strong data-start=\"1934\" data-end=\"1975\">\u012apa\u0161\u012bbas MEDIK8 &#8211; Press &amp; Glow Refill<\/strong><\/h2>\n<p data-start=\"1934\" data-end=\"2154\">\u2714\ufe0f Maigi eksfoli\u0113 un atjauno \u0101du<br data-start=\"2010\" data-end=\"2013\" \/>\u2714\ufe0f Izl\u012bdzina toni un uzlabo mirdzumu<br data-start=\"2049\" data-end=\"2052\" \/>\u2714\ufe0f Nodro\u0161ina dabisku starojumu<br data-start=\"2082\" data-end=\"2085\" \/>\u2714\ufe0f Nomierina un intens\u012bvi mitrina<br data-start=\"2118\" data-end=\"2121\" \/>\u2714\ufe0f Piem\u0113rots visiem \u0101das tipiem<\/p>\n<p data-start=\"2156\" data-end=\"2186\">Uzpilde <span style=\"text-decoration: underline; color: #0000ff;\"><a style=\"color: #0000ff; text-decoration: underline;\" href=\"https:\/\/skinstudio.ee\/lv\/toode\/medik8-lv\/press-glow\/\">galvenajam produktam<\/a><\/span><\/p>\n<p data-start=\"4072\" data-end=\"4097\">\n<\/div>\n<\/div>\n<\/div>\n","protected":false},"featured_media":62805,"template":"","meta":[],"pwb-brand":[1205],"product_brand":[],"product_cat":[751,739,747,721],"product_tag":[],"giftcard-category":[],"class_list":{"0":"post-59357","1":"product","2":"type-product","3":"status-publish","4":"has-post-thumbnail","6":"pwb-brand-medik8-lv","7":"product_cat-pigmentacija-lv","8":"product_cat-sausai-adai","9":"product_cat-taukainai-adai","10":"product_cat-toniki-lv","12":"first","13":"instock","14":"taxable","15":"shipping-taxable","16":"purchasable","17":"product-type-simple"},"acf":[],"brands":[{"id":1205,"name":"Medik8","slug":"medik8-lv"}],"_links":{"self":[{"href":"https:\/\/skinstudio.ee\/lv\/wp-json\/wp\/v2\/product\/59357","targetHints":{"allow":["GET"]}}],"collection":[{"href":"https:\/\/skinstudio.ee\/lv\/wp-json\/wp\/v2\/product"}],"about":[{"href":"https:\/\/skinstudio.ee\/lv\/wp-json\/wp\/v2\/types\/product"}],"version-history":[{"count":0,"href":"https:\/\/skinstudio.ee\/lv\/wp-json\/wp\/v2\/product\/59357\/revisions"}],"wp:featuredmedia":[{"embeddable":true,"href":"https:\/\/skinstudio.ee\/lv\/wp-json\/wp\/v2\/media\/62805"}],"wp:attachment":[{"href":"https:\/\/skinstudio.ee\/lv\/wp-json\/wp\/v2\/media?parent=59357"}],"wp:term":[{"taxonomy":"pwb-brand","embeddable":true,"href":"https:\/\/skinstudio.ee\/lv\/wp-json\/wp\/v2\/pwb-brand?post=59357"},{"taxonomy":"product_brand","embeddable":true,"href":"https:\/\/skinstudio.ee\/lv\/wp-json\/wp\/v2\/product_brand?post=59357"},{"taxonomy":"product_cat","embeddable":true,"href":"https:\/\/skinstudio.ee\/lv\/wp-json\/wp\/v2\/product_cat?post=59357"},{"taxonomy":"product_tag","embeddable":true,"href":"https:\/\/skinstudio.ee\/lv\/wp-json\/wp\/v2\/product_tag?post=59357"},{"taxonomy":"giftcard-category","embeddable":true,"href":"https:\/\/skinstudio.ee\/lv\/wp-json\/wp\/v2\/giftcard-category?post=59357"}],"curies":[{"name":"wp","href":"https:\/\/api.w.org\/{rel}","templated":true}]}}