{"id":59455,"date":"2024-01-22T14:53:35","date_gmt":"2024-01-22T14:53:35","guid":{"rendered":"https:\/\/skinstudio.ee\/?post_type=product&#038;p=59455"},"modified":"2025-12-29T09:38:57","modified_gmt":"2025-12-29T09:38:57","slug":"intelligent-retinol-smoothing-night-cream","status":"publish","type":"product","link":"https:\/\/skinstudio.ee\/lv\/catalog\/medik8-lv\/intelligent-retinol-smoothing-night-cream\/","title":{"rendered":"Intelligent Retinol Smoothing Night Cream"},"content":{"rendered":"<p data-start=\"379\" data-end=\"632\">Retinols tiek atz\u012bts par dermatologu un kosmetologu \u201czelta standartu\u201d c\u012b\u0146\u0101 ar noveco\u0161an\u0101s paz\u012bm\u0113m. Ja v\u0113laties efekt\u012bvi uzlabot \u0101das toni un tekst\u016bru, k\u0101 ar\u012b mazin\u0101t noveco\u0161an\u0101s izpausmes, pievienojiet sav\u0101 vakara rut\u012bn\u0101 retinolu saturo\u0161u nakts kr\u0113mu.<\/p>\n<p data-start=\"634\" data-end=\"905\">Night Ritual Vitamin A satur 0,2% retinola &#8211; optim\u0101lu koncentr\u0101ciju tiem, kas tikai s\u0101k izmantot \u0161o sp\u0113c\u012bgo atjaunojo\u0161o sast\u0101vda\u013cu. Kr\u0113ma viegl\u0101 tekst\u016bra \u0101tri ies\u016bcas \u0101d\u0101, nodro\u0161inot akt\u012bvo vielu dzi\u013cu iek\u013c\u016b\u0161anu, stimul\u0113jot \u0161\u016bnu atjauno\u0161anos un uzlabojot \u0101das elast\u012bbu.<\/p>\n<p data-start=\"907\" data-end=\"1110\">\u0160\u012b formula darbojas siner\u0123ij\u0101 ar \u0101das dabisko nakts re\u0123ener\u0101cijas ciklu, atjaunojot \u0101das stingrumu, gludumu un starojumu. Piem\u0113rots visiem \u0101das tipiem, \u012bpa\u0161i ieteicams pirmaj\u0101m fotonoveco\u0161an\u0101s paz\u012bm\u0113m.<\/p>\n<p data-start=\"1112\" data-end=\"1587\"><strong data-start=\"1112\" data-end=\"1136\">Akt\u012bv\u0101s sast\u0101vda\u013cas:<\/strong><br data-start=\"1136\" data-end=\"1139\" \/><strong data-start=\"1139\" data-end=\"1156\">0,2% Retinols<\/strong> \u2013 stimul\u0113 dabiskos \u0101das atjauno\u0161an\u0101s procesus, aktiviz\u0113 kolag\u0113na sint\u0113zi un nodro\u0161ina redzamu atjaunojo\u0161u efektu.<br data-start=\"1270\" data-end=\"1273\" \/><strong data-start=\"1273\" data-end=\"1285\">Argin\u012bns<\/strong> \u2013 b\u016btiska aminosk\u0101be, kas veicina audu dziedin\u0101\u0161anu, uzlabo \u0101das toni un nov\u0113r\u0161 priek\u0161laic\u012bgu noveco\u0161anos.<br data-start=\"1392\" data-end=\"1395\" \/><strong data-start=\"1395\" data-end=\"1416\">Pitajas ekstrakts<\/strong> \u2013 bag\u0101ts ar antioksidantiem, toniz\u0113 un pie\u0161\u0137ir \u0101dai ener\u0123iju.<br data-start=\"1478\" data-end=\"1481\" \/><strong data-start=\"1481\" data-end=\"1495\">E vitam\u012bns<\/strong> \u2013 stiprina antioksidantu aizsardz\u012bbu, pal\u012bdz atjaunot \u0101das \u0161\u016bnas un uzlabo \u0101das tekst\u016bru.<\/p>\n<p data-start=\"1589\" data-end=\"1609\"><strong data-start=\"1589\" data-end=\"1601\">Tilpums:<\/strong> 50 ml<\/p>\n","protected":false},"excerpt":{"rendered":"<p data-start=\"2009\" data-end=\"2046\">Atjaunojo\u0161s nakts kr\u0113ms ar retinolu<\/p>\n<h2 data-start=\"2048\" data-end=\"2311\"><strong data-start=\"2048\" data-end=\"2111\">\u012apa\u0161\u012bbas MEDIK8 &#8211; Intelligent Retinol Smoothing Night Cream<\/strong><\/h2>\n<p data-start=\"2048\" data-end=\"2311\">\u2714\ufe0f Nodro\u0161ina efekt\u012bvu pretnoveco\u0161an\u0101s kop\u0161anu<br data-start=\"2159\" data-end=\"2162\" \/>\u2714\ufe0f Atjauno un re\u0123ener\u0113 \u0101du<br data-start=\"2188\" data-end=\"2191\" \/>\u2714\ufe0f Padara \u0101du stingr\u0101ku un elast\u012bg\u0101ku<br data-start=\"2228\" data-end=\"2231\" \/>\u2714\ufe0f Nov\u0113r\u0161 priek\u0161laic\u012bgas noveco\u0161an\u0101s paz\u012bmes<br data-start=\"2275\" data-end=\"2278\" \/>\u2714\ufe0f Uzlabo \u0101das tekst\u016bru un toni<\/p>\n","protected":false},"featured_media":62785,"template":"","meta":[],"pwb-brand":[1205],"product_brand":[],"product_cat":[727,737,749],"product_tag":[],"giftcard-category":[],"class_list":{"0":"post-59455","1":"product","2":"type-product","3":"status-publish","4":"has-post-thumbnail","6":"pwb-brand-medik8-lv","7":"product_cat-a-vitamins-retinols","8":"product_cat-mitrinasana","9":"product_cat-novecojosa-ada","11":"first","12":"instock","13":"taxable","14":"shipping-taxable","15":"purchasable","16":"product-type-simple"},"acf":[],"brands":[{"id":1205,"name":"Medik8","slug":"medik8-lv"}],"_links":{"self":[{"href":"https:\/\/skinstudio.ee\/lv\/wp-json\/wp\/v2\/product\/59455","targetHints":{"allow":["GET"]}}],"collection":[{"href":"https:\/\/skinstudio.ee\/lv\/wp-json\/wp\/v2\/product"}],"about":[{"href":"https:\/\/skinstudio.ee\/lv\/wp-json\/wp\/v2\/types\/product"}],"version-history":[{"count":0,"href":"https:\/\/skinstudio.ee\/lv\/wp-json\/wp\/v2\/product\/59455\/revisions"}],"wp:featuredmedia":[{"embeddable":true,"href":"https:\/\/skinstudio.ee\/lv\/wp-json\/wp\/v2\/media\/62785"}],"wp:attachment":[{"href":"https:\/\/skinstudio.ee\/lv\/wp-json\/wp\/v2\/media?parent=59455"}],"wp:term":[{"taxonomy":"pwb-brand","embeddable":true,"href":"https:\/\/skinstudio.ee\/lv\/wp-json\/wp\/v2\/pwb-brand?post=59455"},{"taxonomy":"product_brand","embeddable":true,"href":"https:\/\/skinstudio.ee\/lv\/wp-json\/wp\/v2\/product_brand?post=59455"},{"taxonomy":"product_cat","embeddable":true,"href":"https:\/\/skinstudio.ee\/lv\/wp-json\/wp\/v2\/product_cat?post=59455"},{"taxonomy":"product_tag","embeddable":true,"href":"https:\/\/skinstudio.ee\/lv\/wp-json\/wp\/v2\/product_tag?post=59455"},{"taxonomy":"giftcard-category","embeddable":true,"href":"https:\/\/skinstudio.ee\/lv\/wp-json\/wp\/v2\/giftcard-category?post=59455"}],"curies":[{"name":"wp","href":"https:\/\/api.w.org\/{rel}","templated":true}]}}