{"id":59527,"date":"2024-06-03T09:39:22","date_gmt":"2024-06-03T09:39:22","guid":{"rendered":"https:\/\/skinstudio.ee\/?post_type=product&#038;p=59527"},"modified":"2025-12-29T09:56:28","modified_gmt":"2025-12-29T09:56:28","slug":"image-md-restoring-brightening-creme","status":"publish","type":"product","link":"https:\/\/skinstudio.ee\/lv\/catalog\/image-skincare\/image-md-restoring-brightening-creme\/","title":{"rendered":"MD Restoring Brightening Cr\u00e8me"},"content":{"rendered":"<p data-start=\"381\" data-end=\"823\">IMAGE MD Restoring Brightening Cr\u00e8me ir izgaismojo\u0161s un toni izl\u012bdzino\u0161s nakts kr\u0113ms, kas pal\u012bdz atjaunot \u0101das mirdzumu un vienm\u0113r\u012bgumu, padarot \u0101du redzami starojo\u0161\u0101ku jau p\u0113c da\u017e\u0101m lieto\u0161anas reiz\u0113m.<br data-start=\"588\" data-end=\"591\" \/>Bag\u0101tin\u0101ts ar lakricas saknes ekstraktu un stabiliz\u0113tu C vitam\u012bnu, <strong data-start=\"658\" data-end=\"689\">Restoring Brightening Cr\u00e8me<\/strong> pal\u012bdz samazin\u0101t tum\u0161os plankumus, p\u0113caknes r\u0113tas un fotonoveco\u0161an\u0101s paz\u012bmes, pie\u0161\u0137irot \u0101dai gludumu, l\u012bdzsvaru un dabisku sp\u012bdumu.<\/p>\n<p data-start=\"825\" data-end=\"1082\">Pept\u012bdu un augu ekstraktu mais\u012bjums stimul\u0113 \u0161\u016bnu atjauno\u0161anos, uzlabo tekst\u016bru un atjauno \u0101das elast\u012bbu un maigumu. Regul\u0101ri lietojot <strong data-start=\"959\" data-end=\"999\">IMAGE MD Restoring Brightening Cr\u00e8me<\/strong>, \u0101da k\u013c\u016bst t\u012br\u0101ka, tonis \u2014 vienm\u0113r\u012bg\u0101ks, un seja ieg\u016bst vesel\u012bgu, koptu izskatu.<\/p>\n<p data-start=\"1084\" data-end=\"1104\"><strong data-start=\"1084\" data-end=\"1096\">Tilpums:<\/strong> 30 ml<\/p>\n","protected":false},"excerpt":{"rendered":"<p data-start=\"1337\" data-end=\"1363\">Izgaismojo\u0161s nakts kr\u0113ms<\/p>\n<h2 data-start=\"1365\" data-end=\"1640\"><strong data-start=\"1365\" data-end=\"1416\">\u012apa\u0161\u012bbas IMAGE MD Restoring Brightening Cr\u00e8me<\/strong><\/h2>\n<p data-start=\"1365\" data-end=\"1640\">\u2714\ufe0f Izl\u012bdzina \u0101das toni un izgaismo \u0101du<br data-start=\"1457\" data-end=\"1460\" \/>\u2714\ufe0f Samazina tum\u0161os plankumus un p\u0113caknes r\u0113tas<br data-start=\"1506\" data-end=\"1509\" \/>\u2714\ufe0f Aktiviz\u0113 \u0161\u016bnu atjauno\u0161anos ar pept\u012bdiem un ekstraktiem<br data-start=\"1566\" data-end=\"1569\" \/>\u2714\ufe0f M\u012bkstina un uzlabo elast\u012bbu<br data-start=\"1599\" data-end=\"1602\" \/>\u2714\ufe0f Pie\u0161\u0137ir \u0101dai mirdzumu un svaigumu<\/p>\n","protected":false},"featured_media":62207,"template":"","meta":[],"pwb-brand":[1134],"product_brand":[],"product_cat":[737,751],"product_tag":[],"giftcard-category":[],"class_list":{"0":"post-59527","1":"product","2":"type-product","3":"status-publish","4":"has-post-thumbnail","6":"pwb-brand-image-skincare","7":"product_cat-mitrinasana","8":"product_cat-pigmentacija-lv","10":"first","11":"instock","12":"sale","13":"taxable","14":"shipping-taxable","15":"purchasable","16":"product-type-simple"},"acf":[],"brands":[{"id":1134,"name":"Image Skincare","slug":"image-skincare"}],"_links":{"self":[{"href":"https:\/\/skinstudio.ee\/lv\/wp-json\/wp\/v2\/product\/59527","targetHints":{"allow":["GET"]}}],"collection":[{"href":"https:\/\/skinstudio.ee\/lv\/wp-json\/wp\/v2\/product"}],"about":[{"href":"https:\/\/skinstudio.ee\/lv\/wp-json\/wp\/v2\/types\/product"}],"version-history":[{"count":0,"href":"https:\/\/skinstudio.ee\/lv\/wp-json\/wp\/v2\/product\/59527\/revisions"}],"wp:featuredmedia":[{"embeddable":true,"href":"https:\/\/skinstudio.ee\/lv\/wp-json\/wp\/v2\/media\/62207"}],"wp:attachment":[{"href":"https:\/\/skinstudio.ee\/lv\/wp-json\/wp\/v2\/media?parent=59527"}],"wp:term":[{"taxonomy":"pwb-brand","embeddable":true,"href":"https:\/\/skinstudio.ee\/lv\/wp-json\/wp\/v2\/pwb-brand?post=59527"},{"taxonomy":"product_brand","embeddable":true,"href":"https:\/\/skinstudio.ee\/lv\/wp-json\/wp\/v2\/product_brand?post=59527"},{"taxonomy":"product_cat","embeddable":true,"href":"https:\/\/skinstudio.ee\/lv\/wp-json\/wp\/v2\/product_cat?post=59527"},{"taxonomy":"product_tag","embeddable":true,"href":"https:\/\/skinstudio.ee\/lv\/wp-json\/wp\/v2\/product_tag?post=59527"},{"taxonomy":"giftcard-category","embeddable":true,"href":"https:\/\/skinstudio.ee\/lv\/wp-json\/wp\/v2\/giftcard-category?post=59527"}],"curies":[{"name":"wp","href":"https:\/\/api.w.org\/{rel}","templated":true}]}}