{"id":59539,"date":"2024-05-20T11:14:11","date_gmt":"2024-05-20T11:14:11","guid":{"rendered":"https:\/\/skinstudio.ee\/?post_type=product&#038;p=59539"},"modified":"2025-12-29T09:56:30","modified_gmt":"2025-12-29T09:56:30","slug":"vital-c-core-four-trial-kit","status":"publish","type":"product","link":"https:\/\/skinstudio.ee\/lv\/catalog\/image-skincare\/vital-c-core-four-trial-kit\/","title":{"rendered":"Vital C Core Four Trial Kit"},"content":{"rendered":"<p data-start=\"296\" data-end=\"624\"><strong data-start=\"296\" data-end=\"317\">VITAL C Core Four<\/strong> komplekts ir izstr\u0101d\u0101ts ikdienas \u0101das kop\u0161anai, \u0146emot v\u0113r\u0101 visas \u0101das vajadz\u012bbas \u2013 no att\u012br\u012b\u0161anas l\u012bdz nakts kr\u0113mam.<br data-start=\"434\" data-end=\"437\" \/>Ide\u0101li piem\u0113rots tiem, kurus satrauc sausums, aps\u0101rtums, pirm\u0101s grumbi\u0146as, mirdzuma zudums vai nevienm\u0113r\u012bgs \u0101das tonis.<br data-start=\"556\" data-end=\"559\" \/>P\u0101rbaudes komplekts ir paredz\u0113ts apm\u0113ram 7\u201310 dienu lieto\u0161anai.<\/p>\n","protected":false},"excerpt":{"rendered":"<h2><strong data-start=\"1154\" data-end=\"1187\">Komplekt\u0101 iek\u013cautie produkti:<\/strong><\/h2>\n<p>\u2714\ufe0f VITAL C mitrino\u0161s t\u012br\u012b\u0161anas gels<br data-start=\"1229\" data-end=\"1232\" \/>\u2714\ufe0f VITAL C mitrino\u0161s pretgrumbu serums<br data-start=\"1274\" data-end=\"1277\" \/>\u2714\ufe0f VITAL C mitrino\u0161s un atjaunojo\u0161s nakts kr\u0113ms<br data-start=\"1328\" data-end=\"1331\" \/>\u2714\ufe0f DAILY PREVENTION Smartblend dienas kr\u0113ms SPF 50+<\/p>\n","protected":false},"featured_media":62458,"template":"","meta":[],"pwb-brand":[1134],"product_brand":[],"product_cat":[729,764,755,753],"product_tag":[],"giftcard-category":[],"class_list":{"0":"post-59539","1":"product","2":"type-product","3":"status-publish","4":"has-post-thumbnail","6":"pwb-brand-image-skincare","7":"product_cat-c-vitamins","8":"product_cat-davanu-ideja","9":"product_cat-komplekts","10":"product_cat-travel-size-lv","12":"first","13":"instock","14":"taxable","15":"shipping-taxable","16":"purchasable","17":"product-type-simple"},"acf":[],"brands":[{"id":1134,"name":"Image Skincare","slug":"image-skincare"}],"_links":{"self":[{"href":"https:\/\/skinstudio.ee\/lv\/wp-json\/wp\/v2\/product\/59539","targetHints":{"allow":["GET"]}}],"collection":[{"href":"https:\/\/skinstudio.ee\/lv\/wp-json\/wp\/v2\/product"}],"about":[{"href":"https:\/\/skinstudio.ee\/lv\/wp-json\/wp\/v2\/types\/product"}],"version-history":[{"count":0,"href":"https:\/\/skinstudio.ee\/lv\/wp-json\/wp\/v2\/product\/59539\/revisions"}],"wp:featuredmedia":[{"embeddable":true,"href":"https:\/\/skinstudio.ee\/lv\/wp-json\/wp\/v2\/media\/62458"}],"wp:attachment":[{"href":"https:\/\/skinstudio.ee\/lv\/wp-json\/wp\/v2\/media?parent=59539"}],"wp:term":[{"taxonomy":"pwb-brand","embeddable":true,"href":"https:\/\/skinstudio.ee\/lv\/wp-json\/wp\/v2\/pwb-brand?post=59539"},{"taxonomy":"product_brand","embeddable":true,"href":"https:\/\/skinstudio.ee\/lv\/wp-json\/wp\/v2\/product_brand?post=59539"},{"taxonomy":"product_cat","embeddable":true,"href":"https:\/\/skinstudio.ee\/lv\/wp-json\/wp\/v2\/product_cat?post=59539"},{"taxonomy":"product_tag","embeddable":true,"href":"https:\/\/skinstudio.ee\/lv\/wp-json\/wp\/v2\/product_tag?post=59539"},{"taxonomy":"giftcard-category","embeddable":true,"href":"https:\/\/skinstudio.ee\/lv\/wp-json\/wp\/v2\/giftcard-category?post=59539"}],"curies":[{"name":"wp","href":"https:\/\/api.w.org\/{rel}","templated":true}]}}