{"id":59548,"date":"2024-05-20T11:39:38","date_gmt":"2024-05-20T11:39:38","guid":{"rendered":"https:\/\/skinstudio.ee\/?post_type=product&#038;p=59548"},"modified":"2025-12-29T09:56:31","modified_gmt":"2025-12-29T09:56:31","slug":"vital-c-hydrating-intense-moisturizer","status":"publish","type":"product","link":"https:\/\/skinstudio.ee\/lv\/catalog\/image-skincare\/vital-c-hydrating-intense-moisturizer\/","title":{"rendered":"Vital C Hydrating Intense Moisturizer"},"content":{"rendered":"<p data-start=\"315\" data-end=\"802\"><strong data-start=\"315\" data-end=\"356\">Vital C Hydrating Intense Moisturizer<\/strong> ir intens\u012bvi mitrino\u0161s kr\u0113ms ar z\u012bdainu tekst\u016bru, kas acumirkl\u012b pies\u0101tina \u0101du ar mitrumu, padarot to maigu, gludu un komfortablu.<br data-start=\"486\" data-end=\"489\" \/>Bag\u0101tin\u0101ts ar hialuronsk\u0101bi un C vitam\u012bnu, \u0161is kr\u0113ms pal\u012bdz atjaunot \u0101das elast\u012bbu, stiprina aizsargbarjeru un pie\u0161\u0137ir vesel\u012bgu, dabiski starojo\u0161u izskatu.<br data-start=\"644\" data-end=\"647\" \/>T\u0101 bag\u0101t\u012bg\u0101, ta\u010du viegl\u0101 formula dzi\u013ci baro pat saus\u0101ko un jut\u012bg\u0101ko \u0101du, aizsarg\u0101jot to no dehidrat\u0101cijas un apk\u0101rt\u0113j\u0101s vides stresa visas dienas garum\u0101.<\/p>\n<p data-start=\"804\" data-end=\"824\"><strong data-start=\"804\" data-end=\"816\">Tilpums:<\/strong> 50 ml<\/p>\n","protected":false},"excerpt":{"rendered":"<p data-start=\"1034\" data-end=\"1067\">Intens\u012bvi mitrino\u0161s sejas kr\u0113ms<\/p>\n<h2 data-start=\"1069\" data-end=\"1353\"><strong data-start=\"1069\" data-end=\"1136\">\u012apa\u0161\u012bbas IMAGE Skincare &#8211; Vital C Hydrating Intense Moisturizer<\/strong><\/h2>\n<p data-start=\"1069\" data-end=\"1353\">\u2714\ufe0f \u0100tri atjauno sausu un dehidr\u0113tu \u0101du<br data-start=\"1177\" data-end=\"1180\" \/>\u2714\ufe0f Stiprina aizsargbarjeru un saglab\u0101 mitrumu<br data-start=\"1225\" data-end=\"1228\" \/>\u2714\ufe0f Aizsarg\u0101 \u0101du no \u0101r\u0113jiem stresa faktoriem<br data-start=\"1271\" data-end=\"1274\" \/>\u2714\ufe0f Uzlabo elast\u012bbu un tvirtumu<br data-start=\"1304\" data-end=\"1307\" \/>\u2714\ufe0f Pie\u0161\u0137ir \u0101dai maigumu un vesel\u012bgu mirdzumu<\/p>\n","protected":false},"featured_media":62443,"template":"","meta":[],"pwb-brand":[1134],"product_brand":[],"product_cat":[737,749,739],"product_tag":[],"giftcard-category":[],"class_list":{"0":"post-59548","1":"product","2":"type-product","3":"status-publish","4":"has-post-thumbnail","6":"pwb-brand-image-skincare","7":"product_cat-mitrinasana","8":"product_cat-novecojosa-ada","9":"product_cat-sausai-adai","11":"first","12":"instock","13":"sale","14":"taxable","15":"shipping-taxable","16":"purchasable","17":"product-type-simple"},"acf":[],"brands":[{"id":1134,"name":"Image Skincare","slug":"image-skincare"}],"_links":{"self":[{"href":"https:\/\/skinstudio.ee\/lv\/wp-json\/wp\/v2\/product\/59548","targetHints":{"allow":["GET"]}}],"collection":[{"href":"https:\/\/skinstudio.ee\/lv\/wp-json\/wp\/v2\/product"}],"about":[{"href":"https:\/\/skinstudio.ee\/lv\/wp-json\/wp\/v2\/types\/product"}],"version-history":[{"count":0,"href":"https:\/\/skinstudio.ee\/lv\/wp-json\/wp\/v2\/product\/59548\/revisions"}],"wp:featuredmedia":[{"embeddable":true,"href":"https:\/\/skinstudio.ee\/lv\/wp-json\/wp\/v2\/media\/62443"}],"wp:attachment":[{"href":"https:\/\/skinstudio.ee\/lv\/wp-json\/wp\/v2\/media?parent=59548"}],"wp:term":[{"taxonomy":"pwb-brand","embeddable":true,"href":"https:\/\/skinstudio.ee\/lv\/wp-json\/wp\/v2\/pwb-brand?post=59548"},{"taxonomy":"product_brand","embeddable":true,"href":"https:\/\/skinstudio.ee\/lv\/wp-json\/wp\/v2\/product_brand?post=59548"},{"taxonomy":"product_cat","embeddable":true,"href":"https:\/\/skinstudio.ee\/lv\/wp-json\/wp\/v2\/product_cat?post=59548"},{"taxonomy":"product_tag","embeddable":true,"href":"https:\/\/skinstudio.ee\/lv\/wp-json\/wp\/v2\/product_tag?post=59548"},{"taxonomy":"giftcard-category","embeddable":true,"href":"https:\/\/skinstudio.ee\/lv\/wp-json\/wp\/v2\/giftcard-category?post=59548"}],"curies":[{"name":"wp","href":"https:\/\/api.w.org\/{rel}","templated":true}]}}