{"id":59557,"date":"2024-05-20T12:47:12","date_gmt":"2024-05-20T12:47:12","guid":{"rendered":"https:\/\/skinstudio.ee\/?post_type=product&#038;p=59557"},"modified":"2026-02-24T15:20:32","modified_gmt":"2026-02-24T15:20:32","slug":"vital-c-hydrating-anti-aging-serum","status":"publish","type":"product","link":"https:\/\/skinstudio.ee\/lv\/catalog\/image-skincare\/vital-c-hydrating-anti-aging-serum\/","title":{"rendered":"Vital C Hydrating Anti-Aging Serum"},"content":{"rendered":"<p data-start=\"415\" data-end=\"745\">M\u016bsu popul\u0101r\u0101kais <strong data-start=\"433\" data-end=\"471\">Vital C Hydrating Anti-Aging Serum<\/strong> ar svaigu apels\u012bna arom\u0101tu ir piem\u0113rots visiem \u0101das tipiem un acumirkl\u012b pie\u0161\u0137ir \u0101dai ener\u0123iju un svaigumu.<br data-start=\"578\" data-end=\"581\" \/>Viegl\u0101, z\u012bdain\u0101 tekst\u016bra \u0101tri ies\u016bcas, intens\u012bvi mitrina un pal\u012bdz uzlabot \u0101das elast\u012bbu, padarot to gludu, maigu un starojo\u0161u jau p\u0113c pirmaj\u0101m lieto\u0161anas reiz\u0113m.<\/p>\n<p data-start=\"747\" data-end=\"1003\">Seruma koncentr\u0113t\u0101 formula ar augu ekstraktiem, pept\u012bdiem un augu e\u013c\u013c\u0101m stiprina kapil\u0101rus un atjauno \u0101das strukt\u016bru. \u016aden\u012b \u0161\u0137\u012bsto\u0161\u0101 C vitam\u012bna forma uzreiz pie\u0161\u0137ir \u0101dai mirdzumu, pal\u012bdz samazin\u0101t nevienm\u0113r\u012bgu toni, sausumu un pirm\u0101s noveco\u0161an\u0101s paz\u012bmes.<\/p>\n<p data-start=\"1005\" data-end=\"1025\"><strong data-start=\"1005\" data-end=\"1017\">Tilpums:<\/strong> 15 ml \/ 50 ml<\/p>\n","protected":false},"excerpt":{"rendered":"<p data-start=\"1093\" data-end=\"1126\">Mitrino\u0161s un atjaunojo\u0161s serums<\/p>\n<h2 data-start=\"1128\" data-end=\"1408\"><strong data-start=\"1128\" data-end=\"1192\">\u012apa\u0161\u012bbas IMAGE Skincare &#8211; Vital C Hydrating Anti-Aging Serum<\/strong><\/h2>\n<p data-start=\"1128\" data-end=\"1408\">\u2714\ufe0f Pie\u0161\u0137ir \u0101dai mirdzumu un svaigumu<br data-start=\"1231\" data-end=\"1234\" \/>\u2714\ufe0f Pal\u012bdz saglab\u0101t mitrumu ar hialuronsk\u0101bi<br data-start=\"1277\" data-end=\"1280\" \/>\u2714\ufe0f Samazina s\u012bkas grumbi\u0146as un l\u012bnijas<br data-start=\"1318\" data-end=\"1321\" \/>\u2714\ufe0f Uzlabo \u0101das toni un samazina pigment\u0101ciju<br data-start=\"1365\" data-end=\"1368\" \/>\u2714\ufe0f Palielina \u0101das elast\u012bbu un tvirtumu<\/p>\n","protected":false},"featured_media":62448,"template":"","meta":[],"pwb-brand":[1134],"product_brand":[],"product_cat":[729,737,753],"product_tag":[],"giftcard-category":[],"class_list":{"0":"post-59557","1":"product","2":"type-product","3":"status-publish","4":"has-post-thumbnail","6":"pwb-brand-image-skincare","7":"product_cat-c-vitamins","8":"product_cat-mitrinasana","9":"product_cat-travel-size-lv","10":"pa_suurus-15ml-lv","11":"pa_suurus-50ml-lv","13":"first","14":"instock","15":"taxable","16":"shipping-taxable","17":"purchasable","18":"product-type-variable"},"acf":[],"brands":[{"id":1134,"name":"Image Skincare","slug":"image-skincare"}],"_links":{"self":[{"href":"https:\/\/skinstudio.ee\/lv\/wp-json\/wp\/v2\/product\/59557","targetHints":{"allow":["GET"]}}],"collection":[{"href":"https:\/\/skinstudio.ee\/lv\/wp-json\/wp\/v2\/product"}],"about":[{"href":"https:\/\/skinstudio.ee\/lv\/wp-json\/wp\/v2\/types\/product"}],"version-history":[{"count":1,"href":"https:\/\/skinstudio.ee\/lv\/wp-json\/wp\/v2\/product\/59557\/revisions"}],"predecessor-version":[{"id":83419,"href":"https:\/\/skinstudio.ee\/lv\/wp-json\/wp\/v2\/product\/59557\/revisions\/83419"}],"wp:featuredmedia":[{"embeddable":true,"href":"https:\/\/skinstudio.ee\/lv\/wp-json\/wp\/v2\/media\/62448"}],"wp:attachment":[{"href":"https:\/\/skinstudio.ee\/lv\/wp-json\/wp\/v2\/media?parent=59557"}],"wp:term":[{"taxonomy":"pwb-brand","embeddable":true,"href":"https:\/\/skinstudio.ee\/lv\/wp-json\/wp\/v2\/pwb-brand?post=59557"},{"taxonomy":"product_brand","embeddable":true,"href":"https:\/\/skinstudio.ee\/lv\/wp-json\/wp\/v2\/product_brand?post=59557"},{"taxonomy":"product_cat","embeddable":true,"href":"https:\/\/skinstudio.ee\/lv\/wp-json\/wp\/v2\/product_cat?post=59557"},{"taxonomy":"product_tag","embeddable":true,"href":"https:\/\/skinstudio.ee\/lv\/wp-json\/wp\/v2\/product_tag?post=59557"},{"taxonomy":"giftcard-category","embeddable":true,"href":"https:\/\/skinstudio.ee\/lv\/wp-json\/wp\/v2\/giftcard-category?post=59557"}],"curies":[{"name":"wp","href":"https:\/\/api.w.org\/{rel}","templated":true}]}}