{"id":59568,"date":"2024-05-20T13:21:46","date_gmt":"2024-05-20T13:21:46","guid":{"rendered":"https:\/\/skinstudio.ee\/?post_type=product&#038;p=59568"},"modified":"2025-12-29T09:56:30","modified_gmt":"2025-12-29T09:56:30","slug":"vital-c-hydrating-eye-recovery-gel","status":"publish","type":"product","link":"https:\/\/skinstudio.ee\/lv\/catalog\/image-skincare\/vital-c-hydrating-eye-recovery-gel\/","title":{"rendered":"Vital C Hydrating Eye Recovery Gel"},"content":{"rendered":"<p data-start=\"428\" data-end=\"845\"><strong data-start=\"428\" data-end=\"466\">Vital C Hydrating Eye Recovery Gel<\/strong> ir intens\u012bvi mitrino\u0161s un atjaunojo\u0161s acu gels, kas izl\u012bdzina s\u012bk\u0101s grumbi\u0146as, stiprina \u0101du un pie\u0161\u0137ir skatienam svaigumu.<br data-start=\"589\" data-end=\"592\" \/>T\u0101 formula ar pept\u012bdiem, kam piem\u012bt Botox\u00ae l\u012bdz\u012bga iedarb\u012bba, pal\u012bdz mazin\u0101t piet\u016bkumu un tum\u0161os lokus zem ac\u012bm, stiprina kapil\u0101rus un nov\u0113r\u0161 kolag\u0113na no\u0101rd\u012b\u0161anos. V\u0113s\u0101, g\u0113lveida tekst\u016bra acumirkl\u012b uzs\u016bcas, nodro\u0161inot mitrin\u0101\u0161anu un toniz\u0113jo\u0161u efektu.<\/p>\n<p data-start=\"847\" data-end=\"1084\">Bag\u0101tin\u0101ts ar antioksidantiem un C vitam\u012bnu, \u0161is gels baro un aizsarg\u0101 jut\u012bgo \u0101du ap ac\u012bm no apk\u0101rt\u0113j\u0101s vides stresa. Regul\u0101ri lietojot, \u0101da ap ac\u012bm k\u013c\u016bst glud\u0101ka, mitrin\u0101t\u0101ka un mirdzo\u0161a, pie\u0161\u0137irot sejai atp\u016btu\u0161os, jaunekl\u012bgu izskatu.<\/p>\n<p data-start=\"1086\" data-end=\"1106\"><strong data-start=\"1086\" data-end=\"1098\">Tilpums:<\/strong> 15 ml<\/p>\n","protected":false},"excerpt":{"rendered":"<p data-start=\"1300\" data-end=\"1330\">Intens\u012bvi mitrino\u0161s acu gels<\/p>\n<h2 data-start=\"1332\" data-end=\"1602\"><strong data-start=\"1332\" data-end=\"1396\">\u012apa\u0161\u012bbas IMAGE Skincare &#8211; Vital C Hydrating Eye Recovery Gel<\/strong><\/h2>\n<p data-start=\"1332\" data-end=\"1602\">\u2714\ufe0f Acumirkl\u012b atv\u0113sina un atsvaidzina \u0101du ap ac\u012bm<br data-start=\"1447\" data-end=\"1450\" \/>\u2714\ufe0f Samazina piet\u016bkumu un tum\u0161os lokus<br data-start=\"1487\" data-end=\"1490\" \/>\u2714\ufe0f Izl\u012bdzina m\u012bmikas grumbi\u0146as<br data-start=\"1520\" data-end=\"1523\" \/>\u2714\ufe0f Mitrina un stiprina jut\u012bgo \u0101du<br data-start=\"1556\" data-end=\"1559\" \/>\u2714\ufe0f Pie\u0161\u0137ir skatienam mirdzumu un svaigumu<\/p>\n","protected":false},"featured_media":62438,"template":"","meta":[],"pwb-brand":[1134],"product_brand":[],"product_cat":[733],"product_tag":[],"giftcard-category":[],"class_list":{"0":"post-59568","1":"product","2":"type-product","3":"status-publish","4":"has-post-thumbnail","6":"pwb-brand-image-skincare","7":"product_cat-ada-ap-acim","9":"first","10":"instock","11":"taxable","12":"shipping-taxable","13":"purchasable","14":"product-type-simple"},"acf":[],"brands":[{"id":1134,"name":"Image Skincare","slug":"image-skincare"}],"_links":{"self":[{"href":"https:\/\/skinstudio.ee\/lv\/wp-json\/wp\/v2\/product\/59568","targetHints":{"allow":["GET"]}}],"collection":[{"href":"https:\/\/skinstudio.ee\/lv\/wp-json\/wp\/v2\/product"}],"about":[{"href":"https:\/\/skinstudio.ee\/lv\/wp-json\/wp\/v2\/types\/product"}],"version-history":[{"count":0,"href":"https:\/\/skinstudio.ee\/lv\/wp-json\/wp\/v2\/product\/59568\/revisions"}],"wp:featuredmedia":[{"embeddable":true,"href":"https:\/\/skinstudio.ee\/lv\/wp-json\/wp\/v2\/media\/62438"}],"wp:attachment":[{"href":"https:\/\/skinstudio.ee\/lv\/wp-json\/wp\/v2\/media?parent=59568"}],"wp:term":[{"taxonomy":"pwb-brand","embeddable":true,"href":"https:\/\/skinstudio.ee\/lv\/wp-json\/wp\/v2\/pwb-brand?post=59568"},{"taxonomy":"product_brand","embeddable":true,"href":"https:\/\/skinstudio.ee\/lv\/wp-json\/wp\/v2\/product_brand?post=59568"},{"taxonomy":"product_cat","embeddable":true,"href":"https:\/\/skinstudio.ee\/lv\/wp-json\/wp\/v2\/product_cat?post=59568"},{"taxonomy":"product_tag","embeddable":true,"href":"https:\/\/skinstudio.ee\/lv\/wp-json\/wp\/v2\/product_tag?post=59568"},{"taxonomy":"giftcard-category","embeddable":true,"href":"https:\/\/skinstudio.ee\/lv\/wp-json\/wp\/v2\/giftcard-category?post=59568"}],"curies":[{"name":"wp","href":"https:\/\/api.w.org\/{rel}","templated":true}]}}