{"id":59577,"date":"2024-05-20T13:35:58","date_gmt":"2024-05-20T13:35:58","guid":{"rendered":"https:\/\/skinstudio.ee\/?post_type=product&#038;p=59577"},"modified":"2026-03-25T12:11:51","modified_gmt":"2026-03-25T12:11:51","slug":"vital-c-hydrating-facial-cleanser","status":"publish","type":"product","link":"https:\/\/skinstudio.ee\/lv\/catalog\/image-skincare\/vital-c-hydrating-facial-cleanser\/","title":{"rendered":"Vital C Hydrating Facial Cleanser"},"content":{"rendered":"<div class=\"woocommerce-product-details__short-description\">\n<p data-start=\"418\" data-end=\"825\">Kr\u0113mveida, mitrino\u0161ais <strong data-start=\"441\" data-end=\"478\">Vital C Hydrating Facial Cleanser<\/strong> maigi no\u0146em grimu un net\u012brumus, vienlaikus pies\u0101tinot \u0101du ar vitam\u012bniem un antioksidantiem.<br data-start=\"570\" data-end=\"573\" \/>Pateicoties maigajai tekst\u016brai ar apels\u012bnu arom\u0101tu, tas ir piem\u0113rots visiem \u0101das tipiem, tostarp jut\u012bgai un aps\u0101rtumam pak\u013cautai \u0101dai. \u0160is pieni\u0146\u0161 pal\u012bdz atjaunot \u0101das dabisko pH l\u012bdzsvaru un atst\u0101j to maigu, svaigu un mitrin\u0101tu bez velko\u0161as saj\u016btas.<\/p>\n<p data-start=\"827\" data-end=\"1195\">Formula, kas bag\u0101tin\u0101ta ar C, A un E vitam\u012bniem un augu ekstraktiem, stiprina \u0101du, pie\u0161\u0137ir tai vesel\u012bgu mirdzumu un uzlabo tekst\u016bru. <strong data-start=\"960\" data-end=\"997\">Vital C Hydrating Facial Cleanser<\/strong> ir viss kr\u0113m\u012bg\u0101kais t\u012br\u012b\u0161anas l\u012bdzeklis no Vital C l\u012bnijas, un to var izmantot gan ar \u016bdeni, gan bez t\u0101 \u2013 tikai ar vates disku. Regul\u0101ri lietojot, \u0101da k\u013c\u016bst redzami glud\u0101ka, maig\u0101ka un starojo\u0161a.<\/p>\n<p data-start=\"1197\" data-end=\"1218\"><strong data-start=\"1197\" data-end=\"1209\">Tilpums:<\/strong> 50 ml \/ 177 ml<\/p>\n<\/div>\n","protected":false},"excerpt":{"rendered":"<p data-start=\"1519\" data-end=\"1548\">Mitrino\u0161s t\u012br\u012b\u0161anas pieni\u0146\u0161<\/p>\n<h2 data-start=\"1550\" data-end=\"1859\"><strong data-start=\"1550\" data-end=\"1613\">\u012apa\u0161\u012bbas IMAGE Skincare &#8211; Vital C Hydrating Facial Cleanser<\/strong><\/h2>\n<p data-start=\"1550\" data-end=\"1859\">\u2714\ufe0f Maigi att\u012bra \u0101du, padarot to svaigu un gludu<br data-start=\"1663\" data-end=\"1666\" \/>\u2714\ufe0f No\u0146em grimu un net\u012brumus, nesausinot \u0101du<br data-start=\"1709\" data-end=\"1712\" \/>\u2714\ufe0f Nomierina un baro jut\u012bgu, aps\u0101rtumu tend\u0113tu \u0101du<br data-start=\"1762\" data-end=\"1765\" \/>\u2714\ufe0f Atjauno dabisko pH un pie\u0161\u0137ir mirdzumu<br data-start=\"1806\" data-end=\"1809\" \/>\u2714\ufe0f Bag\u0101tina \u0101du ar vitam\u012bniem un antioksidantiem<\/p>\n","protected":false},"featured_media":62453,"template":"","meta":[],"pwb-brand":[1134],"product_brand":[],"product_cat":[715,745,739,753],"product_tag":[],"giftcard-category":[],"class_list":{"0":"post-59577","1":"product","2":"type-product","3":"status-publish","4":"has-post-thumbnail","6":"pwb-brand-image-skincare","7":"product_cat-attirisana","8":"product_cat-jutigai-adai","9":"product_cat-sausai-adai","10":"product_cat-travel-size-lv","11":"pa_suurus-177ml-lv","12":"pa_suurus-50ml-lv","14":"first","15":"instock","16":"taxable","17":"shipping-taxable","18":"purchasable","19":"product-type-variable"},"acf":[],"brands":[{"id":1134,"name":"Image Skincare","slug":"image-skincare"}],"_links":{"self":[{"href":"https:\/\/skinstudio.ee\/lv\/wp-json\/wp\/v2\/product\/59577","targetHints":{"allow":["GET"]}}],"collection":[{"href":"https:\/\/skinstudio.ee\/lv\/wp-json\/wp\/v2\/product"}],"about":[{"href":"https:\/\/skinstudio.ee\/lv\/wp-json\/wp\/v2\/types\/product"}],"version-history":[{"count":1,"href":"https:\/\/skinstudio.ee\/lv\/wp-json\/wp\/v2\/product\/59577\/revisions"}],"predecessor-version":[{"id":88093,"href":"https:\/\/skinstudio.ee\/lv\/wp-json\/wp\/v2\/product\/59577\/revisions\/88093"}],"wp:featuredmedia":[{"embeddable":true,"href":"https:\/\/skinstudio.ee\/lv\/wp-json\/wp\/v2\/media\/62453"}],"wp:attachment":[{"href":"https:\/\/skinstudio.ee\/lv\/wp-json\/wp\/v2\/media?parent=59577"}],"wp:term":[{"taxonomy":"pwb-brand","embeddable":true,"href":"https:\/\/skinstudio.ee\/lv\/wp-json\/wp\/v2\/pwb-brand?post=59577"},{"taxonomy":"product_brand","embeddable":true,"href":"https:\/\/skinstudio.ee\/lv\/wp-json\/wp\/v2\/product_brand?post=59577"},{"taxonomy":"product_cat","embeddable":true,"href":"https:\/\/skinstudio.ee\/lv\/wp-json\/wp\/v2\/product_cat?post=59577"},{"taxonomy":"product_tag","embeddable":true,"href":"https:\/\/skinstudio.ee\/lv\/wp-json\/wp\/v2\/product_tag?post=59577"},{"taxonomy":"giftcard-category","embeddable":true,"href":"https:\/\/skinstudio.ee\/lv\/wp-json\/wp\/v2\/giftcard-category?post=59577"}],"curies":[{"name":"wp","href":"https:\/\/api.w.org\/{rel}","templated":true}]}}